{"id":1151,"date":"2022-06-02T14:59:09","date_gmt":"2022-06-02T12:59:09","guid":{"rendered":"https:\/\/nickswellenfieber.ch\/?page_id=1151"},"modified":"2024-10-23T08:25:10","modified_gmt":"2024-10-23T06:25:10","slug":"sportbootfuehrerschein-see","status":"publish","type":"page","link":"https:\/\/nickswellenfieber.ch\/de\/praxis\/sportbootfuehrerschein-see\/","title":{"rendered":"Sportbootf\u00fchrerschein See (Deutscher K\u00fcstenschein)"},"content":{"rendered":"<section class=\"l-section wpb_row height_small with_img parallax_ver\"><div class=\"l-section-img\" role=\"img\" data-img-width=\"1920\" data-img-height=\"800\" style=\"background-image: url(https:\/\/nickswellenfieber.ch\/wp-content\/uploads\/2019\/04\/segelschule-header.jpg);background-repeat: no-repeat;background-size: contain;\"><\/div><div class=\"l-section-h i-cf\"><div class=\"g-cols vc_row via_grid cols_1 laptops-cols_inherit tablets-cols_inherit mobiles-cols_1 valign_middle type_default stacking_default\"><div class=\"wpb_column vc_column_container us_custom_6df4bc3a has_text_color\"><div class=\"vc_column-inner\"><div class=\"ult-spacer spacer-6a06f19cad935\" data-id=\"6a06f19cad935\" data-height=\"200\" data-height-mobile=\"100\" data-height-tab=\"150\" data-height-tab-portrait=\"150\" data-height-mobile-landscape=\"100\" style=\"clear:both;display:block;\"><\/div><div class=\"wpb_text_column slidertitle\"><div class=\"wpb_wrapper\"><h1>Sportbootf\u00fchrerschein See<\/h1>\n<h4>(Deutscher K\u00fcstenschein)<\/h4>\n<\/div><\/div><div class=\"ult-spacer spacer-6a06f19cadba1\" data-id=\"6a06f19cadba1\" data-height=\"200\" data-height-mobile=\"100\" data-height-tab=\"150\" data-height-tab-portrait=\"150\" data-height-mobile-landscape=\"100\" style=\"clear:both;display:block;\"><\/div><\/div><\/div><\/div><\/div><\/section><section class=\"l-section wpb_row height_large\"><div class=\"l-section-h i-cf\"><div class=\"g-cols vc_row via_grid cols_1 laptops-cols_inherit tablets-cols_inherit mobiles-cols_1 valign_top type_default stacking_default\"><div class=\"wpb_column vc_column_container\"><div class=\"vc_column-inner\"><div class=\"wpb_text_column\"><div class=\"wpb_wrapper\"><p>Sie haben den Gedanken, in den Ferien auf dem Meer ein Motorboot, ein Segelboot zu fahren? &#8211; Dann ist der K\u00fcstenschein der erste Schritt dazu. Den K\u00fcstenschein bzw. Sportbootf\u00fchrerschein See k\u00f6nnen Sie innerhalb weniger Wochen bei uns in der Bootsschule Nickswellenfieber auf dem Bielersee erwerben.<br \/>\nDie Pr\u00fcfung findet an einem Tag statt, mit einem Theorieteil in unseren R\u00e4umlichkeiten und einem praktischen Teil auf dem See.<br \/>\nDer K\u00fcstenschein-See ist f\u00fcr Personen gedacht, die bereits den Motorbootausweis A oder Segelschein D besitzen und nun die ersten Ausfl\u00fcge in K\u00fcstenn\u00e4he (12 Seemeilen = 22,2 km) auf dem Meer in Angriff nehmen m\u00f6chten.<br \/>\nDie Theorie umfasst weniger komplexe Fragen und ist einfacher als beim schweizerischen Hochseeausweis. Die Pr\u00fcfungsexperten kommen vor Ort zu uns in den Barkenhafen, in Nidau.<\/p>\n<h3>Weitere Informationen:<\/h3>\n<p><strong>Ausbildung Sportbootf\u00fchrerschein See<\/strong><\/p>\n<p>Die Pr\u00fcfstelle ist der Pr\u00fcfungsausschuss des DMYV (Deutscher Motorboot Yacht Verband).<\/p>\n<p>Sie lernen die Theoriefragen selbst\u00e4ndig Online, die Unterlagen dazu sind im Preis inbegriffen. Zus\u00e4tzlich werden wir anl\u00e4sslich einer Schulung in unserem Schulungslokal noch offene Fragen zur Theorie beantworten. Auch ein praktischer Teil geh\u00f6rt mit zum Kursprogramm.<\/p>\n<p>Die n\u00e4chste Pr\u00fcfung ist auf Mitte Juli geplant bei gen\u00fcgend Anmeldungen.<\/p>\n<\/div><\/div><\/div><\/div><\/div><\/div><\/section><!-- Row Backgrounds --><div class=\"upb_color\" data-bg-override=\"0\" data-bg-color=\"\" data-fadeout=\"\" data-fadeout-percentage=\"30\" data-parallax-content=\"\" data-parallax-content-sense=\"30\" data-row-effect-mobile-disable=\"true\" data-img-parallax-mobile-disable=\"true\" data-rtl=\"false\"  data-custom-vc-row=\"\"  data-vc=\"8.4.1\"  data-is_old_vc=\"\"  data-theme-support=\"\"   data-overlay=\"false\" data-overlay-color=\"\" data-overlay-pattern=\"\" data-overlay-pattern-opacity=\"\" data-overlay-pattern-size=\"\"    ><\/div><section class=\"l-section wpb_row us_custom_8a0380b4 height_small\"><div class=\"l-section-h i-cf\"><div class=\"g-cols vc_row via_grid cols_1 laptops-cols_inherit tablets-cols_inherit mobiles-cols_1 valign_top type_default stacking_default\"><div class=\"wpb_column vc_column_container us_custom_cf135f04\"><div class=\"vc_column-inner\"><div class=\"wpb_text_column\"><div class=\"wpb_wrapper\"><h3 class=\"knewave-bold\">Fr. 850.00 inkl. Kursunterlagen<\/h3>\n<\/div><\/div><\/div><\/div><\/div><\/div><\/section><section class=\"l-section wpb_row us_custom_08d660e1 height_small\"><div class=\"l-section-h i-cf\"><div class=\"g-cols vc_row via_grid cols_1 laptops-cols_inherit tablets-cols_inherit mobiles-cols_1 valign_top type_default stacking_default\"><div class=\"wpb_column vc_column_container us_custom_e6eea9a6 grow has_text_color has_bg_color has-link\"><div class=\"vc_column-inner\"><div class=\"wpb_text_column us_custom_3bbc2f62\"><div class=\"wpb_wrapper\"><h3 style=\"text-align: center;\">Wenn wir Ihr Interesse geweckt haben, dann setzen Sie sich bitte mit uns in Verbindung!<br \/>\nWir stehen Ihnen gerne f\u00fcr weitere Informationen zur Verf\u00fcgung!<\/h3>\n<\/div><\/div><\/div><a title=\"Kontakt\" href=\"http:\/\/nickswellenfieber.ch\/de\/kontakt\/\" class=\"vc_column-link smooth-scroll\"><\/a><\/div><\/div><\/div><\/section>\n","protected":false},"excerpt":{"rendered":"Sportbootf\u00fchrerschein See (Deutscher K\u00fcstenschein) Sie haben den Gedanken, in den Ferien auf dem Meer ein Motorboot, ein Segelboot zu fahren? &#8211; Dann ist der K\u00fcstenschein der erste Schritt dazu. Den K\u00fcstenschein bzw. Sportbootf\u00fchrerschein See k\u00f6nnen Sie innerhalb weniger Wochen bei uns in der Bootsschule Nickswellenfieber auf dem Bielersee erwerben. Die Pr\u00fcfung findet an einem Tag...","protected":false},"author":1,"featured_media":0,"parent":15,"menu_order":0,"comment_status":"closed","ping_status":"closed","template":"","meta":{"footnotes":""},"class_list":["post-1151","page","type-page","status-publish","hentry"],"yoast_head":"<!-- This site is optimized with the Yoast SEO plugin v24.9 - https:\/\/yoast.com\/wordpress\/plugins\/seo\/ -->\n<title>Sportbootf\u00fchrerschein See (Deutscher K\u00fcstenschein) - Nicks Wellenfieber<\/title>\n<meta name=\"robots\" content=\"index, follow, max-snippet:-1, max-image-preview:large, max-video-preview:-1\" \/>\n<link rel=\"canonical\" href=\"https:\/\/nickswellenfieber.ch\/de\/praxis\/sportbootfuehrerschein-see\/\" \/>\n<meta property=\"og:locale\" content=\"de_DE\" \/>\n<meta property=\"og:type\" content=\"article\" \/>\n<meta property=\"og:title\" content=\"Sportbootf\u00fchrerschein See (Deutscher K\u00fcstenschein) - Nicks Wellenfieber\" \/>\n<meta property=\"og:url\" content=\"https:\/\/nickswellenfieber.ch\/de\/praxis\/sportbootfuehrerschein-see\/\" \/>\n<meta property=\"og:site_name\" content=\"Nicks Wellenfieber\" \/>\n<meta property=\"article:modified_time\" content=\"2024-10-23T06:25:10+00:00\" \/>\n<meta name=\"twitter:card\" content=\"summary_large_image\" \/>\n<meta name=\"twitter:label1\" content=\"Gesch\u00e4tzte Lesezeit\" \/>\n\t<meta name=\"twitter:data1\" content=\"2\u00a0Minuten\" \/>\n<script type=\"application\/ld+json\" class=\"yoast-schema-graph\">{\"@context\":\"https:\/\/schema.org\",\"@graph\":[{\"@type\":\"WebPage\",\"@id\":\"https:\/\/nickswellenfieber.ch\/de\/praxis\/sportbootfuehrerschein-see\/\",\"url\":\"https:\/\/nickswellenfieber.ch\/de\/praxis\/sportbootfuehrerschein-see\/\",\"name\":\"Sportbootf\u00fchrerschein See (Deutscher K\u00fcstenschein) - Nicks Wellenfieber\",\"isPartOf\":{\"@id\":\"https:\/\/nickswellenfieber.ch\/de\/#website\"},\"datePublished\":\"2022-06-02T12:59:09+00:00\",\"dateModified\":\"2024-10-23T06:25:10+00:00\",\"breadcrumb\":{\"@id\":\"https:\/\/nickswellenfieber.ch\/de\/praxis\/sportbootfuehrerschein-see\/#breadcrumb\"},\"inLanguage\":\"de\",\"potentialAction\":[{\"@type\":\"ReadAction\",\"target\":[\"https:\/\/nickswellenfieber.ch\/de\/praxis\/sportbootfuehrerschein-see\/\"]}]},{\"@type\":\"BreadcrumbList\",\"@id\":\"https:\/\/nickswellenfieber.ch\/de\/praxis\/sportbootfuehrerschein-see\/#breadcrumb\",\"itemListElement\":[{\"@type\":\"ListItem\",\"position\":1,\"name\":\"Home\",\"item\":\"https:\/\/nickswellenfieber.ch\/de\/\"},{\"@type\":\"ListItem\",\"position\":2,\"name\":\"Praxis\",\"item\":\"https:\/\/nickswellenfieber.ch\/de\/praxis\/\"},{\"@type\":\"ListItem\",\"position\":3,\"name\":\"Sportbootf\u00fchrerschein See (Deutscher K\u00fcstenschein)\"}]},{\"@type\":\"WebSite\",\"@id\":\"https:\/\/nickswellenfieber.ch\/de\/#website\",\"url\":\"https:\/\/nickswellenfieber.ch\/de\/\",\"name\":\"Nicks Wellenfieber\",\"description\":\"\",\"potentialAction\":[{\"@type\":\"SearchAction\",\"target\":{\"@type\":\"EntryPoint\",\"urlTemplate\":\"https:\/\/nickswellenfieber.ch\/de\/?s={search_term_string}\"},\"query-input\":{\"@type\":\"PropertyValueSpecification\",\"valueRequired\":true,\"valueName\":\"search_term_string\"}}],\"inLanguage\":\"de\"}]}<\/script>\n<!-- \/ Yoast SEO plugin. -->","yoast_head_json":{"title":"Sportbootf\u00fchrerschein See (Deutscher K\u00fcstenschein) - Nicks Wellenfieber","robots":{"index":"index","follow":"follow","max-snippet":"max-snippet:-1","max-image-preview":"max-image-preview:large","max-video-preview":"max-video-preview:-1"},"canonical":"https:\/\/nickswellenfieber.ch\/de\/praxis\/sportbootfuehrerschein-see\/","og_locale":"de_DE","og_type":"article","og_title":"Sportbootf\u00fchrerschein See (Deutscher K\u00fcstenschein) - Nicks Wellenfieber","og_url":"https:\/\/nickswellenfieber.ch\/de\/praxis\/sportbootfuehrerschein-see\/","og_site_name":"Nicks Wellenfieber","article_modified_time":"2024-10-23T06:25:10+00:00","twitter_card":"summary_large_image","twitter_misc":{"Gesch\u00e4tzte Lesezeit":"2\u00a0Minuten"},"schema":{"@context":"https:\/\/schema.org","@graph":[{"@type":"WebPage","@id":"https:\/\/nickswellenfieber.ch\/de\/praxis\/sportbootfuehrerschein-see\/","url":"https:\/\/nickswellenfieber.ch\/de\/praxis\/sportbootfuehrerschein-see\/","name":"Sportbootf\u00fchrerschein See (Deutscher K\u00fcstenschein) - Nicks Wellenfieber","isPartOf":{"@id":"https:\/\/nickswellenfieber.ch\/de\/#website"},"datePublished":"2022-06-02T12:59:09+00:00","dateModified":"2024-10-23T06:25:10+00:00","breadcrumb":{"@id":"https:\/\/nickswellenfieber.ch\/de\/praxis\/sportbootfuehrerschein-see\/#breadcrumb"},"inLanguage":"de","potentialAction":[{"@type":"ReadAction","target":["https:\/\/nickswellenfieber.ch\/de\/praxis\/sportbootfuehrerschein-see\/"]}]},{"@type":"BreadcrumbList","@id":"https:\/\/nickswellenfieber.ch\/de\/praxis\/sportbootfuehrerschein-see\/#breadcrumb","itemListElement":[{"@type":"ListItem","position":1,"name":"Home","item":"https:\/\/nickswellenfieber.ch\/de\/"},{"@type":"ListItem","position":2,"name":"Praxis","item":"https:\/\/nickswellenfieber.ch\/de\/praxis\/"},{"@type":"ListItem","position":3,"name":"Sportbootf\u00fchrerschein See (Deutscher K\u00fcstenschein)"}]},{"@type":"WebSite","@id":"https:\/\/nickswellenfieber.ch\/de\/#website","url":"https:\/\/nickswellenfieber.ch\/de\/","name":"Nicks Wellenfieber","description":"","potentialAction":[{"@type":"SearchAction","target":{"@type":"EntryPoint","urlTemplate":"https:\/\/nickswellenfieber.ch\/de\/?s={search_term_string}"},"query-input":{"@type":"PropertyValueSpecification","valueRequired":true,"valueName":"search_term_string"}}],"inLanguage":"de"}]}},"_links":{"self":[{"href":"https:\/\/nickswellenfieber.ch\/de\/wp-json\/wp\/v2\/pages\/1151","targetHints":{"allow":["GET"]}}],"collection":[{"href":"https:\/\/nickswellenfieber.ch\/de\/wp-json\/wp\/v2\/pages"}],"about":[{"href":"https:\/\/nickswellenfieber.ch\/de\/wp-json\/wp\/v2\/types\/page"}],"author":[{"embeddable":true,"href":"https:\/\/nickswellenfieber.ch\/de\/wp-json\/wp\/v2\/users\/1"}],"replies":[{"embeddable":true,"href":"https:\/\/nickswellenfieber.ch\/de\/wp-json\/wp\/v2\/comments?post=1151"}],"version-history":[{"count":5,"href":"https:\/\/nickswellenfieber.ch\/de\/wp-json\/wp\/v2\/pages\/1151\/revisions"}],"predecessor-version":[{"id":2462,"href":"https:\/\/nickswellenfieber.ch\/de\/wp-json\/wp\/v2\/pages\/1151\/revisions\/2462"}],"up":[{"embeddable":true,"href":"https:\/\/nickswellenfieber.ch\/de\/wp-json\/wp\/v2\/pages\/15"}],"wp:attachment":[{"href":"https:\/\/nickswellenfieber.ch\/de\/wp-json\/wp\/v2\/media?parent=1151"}],"curies":[{"name":"wp","href":"https:\/\/api.w.org\/{rel}","templated":true}]}}