{"id":15,"date":"2019-04-12T13:38:46","date_gmt":"2019-04-12T11:38:46","guid":{"rendered":"https:\/\/nickswellenfieber.ch\/?page_id=15"},"modified":"2023-12-12T09:17:38","modified_gmt":"2023-12-12T08:17:38","slug":"praxis","status":"publish","type":"page","link":"https:\/\/nickswellenfieber.ch\/de\/praxis\/","title":{"rendered":"Praxis"},"content":{"rendered":"<section class=\"l-section wpb_row height_small with_img parallax_ver\"><div class=\"l-section-img\" role=\"img\" data-img-width=\"1920\" data-img-height=\"1280\" style=\"background-image: url(https:\/\/nickswellenfieber.ch\/wp-content\/uploads\/2019\/04\/praxis-jpg.jpg);background-repeat: no-repeat;\"><\/div><div class=\"l-section-h i-cf\"><div class=\"g-cols vc_row via_grid cols_1 laptops-cols_inherit tablets-cols_inherit mobiles-cols_1 valign_middle type_default stacking_default\"><div class=\"wpb_column vc_column_container us_custom_6df4bc3a has_text_color\"><div class=\"vc_column-inner\"><div class=\"ult-spacer spacer-6a04733194497\" data-id=\"6a04733194497\" data-height=\"200\" data-height-mobile=\"100\" data-height-tab=\"150\" data-height-tab-portrait=\"150\" data-height-mobile-landscape=\"100\" style=\"clear:both;display:block;\"><\/div><div class=\"g-cols wpb_row via_grid cols_2 laptops-cols_inherit tablets-cols_inherit mobiles-cols_1 valign_top type_default stacking_default\" style=\"--columns-gap:3rem;\"><div class=\"wpb_column vc_column_container headerblock\"><div class=\"vc_column-inner\"><div class=\"wpb_text_column us_custom_ce8f7e21 slidertitle\"><div class=\"wpb_wrapper\"><h1>Praxis<\/h1>\n<h4>Erlernen Sie das Seemannshandwerk.<\/h4>\n<\/div><\/div><\/div><\/div><div class=\"wpb_column vc_column_container\"><div class=\"vc_column-inner\"><\/div><\/div><\/div><div class=\"ult-spacer spacer-6a04733194966\" data-id=\"6a04733194966\" data-height=\"200\" data-height-mobile=\"100\" data-height-tab=\"150\" data-height-tab-portrait=\"150\" data-height-mobile-landscape=\"100\" style=\"clear:both;display:block;\"><\/div><\/div><\/div><\/div><\/div><\/section><section class=\"l-section wpb_row height_auto width_full\"><div class=\"l-section-h i-cf\"><div class=\"g-cols vc_row via_grid cols_2-3 laptops-cols_inherit tablets-cols_inherit mobiles-cols_1 valign_middle type_default stacking_default\"><div class=\"wpb_column vc_column_container us_custom_0dc6e174 has_bg_color\"><div class=\"vc_column-inner\"><div class=\"ult-spacer spacer-6a04733194c5a\" data-id=\"6a04733194c5a\" data-height=\"600\" data-height-mobile=\"300\" data-height-tab=\"400\" data-height-tab-portrait=\"400\" data-height-mobile-landscape=\"300\" style=\"clear:both;display:block;\"><\/div><\/div><\/div><div class=\"wpb_column vc_column_container us_custom_e68a6a92\"><div class=\"vc_column-inner\"><div class=\"g-cols wpb_row via_grid cols_1-4-1 laptops-cols_inherit tablets-cols_inherit mobiles-cols_1 valign_top type_default stacking_default\" style=\"--columns-gap:3rem;\"><div class=\"wpb_column vc_column_container\"><div class=\"vc_column-inner\"><\/div><\/div><div class=\"wpb_column vc_column_container\"><div class=\"vc_column-inner\"><div class=\"wpb_text_column underlined\"><div class=\"wpb_wrapper\"><h4>Praxis-Kurse<\/h4>\n<h2>SEGELSCHULE<\/h2>\n<p>Mit den zwei neuen J80 Yachten haben wir Segelyachten der Zukunft gew\u00e4hlt. Im grossen \u00fcbersichtlichen Cockpit ist ein optimales Handling gew\u00e4hrleistet. Vom Anlegeman\u00f6ver bis hin zu den seem\u00e4nnischen Knoten bringen wir Ihnen alles bei. Im Einzelunterricht, zu zweit oder zu dritt, in Einzelstunden, Wochen- oder Wochenendkursen erreichen wir zusammen Ihr Ziel.<\/p>\n<\/div><\/div><div class=\"w-btn-wrapper align_none\"><a class=\"w-btn us-btn-style_1 us_custom_83cc8386 gradientbutton\" title=\"Segelschule\" href=\"\/de\/praxis\/segelschule\/\"><span class=\"w-btn-label\">Mehr!<\/span><\/a><\/div><\/div><\/div><div class=\"wpb_column vc_column_container\"><div class=\"vc_column-inner\"><\/div><\/div><\/div><\/div><\/div><\/div><\/div><\/section><!-- Row Backgrounds --><div class=\"upb_color\" data-bg-override=\"0\" data-bg-color=\"\" data-fadeout=\"\" data-fadeout-percentage=\"30\" data-parallax-content=\"\" data-parallax-content-sense=\"30\" data-row-effect-mobile-disable=\"true\" data-img-parallax-mobile-disable=\"true\" data-rtl=\"false\"  data-custom-vc-row=\"\"  data-vc=\"8.4.1\"  data-is_old_vc=\"\"  data-theme-support=\"\"   data-overlay=\"false\" data-overlay-color=\"\" data-overlay-pattern=\"\" data-overlay-pattern-opacity=\"\" data-overlay-pattern-size=\"\"    ><\/div><section class=\"l-section wpb_row height_auto width_full\"><div class=\"l-section-h i-cf\"><div class=\"g-cols vc_row via_grid cols_3-2 laptops-cols_inherit tablets-cols_inherit mobiles-cols_1 valign_middle type_default reversed stacking_default\"><div class=\"wpb_column vc_column_container us_custom_3a923bd6\"><div class=\"vc_column-inner\"><div class=\"g-cols wpb_row via_grid cols_1-4-1 laptops-cols_inherit tablets-cols_inherit mobiles-cols_1 valign_top type_default stacking_default\" style=\"--columns-gap:3rem;\"><div class=\"wpb_column vc_column_container\"><div class=\"vc_column-inner\"><\/div><\/div><div class=\"wpb_column vc_column_container\"><div class=\"vc_column-inner\"><div class=\"wpb_text_column underlined\"><div class=\"wpb_wrapper\"><h4>Praxis-Kurse<\/h4>\n<h2>MOTORBOOTSCHULE<\/h2>\n<p>Unsere Motorbootschule im Barkenhafen Nidau Bielersee, bietet modernen Unterricht auf unserem Finnmaster 6100 MC (150 PS Aussenborder mit elektronischer Schaltung).<\/p>\n<p>Das Boot verf\u00fcgt \u00fcber eine Kabinenheizung, so dass das ganze Jahr Motorbootkurse\/Schule inkl. Motorbootf\u00fchrerpr\u00fcfungen m\u00f6glich sind.<\/p>\n<p>Daher lohnt es sich, die Motorbootschulung\/Pr\u00fcfung auch durch die Wintermonate zu absolvieren, da das Wetter (schw\u00e4chere Winde) und der Bootsverkehr auf dem See vorteilhafter sind.<\/p>\n<\/div><\/div><div class=\"w-btn-wrapper align_none\"><a class=\"w-btn us-btn-style_1 us_custom_83cc8386 gradientbutton\" title=\"Segelschule\" href=\"\/de\/praxis\/motorbootschule\/\"><span class=\"w-btn-label\">Mehr!<\/span><\/a><\/div><\/div><\/div><div class=\"wpb_column vc_column_container\"><div class=\"vc_column-inner\"><\/div><\/div><\/div><\/div><\/div><div class=\"wpb_column vc_column_container us_custom_9d07d8b1 has_bg_color\"><div class=\"vc_column-inner\"><div class=\"ult-spacer spacer-6a047331956b7\" data-id=\"6a047331956b7\" data-height=\"600\" data-height-mobile=\"300\" data-height-tab=\"400\" data-height-tab-portrait=\"400\" data-height-mobile-landscape=\"300\" style=\"clear:both;display:block;\"><\/div><\/div><\/div><\/div><\/div><\/section><!-- Row Backgrounds --><div class=\"upb_color\" data-bg-override=\"0\" data-bg-color=\"#f5f5f5\" data-fadeout=\"\" data-fadeout-percentage=\"30\" data-parallax-content=\"\" data-parallax-content-sense=\"30\" data-row-effect-mobile-disable=\"true\" data-img-parallax-mobile-disable=\"true\" data-rtl=\"false\"  data-custom-vc-row=\"\"  data-vc=\"8.4.1\"  data-is_old_vc=\"\"  data-theme-support=\"\"   data-overlay=\"false\" data-overlay-color=\"\" data-overlay-pattern=\"\" data-overlay-pattern-opacity=\"\" data-overlay-pattern-size=\"\"    ><\/div><section class=\"l-section wpb_row height_auto width_full\"><div class=\"l-section-h i-cf\"><div class=\"g-cols vc_row via_grid cols_2-3 laptops-cols_inherit tablets-cols_inherit mobiles-cols_1 valign_middle type_default stacking_default\"><div class=\"wpb_column vc_column_container us_custom_5fd64baa has_bg_color\"><div class=\"vc_column-inner\"><div class=\"ult-spacer spacer-6a04733195818\" data-id=\"6a04733195818\" data-height=\"600\" data-height-mobile=\"300\" data-height-tab=\"400\" data-height-tab-portrait=\"400\" data-height-mobile-landscape=\"300\" style=\"clear:both;display:block;\"><\/div><\/div><\/div><div class=\"wpb_column vc_column_container us_custom_e68a6a92\"><div class=\"vc_column-inner\"><div class=\"g-cols wpb_row via_grid cols_1-4-1 laptops-cols_inherit tablets-cols_inherit mobiles-cols_1 valign_top type_default stacking_default\" style=\"--columns-gap:3rem;\"><div class=\"wpb_column vc_column_container\"><div class=\"vc_column-inner\"><\/div><\/div><div class=\"wpb_column vc_column_container\"><div class=\"vc_column-inner\"><div class=\"wpb_text_column underlined\"><div class=\"wpb_wrapper\"><h4>Praxis-Kurse<\/h4>\n<h2>HOCHSEE: SEGELJACHT ODER (UND) MOTORJACHT<\/h2>\n<p>F\u00fcr Hochseet\u00f6rns mit der Segeljacht oder Motorjacht k\u00f6nnen wir ihnen die optimalen T\u00f6rns organisieren, um die entsprechenden\/erforderlichen Seemeilen zu absolvieren.<\/p>\n<\/div><\/div><div class=\"w-btn-wrapper align_none\"><a class=\"w-btn us-btn-style_1 us_custom_83cc8386 gradientbutton\" title=\"Segelschule\" href=\"\/de\/praxis\/hochseekurse\/\"><span class=\"w-btn-label\">Mehr!<\/span><\/a><\/div><\/div><\/div><div class=\"wpb_column vc_column_container\"><div class=\"vc_column-inner\"><\/div><\/div><\/div><\/div><\/div><\/div><\/div><\/section><!-- Row Backgrounds --><div class=\"upb_color\" data-bg-override=\"0\" data-bg-color=\"\" data-fadeout=\"\" data-fadeout-percentage=\"30\" data-parallax-content=\"\" data-parallax-content-sense=\"30\" data-row-effect-mobile-disable=\"true\" data-img-parallax-mobile-disable=\"true\" data-rtl=\"false\"  data-custom-vc-row=\"\"  data-vc=\"8.4.1\"  data-is_old_vc=\"\"  data-theme-support=\"\"   data-overlay=\"false\" data-overlay-color=\"\" data-overlay-pattern=\"\" data-overlay-pattern-opacity=\"\" data-overlay-pattern-size=\"\"    ><\/div><section class=\"l-section wpb_row height_auto width_full\"><div class=\"l-section-h i-cf\"><div class=\"g-cols vc_row via_grid cols_3-2 laptops-cols_inherit tablets-cols_inherit mobiles-cols_1 valign_middle type_default reversed stacking_default\"><div class=\"wpb_column vc_column_container us_custom_3a923bd6\"><div class=\"vc_column-inner\"><div class=\"g-cols wpb_row via_grid cols_1-4-1 laptops-cols_inherit tablets-cols_inherit mobiles-cols_1 valign_top type_default stacking_default\" style=\"--columns-gap:3rem;\"><div class=\"wpb_column vc_column_container\"><div class=\"vc_column-inner\"><\/div><\/div><div class=\"wpb_column vc_column_container\"><div class=\"vc_column-inner\"><div class=\"wpb_text_column underlined\"><div class=\"wpb_wrapper\"><h4>Praxis-Kurse<\/h4>\n<h2>REFRESHING-KURSE<\/h2>\n<p>Unser Refreshing-Angebot umfasst nicht nur praktischen Segel- und Motorbootunterricht auf unserer eigenen Flotte, sondern wir begleiten Sie gerne auch auf Ihrem eigenen Boot. Ausserdem bilden wir Sie mit spezifischen Regatta-, Gennaker- und Spinnakerkursen weiter. Zur Erlangung des Hochsee-Scheins vermitteln wir Ihnen s\u00e4mtliche erforderlichen Kenntnisse. Auch erfahrene Bootssportler profitieren von unserem fundierten Know-how.<\/p>\n<\/div><\/div><div class=\"w-btn-wrapper align_none\"><a class=\"w-btn us-btn-style_1 us_custom_83cc8386 gradientbutton\" title=\"Segelschule\" href=\"\/de\/praxis\/refreshingkurse\/\"><span class=\"w-btn-label\">Mehr!<\/span><\/a><\/div><\/div><\/div><div class=\"wpb_column vc_column_container\"><div class=\"vc_column-inner\"><\/div><\/div><\/div><\/div><\/div><div class=\"wpb_column vc_column_container us_custom_712794a1 has_bg_color\"><div class=\"vc_column-inner\"><div class=\"ult-spacer spacer-6a04733196052\" data-id=\"6a04733196052\" data-height=\"600\" data-height-mobile=\"300\" data-height-tab=\"400\" data-height-tab-portrait=\"400\" data-height-mobile-landscape=\"300\" style=\"clear:both;display:block;\"><\/div><\/div><\/div><\/div><\/div><\/section><!-- Row Backgrounds --><div class=\"upb_color\" data-bg-override=\"0\" data-bg-color=\"#f5f5f5\" data-fadeout=\"\" data-fadeout-percentage=\"30\" data-parallax-content=\"\" data-parallax-content-sense=\"30\" data-row-effect-mobile-disable=\"true\" data-img-parallax-mobile-disable=\"true\" data-rtl=\"false\"  data-custom-vc-row=\"\"  data-vc=\"8.4.1\"  data-is_old_vc=\"\"  data-theme-support=\"\"   data-overlay=\"false\" data-overlay-color=\"\" data-overlay-pattern=\"\" data-overlay-pattern-opacity=\"\" data-overlay-pattern-size=\"\"    ><\/div>\n","protected":false},"excerpt":{"rendered":"Praxis Erlernen Sie das Seemannshandwerk. Praxis-Kurse SEGELSCHULE Mit den zwei neuen J80 Yachten haben wir Segelyachten der Zukunft gew\u00e4hlt. Im grossen \u00fcbersichtlichen Cockpit ist ein optimales Handling gew\u00e4hrleistet. Vom Anlegeman\u00f6ver bis hin zu den seem\u00e4nnischen Knoten bringen wir Ihnen alles bei. Im Einzelunterricht, zu zweit oder zu dritt, in Einzelstunden, Wochen- oder Wochenendkursen erreichen wir...","protected":false},"author":1,"featured_media":0,"parent":0,"menu_order":0,"comment_status":"closed","ping_status":"closed","template":"","meta":{"footnotes":""},"class_list":["post-15","page","type-page","status-publish","hentry"],"yoast_head":"<!-- This site is optimized with the Yoast SEO plugin v24.9 - https:\/\/yoast.com\/wordpress\/plugins\/seo\/ -->\n<title>Praxis Ausbildung auf dem Segelschiff und Motorboot<\/title>\n<meta name=\"description\" content=\"Mit Nicks Wellenfieber erleben Sie das Seemannshandwerk auf dem Bielersee. Ob Segelschule oder die Motorbootschule absolvieren, mit uns segeln Sie richtig.\" \/>\n<meta name=\"robots\" content=\"index, follow, max-snippet:-1, max-image-preview:large, max-video-preview:-1\" \/>\n<link rel=\"canonical\" href=\"https:\/\/nickswellenfieber.ch\/de\/praxis\/\" \/>\n<meta property=\"og:locale\" content=\"de_DE\" \/>\n<meta property=\"og:type\" content=\"article\" \/>\n<meta property=\"og:title\" content=\"Praxis Ausbildung auf dem Segelschiff und Motorboot\" \/>\n<meta property=\"og:description\" content=\"Mit Nicks Wellenfieber erleben Sie das Seemannshandwerk auf dem Bielersee. Ob Segelschule oder die Motorbootschule absolvieren, mit uns segeln Sie richtig.\" \/>\n<meta property=\"og:url\" content=\"https:\/\/nickswellenfieber.ch\/de\/praxis\/\" \/>\n<meta property=\"og:site_name\" content=\"Nicks Wellenfieber\" \/>\n<meta property=\"article:modified_time\" content=\"2023-12-12T08:17:38+00:00\" \/>\n<meta name=\"twitter:card\" content=\"summary_large_image\" \/>\n<meta name=\"twitter:label1\" content=\"Gesch\u00e4tzte Lesezeit\" \/>\n\t<meta name=\"twitter:data1\" content=\"2\u00a0Minuten\" \/>\n<script type=\"application\/ld+json\" class=\"yoast-schema-graph\">{\"@context\":\"https:\/\/schema.org\",\"@graph\":[{\"@type\":\"WebPage\",\"@id\":\"https:\/\/nickswellenfieber.ch\/de\/praxis\/\",\"url\":\"https:\/\/nickswellenfieber.ch\/de\/praxis\/\",\"name\":\"Praxis Ausbildung auf dem Segelschiff und Motorboot\",\"isPartOf\":{\"@id\":\"https:\/\/nickswellenfieber.ch\/de\/#website\"},\"datePublished\":\"2019-04-12T11:38:46+00:00\",\"dateModified\":\"2023-12-12T08:17:38+00:00\",\"description\":\"Mit Nicks Wellenfieber erleben Sie das Seemannshandwerk auf dem Bielersee. Ob Segelschule oder die Motorbootschule absolvieren, mit uns segeln Sie richtig.\",\"breadcrumb\":{\"@id\":\"https:\/\/nickswellenfieber.ch\/de\/praxis\/#breadcrumb\"},\"inLanguage\":\"de\",\"potentialAction\":[{\"@type\":\"ReadAction\",\"target\":[\"https:\/\/nickswellenfieber.ch\/de\/praxis\/\"]}]},{\"@type\":\"BreadcrumbList\",\"@id\":\"https:\/\/nickswellenfieber.ch\/de\/praxis\/#breadcrumb\",\"itemListElement\":[{\"@type\":\"ListItem\",\"position\":1,\"name\":\"Home\",\"item\":\"https:\/\/nickswellenfieber.ch\/de\/\"},{\"@type\":\"ListItem\",\"position\":2,\"name\":\"Praxis\"}]},{\"@type\":\"WebSite\",\"@id\":\"https:\/\/nickswellenfieber.ch\/de\/#website\",\"url\":\"https:\/\/nickswellenfieber.ch\/de\/\",\"name\":\"Nicks Wellenfieber\",\"description\":\"\",\"potentialAction\":[{\"@type\":\"SearchAction\",\"target\":{\"@type\":\"EntryPoint\",\"urlTemplate\":\"https:\/\/nickswellenfieber.ch\/de\/?s={search_term_string}\"},\"query-input\":{\"@type\":\"PropertyValueSpecification\",\"valueRequired\":true,\"valueName\":\"search_term_string\"}}],\"inLanguage\":\"de\"}]}<\/script>\n<!-- \/ Yoast SEO plugin. -->","yoast_head_json":{"title":"Praxis Ausbildung auf dem Segelschiff und Motorboot","description":"Mit Nicks Wellenfieber erleben Sie das Seemannshandwerk auf dem Bielersee. Ob Segelschule oder die Motorbootschule absolvieren, mit uns segeln Sie richtig.","robots":{"index":"index","follow":"follow","max-snippet":"max-snippet:-1","max-image-preview":"max-image-preview:large","max-video-preview":"max-video-preview:-1"},"canonical":"https:\/\/nickswellenfieber.ch\/de\/praxis\/","og_locale":"de_DE","og_type":"article","og_title":"Praxis Ausbildung auf dem Segelschiff und Motorboot","og_description":"Mit Nicks Wellenfieber erleben Sie das Seemannshandwerk auf dem Bielersee. Ob Segelschule oder die Motorbootschule absolvieren, mit uns segeln Sie richtig.","og_url":"https:\/\/nickswellenfieber.ch\/de\/praxis\/","og_site_name":"Nicks Wellenfieber","article_modified_time":"2023-12-12T08:17:38+00:00","twitter_card":"summary_large_image","twitter_misc":{"Gesch\u00e4tzte Lesezeit":"2\u00a0Minuten"},"schema":{"@context":"https:\/\/schema.org","@graph":[{"@type":"WebPage","@id":"https:\/\/nickswellenfieber.ch\/de\/praxis\/","url":"https:\/\/nickswellenfieber.ch\/de\/praxis\/","name":"Praxis Ausbildung auf dem Segelschiff und Motorboot","isPartOf":{"@id":"https:\/\/nickswellenfieber.ch\/de\/#website"},"datePublished":"2019-04-12T11:38:46+00:00","dateModified":"2023-12-12T08:17:38+00:00","description":"Mit Nicks Wellenfieber erleben Sie das Seemannshandwerk auf dem Bielersee. Ob Segelschule oder die Motorbootschule absolvieren, mit uns segeln Sie richtig.","breadcrumb":{"@id":"https:\/\/nickswellenfieber.ch\/de\/praxis\/#breadcrumb"},"inLanguage":"de","potentialAction":[{"@type":"ReadAction","target":["https:\/\/nickswellenfieber.ch\/de\/praxis\/"]}]},{"@type":"BreadcrumbList","@id":"https:\/\/nickswellenfieber.ch\/de\/praxis\/#breadcrumb","itemListElement":[{"@type":"ListItem","position":1,"name":"Home","item":"https:\/\/nickswellenfieber.ch\/de\/"},{"@type":"ListItem","position":2,"name":"Praxis"}]},{"@type":"WebSite","@id":"https:\/\/nickswellenfieber.ch\/de\/#website","url":"https:\/\/nickswellenfieber.ch\/de\/","name":"Nicks Wellenfieber","description":"","potentialAction":[{"@type":"SearchAction","target":{"@type":"EntryPoint","urlTemplate":"https:\/\/nickswellenfieber.ch\/de\/?s={search_term_string}"},"query-input":{"@type":"PropertyValueSpecification","valueRequired":true,"valueName":"search_term_string"}}],"inLanguage":"de"}]}},"_links":{"self":[{"href":"https:\/\/nickswellenfieber.ch\/de\/wp-json\/wp\/v2\/pages\/15","targetHints":{"allow":["GET"]}}],"collection":[{"href":"https:\/\/nickswellenfieber.ch\/de\/wp-json\/wp\/v2\/pages"}],"about":[{"href":"https:\/\/nickswellenfieber.ch\/de\/wp-json\/wp\/v2\/types\/page"}],"author":[{"embeddable":true,"href":"https:\/\/nickswellenfieber.ch\/de\/wp-json\/wp\/v2\/users\/1"}],"replies":[{"embeddable":true,"href":"https:\/\/nickswellenfieber.ch\/de\/wp-json\/wp\/v2\/comments?post=15"}],"version-history":[{"count":48,"href":"https:\/\/nickswellenfieber.ch\/de\/wp-json\/wp\/v2\/pages\/15\/revisions"}],"predecessor-version":[{"id":1889,"href":"https:\/\/nickswellenfieber.ch\/de\/wp-json\/wp\/v2\/pages\/15\/revisions\/1889"}],"wp:attachment":[{"href":"https:\/\/nickswellenfieber.ch\/de\/wp-json\/wp\/v2\/media?parent=15"}],"curies":[{"name":"wp","href":"https:\/\/api.w.org\/{rel}","templated":true}]}}