{"id":21,"date":"2019-04-12T13:41:11","date_gmt":"2019-04-12T11:41:11","guid":{"rendered":"https:\/\/nickswellenfieber.ch\/?page_id=21"},"modified":"2025-06-25T08:18:46","modified_gmt":"2025-06-25T06:18:46","slug":"team","status":"publish","type":"page","link":"https:\/\/nickswellenfieber.ch\/de\/team\/","title":{"rendered":"Team"},"content":{"rendered":"<section class=\"l-section wpb_row height_small with_img parallax_ver\"><div class=\"l-section-img\" role=\"img\" data-img-width=\"1920\" data-img-height=\"1280\" style=\"background-image: url(https:\/\/nickswellenfieber.ch\/wp-content\/uploads\/2019\/04\/u-ber-uns-jpg.jpg);background-repeat: no-repeat;\"><\/div><div class=\"l-section-h i-cf\"><div class=\"g-cols vc_row via_grid cols_1 laptops-cols_inherit tablets-cols_inherit mobiles-cols_1 valign_middle type_default stacking_default\"><div class=\"wpb_column vc_column_container us_custom_6df4bc3a has_text_color\"><div class=\"vc_column-inner\"><div class=\"ult-spacer spacer-6a047148930ae\" data-id=\"6a047148930ae\" data-height=\"200\" data-height-mobile=\"100\" data-height-tab=\"150\" data-height-tab-portrait=\"150\" data-height-mobile-landscape=\"100\" style=\"clear:both;display:block;\"><\/div><div class=\"g-cols wpb_row via_grid cols_2 laptops-cols_inherit tablets-cols_inherit mobiles-cols_1 valign_top type_default stacking_default\" style=\"--columns-gap:3rem;\"><div class=\"wpb_column vc_column_container headerblock\"><div class=\"vc_column-inner\"><div class=\"wpb_text_column us_custom_6060ccb6 slidertitle\"><div class=\"wpb_wrapper\"><h1>Unser Team<\/h1>\n<h4>Unser Team ist mit unseren Booten f\u00fcr Sie da&#8230;<br \/>\n<strong>&#8230;und das schon seit 15 Jahren!<\/strong><\/h4>\n<\/div><\/div><\/div><\/div><div class=\"wpb_column vc_column_container\"><div class=\"vc_column-inner\"><\/div><\/div><\/div><div class=\"ult-spacer spacer-6a04714893599\" data-id=\"6a04714893599\" data-height=\"200\" data-height-mobile=\"100\" data-height-tab=\"150\" data-height-tab-portrait=\"150\" data-height-mobile-landscape=\"100\" style=\"clear:both;display:block;\"><\/div><\/div><\/div><\/div><\/div><\/section><section class=\"l-section wpb_row height_medium\"><div class=\"l-section-h i-cf\"><div class=\"g-cols vc_row via_grid cols_1-2 laptops-cols_inherit tablets-cols_inherit mobiles-cols_1 valign_top type_default stacking_default\"><div class=\"wpb_column vc_column_container\"><div class=\"vc_column-inner\"><div class=\"ult-spacer spacer-6a047148939b3\" data-id=\"6a047148939b3\" data-height=\"30\" data-height-mobile=\"30\" data-height-tab=\"30\" data-height-tab-portrait=\"\" data-height-mobile-landscape=\"\" style=\"clear:both;display:block;\"><\/div><div class=\"w-image align_none\"><a target=\"_blank\" href=\"https:\/\/nickswellenfieber.ch\/wp-content\/uploads\/2025\/06\/Fachausweis_Diplom_Motorbootelehrer_2025-06-24_094240.pdf\" aria-label=\"nick-dipolm\" class=\"w-image-h\"><img decoding=\"async\" width=\"670\" height=\"949\" src=\"https:\/\/nickswellenfieber.ch\/wp-content\/uploads\/2025\/06\/nick-dipolm.jpg\" class=\"attachment-large size-large\" alt=\"\" loading=\"lazy\" srcset=\"https:\/\/nickswellenfieber.ch\/wp-content\/uploads\/2025\/06\/nick-dipolm.jpg 670w, https:\/\/nickswellenfieber.ch\/wp-content\/uploads\/2025\/06\/nick-dipolm-212x300.jpg 212w\" sizes=\"auto, (max-width: 670px) 100vw, 670px\" \/><\/a><\/div><div class=\"ult-spacer spacer-6a04714893e9b\" data-id=\"6a04714893e9b\" data-height=\"30\" data-height-mobile=\"30\" data-height-tab=\"30\" data-height-tab-portrait=\"\" data-height-mobile-landscape=\"\" style=\"clear:both;display:block;\"><\/div><div class=\"w-image align_none\"><a target=\"_blank\" href=\"https:\/\/nickswellenfieber.ch\/wp-content\/uploads\/2025\/06\/Fachausweis_Diplom_Segellehrer_2025-06-24_094342.pdf\" aria-label=\"nick-dipolm-segeln\" class=\"w-image-h\"><img decoding=\"async\" width=\"673\" height=\"950\" src=\"https:\/\/nickswellenfieber.ch\/wp-content\/uploads\/2025\/06\/nick-dipolm-segeln.jpg\" class=\"attachment-large size-large\" alt=\"\" loading=\"lazy\" srcset=\"https:\/\/nickswellenfieber.ch\/wp-content\/uploads\/2025\/06\/nick-dipolm-segeln.jpg 673w, https:\/\/nickswellenfieber.ch\/wp-content\/uploads\/2025\/06\/nick-dipolm-segeln-213x300.jpg 213w\" sizes=\"auto, (max-width: 673px) 100vw, 673px\" \/><\/a><\/div><\/div><\/div><div class=\"wpb_column vc_column_container\"><div class=\"vc_column-inner\"><div class=\"wpb_text_column\"><div class=\"wpb_wrapper\"><h2>Nick Benz<\/h2>\n<h4>Inhaber\/Gesch\u00e4ftsf\u00fchrer<\/h4>\n<\/div><\/div><div class=\"w-image align_none\"><div class=\"w-image-h\"><img decoding=\"async\" width=\"1024\" height=\"788\" src=\"https:\/\/nickswellenfieber.ch\/wp-content\/uploads\/2019\/04\/u-ber-uns-nick-benz-jpg-1024x788.jpg\" class=\"attachment-large size-large\" alt=\"\" loading=\"lazy\" srcset=\"https:\/\/nickswellenfieber.ch\/wp-content\/uploads\/2019\/04\/u-ber-uns-nick-benz-jpg-1024x788.jpg 1024w, https:\/\/nickswellenfieber.ch\/wp-content\/uploads\/2019\/04\/u-ber-uns-nick-benz-jpg-300x231.jpg 300w, https:\/\/nickswellenfieber.ch\/wp-content\/uploads\/2019\/04\/u-ber-uns-nick-benz-jpg.jpg 1664w\" sizes=\"auto, (max-width: 1024px) 100vw, 1024px\" \/><\/div><\/div><div class=\"wpb_text_column\"><div class=\"wpb_wrapper\"><p>Nick ist <a href=\"https:\/\/nickswellenfieber.ch\/wp-content\/uploads\/2025\/06\/Fachausweis_Diplom_Segellehrer_2025-06-24_094342.pdf\" target=\"_blank\" rel=\"noopener noreferrer\">eidgen\u00f6ssisch diplomierter Segellehrer VSMS<\/a> sowie <a href=\"https:\/\/nickswellenfieber.ch\/wp-content\/uploads\/2025\/06\/Fachausweis_Diplom_Motorbootelehrer_2025-06-24_094240.pdf\" target=\"_blank\" rel=\"noopener noreferrer\">eidgen\u00f6ssisch diplomierter Motorbootfahrlehrer<\/a>. Seine breite Segelerfahrung sammelte er mit verschiedenen Yachtklassen auf Binnen- und Hochsee-Gew\u00e4ssern.<\/p>\n<p>Nick ist ein erfolgreicher Regattasegler auf verschiedenen Jollen- und Yachtklassen, dem Laser und vor allem dem olympischen Finn Dingi, der K\u00f6nigsklasse der Jollen. Er nahm u.a. an Europa-und Weltmeisterschaften sowie an Hochseeregatten teil.<\/p>\n<p>Nick ist am Bielersee aufgewachsen. Seit seiner Jugend kennt er die Juraseen, die via Zihl- und Broyekanal miteinander verbunden sind, von unz\u00e4hligen Bootstouren und Segelt\u00f6rns.<\/p>\n<p>Nick ist zudem:<\/p>\n<ul>\n<li>Ehemaliges Vorstandsmitglied Yachtclub Bielersee YCB<\/li>\n<li>Mitgr\u00fcnder und Pr\u00e4sident des YCB-Olympiaclubs (Federation von Olympiaprojekten und talentierten Seglern)<\/li>\n<li>Erfolgreiches Management von Olympiaprojekten<\/li>\n<li>Rechte Hand des Leistungssport-Chefs von Swiss Sailing<\/li>\n<li>Vorstandsmitglied der Schweizer Laser Association<\/li>\n<li>Kassier des Verband Schweizerischer Motorboot- und Segelschulen.<\/li>\n<\/ul>\n<p>Regelm\u00e4ssige Hochseet\u00f6rns sorgen nicht nur f\u00fcr die ausgeglichene Work-Life Balance, sie erweitern auch das Fahrtenbuch \u201eErfahrungen\u201c.<\/p>\n<\/div><\/div><\/div><\/div><\/div><\/div><\/section><section class=\"l-section wpb_row height_auto width_full\"><div class=\"l-section-h i-cf\"><div class=\"g-cols vc_row via_grid cols_3-2 laptops-cols_inherit tablets-cols_inherit mobiles-cols_1 valign_middle type_default reversed stacking_default\"><div class=\"wpb_column vc_column_container us_custom_3a923bd6\"><div class=\"vc_column-inner\"><div class=\"g-cols wpb_row via_grid cols_1-4-1 laptops-cols_inherit tablets-cols_inherit mobiles-cols_1 valign_top type_default stacking_default\" style=\"--columns-gap:3rem;\"><div class=\"wpb_column vc_column_container\"><div class=\"vc_column-inner\"><\/div><\/div><div class=\"wpb_column vc_column_container\"><div class=\"vc_column-inner\"><div class=\"wpb_text_column underlined\"><div class=\"wpb_wrapper\"><h4>Unser Schulungsboot<\/h4>\n<h2>Finnmaster 6100 MC<\/h2>\n<p>Das Fahrschulboot Finnmaster 6100 MC wird mit einem 150 PS starken Yamaha Aussenbordmotor angetrieben.<\/p>\n<p>Das Motorboot eignet sich mit einer L\u00e4nge von 6,10 m und einer Breite von 2,30 m ausgezeichnet f\u00fcr die an der Motorbootpr\u00fcfung erforderlichen Man\u00f6ver.<\/p>\n<p>Dank des zus\u00e4tzlichen Kielballastes bleibt das Motorboot kursstabil.<\/p>\n<p>Das Motorboot wiegt ca. 1500 kg und verf\u00fcgt \u00fcber eine elektronische Schaltung, die das Schalten (R\u00fcckw\u00e4rts\/Vorw\u00e4rts) massiv erleichtert.<\/p>\n<p>Motorbootschule und Motorbootf\u00fchrerpr\u00fcfungen k\u00f6nnen Dank der beheizten Kabine auch im Winter durchgef\u00fchrt werden.<\/p>\n<\/div><\/div><div class=\"ult-spacer spacer-6a04714895570\" data-id=\"6a04714895570\" data-height=\"40\" data-height-mobile=\"40\" data-height-tab=\"40\" data-height-tab-portrait=\"\" data-height-mobile-landscape=\"\" style=\"clear:both;display:block;\"><\/div><\/div><\/div><div class=\"wpb_column vc_column_container\"><div class=\"vc_column-inner\"><\/div><\/div><\/div><\/div><\/div><div class=\"wpb_column vc_column_container us_custom_fe1b1e97 has_bg_color\"><div class=\"vc_column-inner\"><div class=\"ult-spacer spacer-6a047148957d1\" data-id=\"6a047148957d1\" data-height=\"600\" data-height-mobile=\"300\" data-height-tab=\"400\" data-height-tab-portrait=\"400\" data-height-mobile-landscape=\"300\" style=\"clear:both;display:block;\"><\/div><\/div><\/div><\/div><\/div><\/section><!-- Row Backgrounds --><div class=\"upb_color\" data-bg-override=\"0\" data-bg-color=\"#f5f5f5\" data-fadeout=\"\" data-fadeout-percentage=\"30\" data-parallax-content=\"\" data-parallax-content-sense=\"30\" data-row-effect-mobile-disable=\"true\" data-img-parallax-mobile-disable=\"true\" data-rtl=\"false\"  data-custom-vc-row=\"\"  data-vc=\"8.4.1\"  data-is_old_vc=\"\"  data-theme-support=\"\"   data-overlay=\"false\" data-overlay-color=\"\" data-overlay-pattern=\"\" data-overlay-pattern-opacity=\"\" data-overlay-pattern-size=\"\"    ><\/div><section class=\"l-section wpb_row height_auto width_full\"><div class=\"l-section-h i-cf\"><div class=\"g-cols vc_row via_grid cols_2-3 laptops-cols_inherit tablets-cols_inherit mobiles-cols_1 valign_middle type_default stacking_default\"><div class=\"wpb_column vc_column_container us_custom_e2aa189c has_bg_color\"><div class=\"vc_column-inner\"><div class=\"ult-spacer spacer-6a04714895b76\" data-id=\"6a04714895b76\" data-height=\"600\" data-height-mobile=\"300\" data-height-tab=\"400\" data-height-tab-portrait=\"400\" data-height-mobile-landscape=\"300\" style=\"clear:both;display:block;\"><\/div><\/div><\/div><div class=\"wpb_column vc_column_container us_custom_e68a6a92\"><div class=\"vc_column-inner\"><div class=\"g-cols wpb_row via_grid cols_1-4-1 laptops-cols_inherit tablets-cols_inherit mobiles-cols_1 valign_top type_default stacking_default\" style=\"--columns-gap:3rem;\"><div class=\"wpb_column vc_column_container\"><div class=\"vc_column-inner\"><\/div><\/div><div class=\"wpb_column vc_column_container\"><div class=\"vc_column-inner\"><div class=\"wpb_text_column underlined\"><div class=\"wpb_wrapper\"><h4>Event Boot\/Hausboot<\/h4>\n<h2>Il Volo<\/h2>\n<p>Das Eventboot \/ Hausboot Il Volo ist das neuste Boot in unserer Flotte.<\/p>\n<p>Es bietet Platz f\u00fcr 12 Personen (inkl. Skipper) und ist ausgestattet mit einer K\u00fcche, Grill, Plancha, 2 Toiletten und einem Sonnendeck \/ Flightbridge sowie 4 SUPS, Beiboot mit Elektromotor und Badeplattform.<\/p>\n<p>Das Eventboot \/ Hausboot eignet sich daher ausgesprochen f\u00fcr Events wie Ap\u00e9ros und aller Art Events.<\/p>\n<\/div><\/div>[vc_raw_html]JTNDdmlkZW8lMjB3aWR0aCUzRCUyMjcyMCUyMiUyMGhlaWdodCUzRCUyMjQ2MCUyMiUyMGNvbnRyb2xzJTNFJTBBJTIwJTIwJTNDc291cmNlJTIwc3JjJTNEJTIyaHR0cHMlM0ElMkYlMkZuaWNrc3dlbGxlbmZpZWJlci5jaCUyRndwLWNvbnRlbnQlMkZ1cGxvYWRzJTJGMjAyNCUyRjEwJTJGZXZlbnRib290Lk1QNCUyMiUyMHR5cGUlM0QlMjJ2aWRlbyUyRm1wNCUyMiUzRSUwQVlvdXIlMjBicm93c2VyJTIwZG9lcyUyMG5vdCUyMHN1cHBvcnQlMjB0aGUlMjB2aWRlbyUyMHRhZy4lMEElM0MlMkZ2aWRlbyUzRQ==[\/vc_raw_html]<\/div><\/div><div class=\"wpb_column vc_column_container\"><div class=\"vc_column-inner\"><\/div><\/div><\/div><\/div><\/div><\/div><\/div><\/section><!-- Row Backgrounds --><div class=\"upb_color\" data-bg-override=\"0\" data-bg-color=\"\" data-fadeout=\"\" data-fadeout-percentage=\"30\" data-parallax-content=\"\" data-parallax-content-sense=\"30\" data-row-effect-mobile-disable=\"true\" data-img-parallax-mobile-disable=\"true\" data-rtl=\"false\"  data-custom-vc-row=\"\"  data-vc=\"8.4.1\"  data-is_old_vc=\"\"  data-theme-support=\"\"   data-overlay=\"false\" data-overlay-color=\"\" data-overlay-pattern=\"\" data-overlay-pattern-opacity=\"\" data-overlay-pattern-size=\"\"    ><\/div><section class=\"l-section wpb_row height_auto width_full\"><div class=\"l-section-h i-cf\"><div class=\"g-cols vc_row via_grid cols_3-2 laptops-cols_inherit tablets-cols_inherit mobiles-cols_1 valign_middle type_default reversed stacking_default\"><div class=\"wpb_column vc_column_container us_custom_3a923bd6\"><div class=\"vc_column-inner\"><div class=\"g-cols wpb_row via_grid cols_1-4-1 laptops-cols_inherit tablets-cols_inherit mobiles-cols_1 valign_top type_default stacking_default\" style=\"--columns-gap:3rem;\"><div class=\"wpb_column vc_column_container\"><div class=\"vc_column-inner\"><\/div><\/div><div class=\"wpb_column vc_column_container\"><div class=\"vc_column-inner\"><div class=\"wpb_text_column underlined\"><div class=\"wpb_wrapper\"><h4>Segeljacht\/Schulboot<\/h4>\n<h2>J80 Tarzan<\/h2>\n<p>Weltweit ist die J80 das erfolgreichste Segel-Schulboot und eine international sehr aktive Regattaklasse.<\/p>\n<p>Die Segeljacht stammt aus Amerika und wird in Lizenz in Frankreich (Les Sable d&#8217;Odonne) gebaut.<\/p>\n<p>Die Segeljacht ist 8 Meter lang, 2,49 Meter breit, mit einem Tiefgang von 1,49 Meter und verf\u00fcgt \u00fcber hervorragende Segeleigenschaften. Schon bei geringem Wind bewegt sich die J80 mit den 34m<sup>2<\/sup> Segelfl\u00e4che und einem Gewicht 1450kg vorw\u00e4rts. Bei starken Winden wirkt sie sehr stabil und kann leicht nur zu zweit gesegelt werden. F\u00fcr Fortgeschrittene (auf Wunsch) kommt der Gennacker mit 62m<sup>2<\/sup> zum Einsatz.<\/p>\n<p>Das Segelboot ist sehr schnell und wendig, \u00e4hnlich einer Jolle. Das grosse Cockpit, die Rollfock und die Anordnung der Beschl\u00e4ge erm\u00f6glichen ein einfaches Handling. F\u00fcr die Ausbildung bis zu 5 Personen (inkl. Skipper) stehen uns zwei, f\u00fcr Segelevents drei baugleiche Segeljachten\/J80 zur Verf\u00fcgung.<\/p>\n<p>Dank neuster Elektronik k\u00f6nnen zudem zentral und laufend alle Parameter \u00fcberpr\u00fcft werden.<\/p>\n<\/div><\/div><div class=\"ult-spacer spacer-6a047148967d4\" data-id=\"6a047148967d4\" data-height=\"40\" data-height-mobile=\"40\" data-height-tab=\"40\" data-height-tab-portrait=\"\" data-height-mobile-landscape=\"\" style=\"clear:both;display:block;\"><\/div><\/div><\/div><div class=\"wpb_column vc_column_container\"><div class=\"vc_column-inner\"><\/div><\/div><\/div><\/div><\/div><div class=\"wpb_column vc_column_container us_custom_54d89531 has_bg_color\"><div class=\"vc_column-inner\"><div class=\"ult-spacer spacer-6a047148969ab\" data-id=\"6a047148969ab\" data-height=\"600\" data-height-mobile=\"300\" data-height-tab=\"400\" data-height-tab-portrait=\"400\" data-height-mobile-landscape=\"300\" style=\"clear:both;display:block;\"><\/div><\/div><\/div><\/div><\/div><\/section><!-- Row Backgrounds --><div class=\"upb_color\" data-bg-override=\"0\" data-bg-color=\"#f5f5f5\" data-fadeout=\"\" data-fadeout-percentage=\"30\" data-parallax-content=\"\" data-parallax-content-sense=\"30\" data-row-effect-mobile-disable=\"true\" data-img-parallax-mobile-disable=\"true\" data-rtl=\"false\"  data-custom-vc-row=\"\"  data-vc=\"8.4.1\"  data-is_old_vc=\"\"  data-theme-support=\"\"   data-overlay=\"false\" data-overlay-color=\"\" data-overlay-pattern=\"\" data-overlay-pattern-opacity=\"\" data-overlay-pattern-size=\"\"    ><\/div>\n","protected":false},"excerpt":{"rendered":"Unser Team Unser Team ist mit unseren Booten f\u00fcr Sie da&#8230; &#8230;und das schon seit 15 Jahren! Nick Benz Inhaber\/Gesch\u00e4ftsf\u00fchrer Nick ist eidgen\u00f6ssisch diplomierter Segellehrer VSMS sowie eidgen\u00f6ssisch diplomierter Motorbootfahrlehrer. Seine breite Segelerfahrung sammelte er mit verschiedenen Yachtklassen auf Binnen- und Hochsee-Gew\u00e4ssern. Nick ist ein erfolgreicher Regattasegler auf verschiedenen Jollen- und Yachtklassen, dem Laser und...","protected":false},"author":1,"featured_media":0,"parent":0,"menu_order":0,"comment_status":"closed","ping_status":"closed","template":"","meta":{"footnotes":""},"class_list":["post-21","page","type-page","status-publish","hentry"],"yoast_head":"<!-- This site is optimized with the Yoast SEO plugin v24.9 - https:\/\/yoast.com\/wordpress\/plugins\/seo\/ -->\n<title>Team - Nicks Wellenfieber<\/title>\n<meta name=\"robots\" content=\"index, follow, max-snippet:-1, max-image-preview:large, max-video-preview:-1\" \/>\n<link rel=\"canonical\" href=\"https:\/\/nickswellenfieber.ch\/de\/team\/\" \/>\n<meta property=\"og:locale\" content=\"de_DE\" \/>\n<meta property=\"og:type\" content=\"article\" \/>\n<meta property=\"og:title\" content=\"Team - Nicks Wellenfieber\" \/>\n<meta property=\"og:url\" content=\"https:\/\/nickswellenfieber.ch\/de\/team\/\" \/>\n<meta property=\"og:site_name\" content=\"Nicks Wellenfieber\" \/>\n<meta property=\"article:modified_time\" content=\"2025-06-25T06:18:46+00:00\" \/>\n<meta name=\"twitter:card\" content=\"summary_large_image\" \/>\n<meta name=\"twitter:label1\" content=\"Gesch\u00e4tzte Lesezeit\" \/>\n\t<meta name=\"twitter:data1\" content=\"3\u00a0Minuten\" \/>\n<script type=\"application\/ld+json\" class=\"yoast-schema-graph\">{\"@context\":\"https:\/\/schema.org\",\"@graph\":[{\"@type\":\"WebPage\",\"@id\":\"https:\/\/nickswellenfieber.ch\/de\/team\/\",\"url\":\"https:\/\/nickswellenfieber.ch\/de\/team\/\",\"name\":\"Team - Nicks Wellenfieber\",\"isPartOf\":{\"@id\":\"https:\/\/nickswellenfieber.ch\/de\/#website\"},\"datePublished\":\"2019-04-12T11:41:11+00:00\",\"dateModified\":\"2025-06-25T06:18:46+00:00\",\"breadcrumb\":{\"@id\":\"https:\/\/nickswellenfieber.ch\/de\/team\/#breadcrumb\"},\"inLanguage\":\"de\",\"potentialAction\":[{\"@type\":\"ReadAction\",\"target\":[\"https:\/\/nickswellenfieber.ch\/de\/team\/\"]}]},{\"@type\":\"BreadcrumbList\",\"@id\":\"https:\/\/nickswellenfieber.ch\/de\/team\/#breadcrumb\",\"itemListElement\":[{\"@type\":\"ListItem\",\"position\":1,\"name\":\"Home\",\"item\":\"https:\/\/nickswellenfieber.ch\/de\/\"},{\"@type\":\"ListItem\",\"position\":2,\"name\":\"Team\"}]},{\"@type\":\"WebSite\",\"@id\":\"https:\/\/nickswellenfieber.ch\/de\/#website\",\"url\":\"https:\/\/nickswellenfieber.ch\/de\/\",\"name\":\"Nicks Wellenfieber\",\"description\":\"\",\"potentialAction\":[{\"@type\":\"SearchAction\",\"target\":{\"@type\":\"EntryPoint\",\"urlTemplate\":\"https:\/\/nickswellenfieber.ch\/de\/?s={search_term_string}\"},\"query-input\":{\"@type\":\"PropertyValueSpecification\",\"valueRequired\":true,\"valueName\":\"search_term_string\"}}],\"inLanguage\":\"de\"}]}<\/script>\n<!-- \/ Yoast SEO plugin. -->","yoast_head_json":{"title":"Team - Nicks Wellenfieber","robots":{"index":"index","follow":"follow","max-snippet":"max-snippet:-1","max-image-preview":"max-image-preview:large","max-video-preview":"max-video-preview:-1"},"canonical":"https:\/\/nickswellenfieber.ch\/de\/team\/","og_locale":"de_DE","og_type":"article","og_title":"Team - Nicks Wellenfieber","og_url":"https:\/\/nickswellenfieber.ch\/de\/team\/","og_site_name":"Nicks Wellenfieber","article_modified_time":"2025-06-25T06:18:46+00:00","twitter_card":"summary_large_image","twitter_misc":{"Gesch\u00e4tzte Lesezeit":"3\u00a0Minuten"},"schema":{"@context":"https:\/\/schema.org","@graph":[{"@type":"WebPage","@id":"https:\/\/nickswellenfieber.ch\/de\/team\/","url":"https:\/\/nickswellenfieber.ch\/de\/team\/","name":"Team - Nicks Wellenfieber","isPartOf":{"@id":"https:\/\/nickswellenfieber.ch\/de\/#website"},"datePublished":"2019-04-12T11:41:11+00:00","dateModified":"2025-06-25T06:18:46+00:00","breadcrumb":{"@id":"https:\/\/nickswellenfieber.ch\/de\/team\/#breadcrumb"},"inLanguage":"de","potentialAction":[{"@type":"ReadAction","target":["https:\/\/nickswellenfieber.ch\/de\/team\/"]}]},{"@type":"BreadcrumbList","@id":"https:\/\/nickswellenfieber.ch\/de\/team\/#breadcrumb","itemListElement":[{"@type":"ListItem","position":1,"name":"Home","item":"https:\/\/nickswellenfieber.ch\/de\/"},{"@type":"ListItem","position":2,"name":"Team"}]},{"@type":"WebSite","@id":"https:\/\/nickswellenfieber.ch\/de\/#website","url":"https:\/\/nickswellenfieber.ch\/de\/","name":"Nicks Wellenfieber","description":"","potentialAction":[{"@type":"SearchAction","target":{"@type":"EntryPoint","urlTemplate":"https:\/\/nickswellenfieber.ch\/de\/?s={search_term_string}"},"query-input":{"@type":"PropertyValueSpecification","valueRequired":true,"valueName":"search_term_string"}}],"inLanguage":"de"}]}},"_links":{"self":[{"href":"https:\/\/nickswellenfieber.ch\/de\/wp-json\/wp\/v2\/pages\/21","targetHints":{"allow":["GET"]}}],"collection":[{"href":"https:\/\/nickswellenfieber.ch\/de\/wp-json\/wp\/v2\/pages"}],"about":[{"href":"https:\/\/nickswellenfieber.ch\/de\/wp-json\/wp\/v2\/types\/page"}],"author":[{"embeddable":true,"href":"https:\/\/nickswellenfieber.ch\/de\/wp-json\/wp\/v2\/users\/1"}],"replies":[{"embeddable":true,"href":"https:\/\/nickswellenfieber.ch\/de\/wp-json\/wp\/v2\/comments?post=21"}],"version-history":[{"count":25,"href":"https:\/\/nickswellenfieber.ch\/de\/wp-json\/wp\/v2\/pages\/21\/revisions"}],"predecessor-version":[{"id":5729,"href":"https:\/\/nickswellenfieber.ch\/de\/wp-json\/wp\/v2\/pages\/21\/revisions\/5729"}],"wp:attachment":[{"href":"https:\/\/nickswellenfieber.ch\/de\/wp-json\/wp\/v2\/media?parent=21"}],"curies":[{"name":"wp","href":"https:\/\/api.w.org\/{rel}","templated":true}]}}