{"id":25,"date":"2019-04-12T13:41:37","date_gmt":"2019-04-12T11:41:37","guid":{"rendered":"https:\/\/nickswellenfieber.ch\/?page_id=25"},"modified":"2023-12-12T08:42:40","modified_gmt":"2023-12-12T07:42:40","slug":"segelschule","status":"publish","type":"page","link":"https:\/\/nickswellenfieber.ch\/de\/praxis\/segelschule\/","title":{"rendered":"Segelschule"},"content":{"rendered":"<section class=\"l-section wpb_row height_small with_img parallax_ver\"><div class=\"l-section-img\" role=\"img\" data-img-width=\"1920\" data-img-height=\"800\" style=\"background-image: url(https:\/\/nickswellenfieber.ch\/wp-content\/uploads\/2019\/04\/segelschule-header.jpg);background-repeat: no-repeat;\"><\/div><div class=\"l-section-h i-cf\"><div class=\"g-cols vc_row via_grid cols_1 laptops-cols_inherit tablets-cols_inherit mobiles-cols_1 valign_middle type_default stacking_default\"><div class=\"wpb_column vc_column_container us_custom_6df4bc3a has_text_color\"><div class=\"vc_column-inner\"><div class=\"ult-spacer spacer-6a06f11263838\" data-id=\"6a06f11263838\" data-height=\"200\" data-height-mobile=\"100\" data-height-tab=\"150\" data-height-tab-portrait=\"150\" data-height-mobile-landscape=\"100\" style=\"clear:both;display:block;\"><\/div><div class=\"g-cols wpb_row via_grid cols_2 laptops-cols_inherit tablets-cols_inherit mobiles-cols_1 valign_top type_default stacking_default\" style=\"--columns-gap:3rem;\"><div class=\"wpb_column vc_column_container headerblock\"><div class=\"vc_column-inner\"><div class=\"wpb_text_column us_custom_ce8f7e21 slidertitle\"><div class=\"wpb_wrapper\"><h1>Segelschule<\/h1>\n<h4>Mit der Kraft des Windes treiben.<\/h4>\n<\/div><\/div><\/div><\/div><div class=\"wpb_column vc_column_container\"><div class=\"vc_column-inner\"><\/div><\/div><\/div><div class=\"ult-spacer spacer-6a06f11263c4c\" data-id=\"6a06f11263c4c\" data-height=\"200\" data-height-mobile=\"100\" data-height-tab=\"150\" data-height-tab-portrait=\"150\" data-height-mobile-landscape=\"100\" style=\"clear:both;display:block;\"><\/div><\/div><\/div><\/div><\/div><\/section><section class=\"l-section wpb_row height_large\"><div class=\"l-section-h i-cf\"><div class=\"g-cols vc_row via_grid cols_1 laptops-cols_inherit tablets-cols_inherit mobiles-cols_1 valign_top type_default stacking_default\"><div class=\"wpb_column vc_column_container\"><div class=\"vc_column-inner\"><div class=\"wpb_text_column\"><div class=\"wpb_wrapper\"><h2 style=\"text-align: center;\">AUSBILDUNG AUF VERSCHIEDENEN BOOTSKLASSEN<\/h2>\n<p style=\"text-align: center;\">UNSERE KURSE FINDEN GRUNDS\u00c4TZLICH NUR BEI GUTEN WINDVERH\u00c4LTNISSEN STATT.<\/p>\n<\/div><\/div><\/div><\/div><\/div><\/div><\/section><!-- Row Backgrounds --><div class=\"upb_color\" data-bg-override=\"0\" data-bg-color=\"\" data-fadeout=\"\" data-fadeout-percentage=\"30\" data-parallax-content=\"\" data-parallax-content-sense=\"30\" data-row-effect-mobile-disable=\"true\" data-img-parallax-mobile-disable=\"true\" data-rtl=\"false\"  data-custom-vc-row=\"\"  data-vc=\"8.4.1\"  data-is_old_vc=\"\"  data-theme-support=\"\"   data-overlay=\"false\" data-overlay-color=\"\" data-overlay-pattern=\"\" data-overlay-pattern-opacity=\"\" data-overlay-pattern-size=\"\"    ><\/div><section class=\"l-section wpb_row height_small\"><div class=\"l-section-h i-cf\"><div class=\"g-cols vc_row via_grid cols_3 laptops-cols_inherit tablets-cols_inherit mobiles-cols_1 valign_top type_default stacking_default\"><div class=\"wpb_column vc_column_container\"><div class=\"vc_column-inner\"><div class=\"wpb_text_column us_custom_3165c112\"><div class=\"wpb_wrapper\"><h3>D-Schein<\/h3>\n<\/div><\/div><div class=\"ult-spacer spacer-6a06f1126498f\" data-id=\"6a06f1126498f\" data-height=\"30\" data-height-mobile=\"30\" data-height-tab=\"30\" data-height-tab-portrait=\"\" data-height-mobile-landscape=\"\" style=\"clear:both;display:block;\"><\/div><div class=\"wpb_text_column\"><div class=\"wpb_wrapper\"><p>Mit dem Einsatz der zwei neuen J80 Yachten haben wir eine Segelyacht der Zukunft gew\u00e4hlt. Im grossen und \u00fcbersichtlichen Cockpit ist ein optimales Handling gew\u00e4hrleistet. Vom Anlegeman\u00f6ver bis hin zu den seem\u00e4nnischen Knoten bringen wir Ihnen alles bei. Im Einzelunterricht, zu zweit oder zu dritt, in Einzelstunden, Wochen- oder Wochenendkursen erreichen wir zusammen Ihr Ziel.<\/p>\n<\/div><\/div><\/div><\/div><div class=\"wpb_column vc_column_container\"><div class=\"vc_column-inner\"><div class=\"wpb_text_column us_custom_3165c112\"><div class=\"wpb_wrapper\"><h3>Gennaker \u2013 Spinnaker<\/h3>\n<\/div><\/div><div class=\"ult-spacer spacer-6a06f11264d37\" data-id=\"6a06f11264d37\" data-height=\"30\" data-height-mobile=\"30\" data-height-tab=\"30\" data-height-tab-portrait=\"\" data-height-mobile-landscape=\"\" style=\"clear:both;display:block;\"><\/div><div class=\"wpb_text_column\"><div class=\"wpb_wrapper\"><p>In den Gennaker- und Spinnakerkursen lernen Sie, wie das Vorsegel klariert und \u2013 inklusive des Gennakerbaumes \u2013 gesetzt wird und wie die Fock geborgen wird. Selbstverst\u00e4ndlich fahren wir die verschiedenen Kurse mit Gennaker resp. Spinnaker und f\u00fchren das Halsen und Bergen des Segels auf verschiedene Arten durch. Als Kursteilnehmer werden Sie w\u00e4hrend des Lehrganges an allen Positionen eingesetzt, Sie steuern das Boot, f\u00fchren und setzen den Gennaker und den Gennakerbaum und bergen die Segel.<\/p>\n<\/div><\/div><\/div><\/div><div class=\"wpb_column vc_column_container\"><div class=\"vc_column-inner\"><div class=\"wpb_text_column us_custom_3165c112\"><div class=\"wpb_wrapper\"><h3>Regattatraining<\/h3>\n<\/div><\/div><div class=\"ult-spacer spacer-6a06f1126508c\" data-id=\"6a06f1126508c\" data-height=\"30\" data-height-mobile=\"30\" data-height-tab=\"30\" data-height-tab-portrait=\"\" data-height-mobile-landscape=\"\" style=\"clear:both;display:block;\"><\/div><div class=\"wpb_text_column\"><div class=\"wpb_wrapper\"><p>Das Regattatraining wird auf mindestens zwei Booten (J80) durchgef\u00fchrt. Wir begleiten Sie auf dem Boot und mit einem Coachboot. Wir setzen auch die erforderlichen (mindestens zwei) Bojen. So trainieren Sie Taktik und Handling des Regattasegelns, auch unter Einsatz von Gennaker und Spinnaker. Bei Wunsch k\u00f6nnen Sie sich mit einem Sparringpartner aus der Regattaszene messen.<\/p>\n<\/div><\/div><\/div><\/div><\/div><\/div><\/section><section class=\"l-section wpb_row us_custom_8a0380b4 height_small\"><div class=\"l-section-h i-cf\"><div class=\"g-cols vc_row via_grid cols_2-1 laptops-cols_inherit tablets-cols_inherit mobiles-cols_1 valign_middle type_default stacking_default\"><div class=\"wpb_column vc_column_container us_custom_cf135f04\"><div class=\"vc_column-inner\"><div class=\"wpb_text_column\"><div class=\"wpb_wrapper\"><h3 class=\"knewave-bold\">CHF 110.00 pro Stunde*<\/h3>\n<p>* Einzelunterricht: CHF 110.00 pro Stunde | Zu zweit: CHF 55.00 pro Stunde pro Person<\/p>\n<\/div><\/div><\/div><\/div><div class=\"wpb_column vc_column_container us_custom_cf135f04\"><div class=\"vc_column-inner\"><div class=\"w-btn-wrapper align_none\"><a class=\"w-btn us-btn-style_1 us_custom_83cc8386 gradientbutton\" title=\"Preistabelle\" href=\"https:\/\/nickswellenfieber.ch\/de\/preistabelle\/\"><span class=\"w-btn-label\">Zur Preistabelle<\/span><\/a><\/div><\/div><\/div><\/div><\/div><\/section><section class=\"l-section wpb_row us_custom_08d660e1 height_small\"><div class=\"l-section-h i-cf\"><div class=\"g-cols vc_row via_grid cols_1 laptops-cols_inherit tablets-cols_inherit mobiles-cols_1 valign_top type_default stacking_default\"><div class=\"wpb_column vc_column_container us_custom_2ffb508a grow has_text_color has_bg_color has-link\"><div class=\"vc_column-inner\"><div class=\"wpb_text_column us_custom_3bbc2f62\"><div class=\"wpb_wrapper\"><h3 style=\"text-align: center;\">Kontaktieren Sie uns!<\/h3>\n<\/div><\/div><\/div><a title=\"Kontakt\" href=\"\/de\/kontakt\/\" class=\"vc_column-link smooth-scroll\"><\/a><\/div><\/div><\/div><\/section>\n","protected":false},"excerpt":{"rendered":"Segelschule Mit der Kraft des Windes treiben. AUSBILDUNG AUF VERSCHIEDENEN BOOTSKLASSEN UNSERE KURSE FINDEN GRUNDS\u00c4TZLICH NUR BEI GUTEN WINDVERH\u00c4LTNISSEN STATT. D-Schein Mit dem Einsatz der zwei neuen J80 Yachten haben wir eine Segelyacht der Zukunft gew\u00e4hlt. Im grossen und \u00fcbersichtlichen Cockpit ist ein optimales Handling gew\u00e4hrleistet. Vom Anlegeman\u00f6ver bis hin zu den seem\u00e4nnischen Knoten bringen...","protected":false},"author":1,"featured_media":0,"parent":15,"menu_order":0,"comment_status":"closed","ping_status":"closed","template":"","meta":{"footnotes":""},"class_list":["post-25","page","type-page","status-publish","hentry"],"yoast_head":"<!-- This site is optimized with the Yoast SEO plugin v24.9 - https:\/\/yoast.com\/wordpress\/plugins\/seo\/ -->\n<title>Nicks Wellenfieber die Segelschule auf dem Bielersee<\/title>\n<meta name=\"description\" content=\"Mit der Segelschule Nicks Wellenfieber in Biel, lernen Sie auf dem Bielersee segelen. Mit den neuen J80 Yachten den Bielersee hautnah erleben.\" \/>\n<meta name=\"robots\" content=\"index, follow, max-snippet:-1, max-image-preview:large, max-video-preview:-1\" \/>\n<link rel=\"canonical\" href=\"https:\/\/nickswellenfieber.ch\/de\/praxis\/segelschule\/\" \/>\n<meta property=\"og:locale\" content=\"de_DE\" \/>\n<meta property=\"og:type\" content=\"article\" \/>\n<meta property=\"og:title\" content=\"Nicks Wellenfieber die Segelschule auf dem Bielersee\" \/>\n<meta property=\"og:description\" content=\"Mit der Segelschule Nicks Wellenfieber in Biel, lernen Sie auf dem Bielersee segelen. Mit den neuen J80 Yachten den Bielersee hautnah erleben.\" \/>\n<meta property=\"og:url\" content=\"https:\/\/nickswellenfieber.ch\/de\/praxis\/segelschule\/\" \/>\n<meta property=\"og:site_name\" content=\"Nicks Wellenfieber\" \/>\n<meta property=\"article:modified_time\" content=\"2023-12-12T07:42:40+00:00\" \/>\n<meta name=\"twitter:card\" content=\"summary_large_image\" \/>\n<meta name=\"twitter:label1\" content=\"Gesch\u00e4tzte Lesezeit\" \/>\n\t<meta name=\"twitter:data1\" content=\"2\u00a0Minuten\" \/>\n<script type=\"application\/ld+json\" class=\"yoast-schema-graph\">{\"@context\":\"https:\/\/schema.org\",\"@graph\":[{\"@type\":\"WebPage\",\"@id\":\"https:\/\/nickswellenfieber.ch\/de\/praxis\/segelschule\/\",\"url\":\"https:\/\/nickswellenfieber.ch\/de\/praxis\/segelschule\/\",\"name\":\"Nicks Wellenfieber die Segelschule auf dem Bielersee\",\"isPartOf\":{\"@id\":\"https:\/\/nickswellenfieber.ch\/de\/#website\"},\"datePublished\":\"2019-04-12T11:41:37+00:00\",\"dateModified\":\"2023-12-12T07:42:40+00:00\",\"description\":\"Mit der Segelschule Nicks Wellenfieber in Biel, lernen Sie auf dem Bielersee segelen. Mit den neuen J80 Yachten den Bielersee hautnah erleben.\",\"breadcrumb\":{\"@id\":\"https:\/\/nickswellenfieber.ch\/de\/praxis\/segelschule\/#breadcrumb\"},\"inLanguage\":\"de\",\"potentialAction\":[{\"@type\":\"ReadAction\",\"target\":[\"https:\/\/nickswellenfieber.ch\/de\/praxis\/segelschule\/\"]}]},{\"@type\":\"BreadcrumbList\",\"@id\":\"https:\/\/nickswellenfieber.ch\/de\/praxis\/segelschule\/#breadcrumb\",\"itemListElement\":[{\"@type\":\"ListItem\",\"position\":1,\"name\":\"Home\",\"item\":\"https:\/\/nickswellenfieber.ch\/de\/\"},{\"@type\":\"ListItem\",\"position\":2,\"name\":\"Praxis\",\"item\":\"https:\/\/nickswellenfieber.ch\/de\/praxis\/\"},{\"@type\":\"ListItem\",\"position\":3,\"name\":\"Segelschule\"}]},{\"@type\":\"WebSite\",\"@id\":\"https:\/\/nickswellenfieber.ch\/de\/#website\",\"url\":\"https:\/\/nickswellenfieber.ch\/de\/\",\"name\":\"Nicks Wellenfieber\",\"description\":\"\",\"potentialAction\":[{\"@type\":\"SearchAction\",\"target\":{\"@type\":\"EntryPoint\",\"urlTemplate\":\"https:\/\/nickswellenfieber.ch\/de\/?s={search_term_string}\"},\"query-input\":{\"@type\":\"PropertyValueSpecification\",\"valueRequired\":true,\"valueName\":\"search_term_string\"}}],\"inLanguage\":\"de\"}]}<\/script>\n<!-- \/ Yoast SEO plugin. -->","yoast_head_json":{"title":"Nicks Wellenfieber die Segelschule auf dem Bielersee","description":"Mit der Segelschule Nicks Wellenfieber in Biel, lernen Sie auf dem Bielersee segelen. Mit den neuen J80 Yachten den Bielersee hautnah erleben.","robots":{"index":"index","follow":"follow","max-snippet":"max-snippet:-1","max-image-preview":"max-image-preview:large","max-video-preview":"max-video-preview:-1"},"canonical":"https:\/\/nickswellenfieber.ch\/de\/praxis\/segelschule\/","og_locale":"de_DE","og_type":"article","og_title":"Nicks Wellenfieber die Segelschule auf dem Bielersee","og_description":"Mit der Segelschule Nicks Wellenfieber in Biel, lernen Sie auf dem Bielersee segelen. Mit den neuen J80 Yachten den Bielersee hautnah erleben.","og_url":"https:\/\/nickswellenfieber.ch\/de\/praxis\/segelschule\/","og_site_name":"Nicks Wellenfieber","article_modified_time":"2023-12-12T07:42:40+00:00","twitter_card":"summary_large_image","twitter_misc":{"Gesch\u00e4tzte Lesezeit":"2\u00a0Minuten"},"schema":{"@context":"https:\/\/schema.org","@graph":[{"@type":"WebPage","@id":"https:\/\/nickswellenfieber.ch\/de\/praxis\/segelschule\/","url":"https:\/\/nickswellenfieber.ch\/de\/praxis\/segelschule\/","name":"Nicks Wellenfieber die Segelschule auf dem Bielersee","isPartOf":{"@id":"https:\/\/nickswellenfieber.ch\/de\/#website"},"datePublished":"2019-04-12T11:41:37+00:00","dateModified":"2023-12-12T07:42:40+00:00","description":"Mit der Segelschule Nicks Wellenfieber in Biel, lernen Sie auf dem Bielersee segelen. Mit den neuen J80 Yachten den Bielersee hautnah erleben.","breadcrumb":{"@id":"https:\/\/nickswellenfieber.ch\/de\/praxis\/segelschule\/#breadcrumb"},"inLanguage":"de","potentialAction":[{"@type":"ReadAction","target":["https:\/\/nickswellenfieber.ch\/de\/praxis\/segelschule\/"]}]},{"@type":"BreadcrumbList","@id":"https:\/\/nickswellenfieber.ch\/de\/praxis\/segelschule\/#breadcrumb","itemListElement":[{"@type":"ListItem","position":1,"name":"Home","item":"https:\/\/nickswellenfieber.ch\/de\/"},{"@type":"ListItem","position":2,"name":"Praxis","item":"https:\/\/nickswellenfieber.ch\/de\/praxis\/"},{"@type":"ListItem","position":3,"name":"Segelschule"}]},{"@type":"WebSite","@id":"https:\/\/nickswellenfieber.ch\/de\/#website","url":"https:\/\/nickswellenfieber.ch\/de\/","name":"Nicks Wellenfieber","description":"","potentialAction":[{"@type":"SearchAction","target":{"@type":"EntryPoint","urlTemplate":"https:\/\/nickswellenfieber.ch\/de\/?s={search_term_string}"},"query-input":{"@type":"PropertyValueSpecification","valueRequired":true,"valueName":"search_term_string"}}],"inLanguage":"de"}]}},"_links":{"self":[{"href":"https:\/\/nickswellenfieber.ch\/de\/wp-json\/wp\/v2\/pages\/25","targetHints":{"allow":["GET"]}}],"collection":[{"href":"https:\/\/nickswellenfieber.ch\/de\/wp-json\/wp\/v2\/pages"}],"about":[{"href":"https:\/\/nickswellenfieber.ch\/de\/wp-json\/wp\/v2\/types\/page"}],"author":[{"embeddable":true,"href":"https:\/\/nickswellenfieber.ch\/de\/wp-json\/wp\/v2\/users\/1"}],"replies":[{"embeddable":true,"href":"https:\/\/nickswellenfieber.ch\/de\/wp-json\/wp\/v2\/comments?post=25"}],"version-history":[{"count":43,"href":"https:\/\/nickswellenfieber.ch\/de\/wp-json\/wp\/v2\/pages\/25\/revisions"}],"predecessor-version":[{"id":1882,"href":"https:\/\/nickswellenfieber.ch\/de\/wp-json\/wp\/v2\/pages\/25\/revisions\/1882"}],"up":[{"embeddable":true,"href":"https:\/\/nickswellenfieber.ch\/de\/wp-json\/wp\/v2\/pages\/15"}],"wp:attachment":[{"href":"https:\/\/nickswellenfieber.ch\/de\/wp-json\/wp\/v2\/media?parent=25"}],"curies":[{"name":"wp","href":"https:\/\/api.w.org\/{rel}","templated":true}]}}