{"id":27,"date":"2019-04-12T13:41:51","date_gmt":"2019-04-12T11:41:51","guid":{"rendered":"https:\/\/nickswellenfieber.ch\/?page_id=27"},"modified":"2024-05-01T09:52:34","modified_gmt":"2024-05-01T07:52:34","slug":"motorbootschule","status":"publish","type":"page","link":"https:\/\/nickswellenfieber.ch\/de\/praxis\/motorbootschule\/","title":{"rendered":"Motorbootschule"},"content":{"rendered":"<section class=\"l-section wpb_row height_small with_img parallax_ver\"><div class=\"l-section-img\" role=\"img\" data-img-width=\"1920\" data-img-height=\"1279\" style=\"background-image: url(https:\/\/nickswellenfieber.ch\/wp-content\/uploads\/2019\/04\/motorbootschule-jpg.jpg);background-repeat: no-repeat;\"><\/div><div class=\"l-section-h i-cf\"><div class=\"g-cols vc_row via_grid cols_1 laptops-cols_inherit tablets-cols_inherit mobiles-cols_1 valign_middle type_default stacking_default\"><div class=\"wpb_column vc_column_container us_custom_6df4bc3a has_text_color\"><div class=\"vc_column-inner\"><div class=\"ult-spacer spacer-6a06f12b0b9f6\" data-id=\"6a06f12b0b9f6\" data-height=\"200\" data-height-mobile=\"100\" data-height-tab=\"150\" data-height-tab-portrait=\"150\" data-height-mobile-landscape=\"100\" style=\"clear:both;display:block;\"><\/div><div class=\"g-cols wpb_row via_grid cols_2 laptops-cols_inherit tablets-cols_inherit mobiles-cols_1 valign_top type_default stacking_default\" style=\"--columns-gap:3rem;\"><div class=\"wpb_column vc_column_container headerblock\"><div class=\"vc_column-inner\"><div class=\"wpb_text_column us_custom_57ee0661 slidertitle\"><div class=\"wpb_wrapper\"><h1>Motorbootschule<\/h1>\n<h4>Absolvieren Sie die Bootspr\u00fcfung in der Kat. A Motorboot<\/h4>\n<\/div><\/div><\/div><\/div><div class=\"wpb_column vc_column_container\"><div class=\"vc_column-inner\"><\/div><\/div><\/div><div class=\"ult-spacer spacer-6a06f12b0c192\" data-id=\"6a06f12b0c192\" data-height=\"200\" data-height-mobile=\"100\" data-height-tab=\"150\" data-height-tab-portrait=\"150\" data-height-mobile-landscape=\"100\" style=\"clear:both;display:block;\"><\/div><\/div><\/div><\/div><\/div><\/section><section class=\"l-section wpb_row height_large\"><div class=\"l-section-h i-cf\"><div class=\"g-cols vc_row via_grid cols_1 laptops-cols_inherit tablets-cols_inherit mobiles-cols_1 valign_top type_default stacking_default\"><div class=\"wpb_column vc_column_container\"><div class=\"vc_column-inner\"><div class=\"wpb_text_column\"><div class=\"wpb_wrapper\"><h2 style=\"text-align: center;\">MOTORBOOTSCHULE AM BIELERSEE<\/h2>\n<p style=\"text-align: center;\">WIR BRINGEN SIE SCHNELL UND KOMPETENT DURCH DIE MOTORBOOTPR\u00dcFUNG<\/p>\n<\/div><\/div><\/div><\/div><\/div><\/div><\/section><!-- Row Backgrounds --><div class=\"upb_color\" data-bg-override=\"0\" data-bg-color=\"\" data-fadeout=\"\" data-fadeout-percentage=\"30\" data-parallax-content=\"\" data-parallax-content-sense=\"30\" data-row-effect-mobile-disable=\"true\" data-img-parallax-mobile-disable=\"true\" data-rtl=\"false\"  data-custom-vc-row=\"\"  data-vc=\"8.4.1\"  data-is_old_vc=\"\"  data-theme-support=\"\"   data-overlay=\"false\" data-overlay-color=\"\" data-overlay-pattern=\"\" data-overlay-pattern-opacity=\"\" data-overlay-pattern-size=\"\"    ><\/div><section class=\"l-section wpb_row height_small\"><div class=\"l-section-h i-cf\"><div class=\"g-cols vc_row via_grid cols_2 laptops-cols_inherit tablets-cols_inherit mobiles-cols_1 valign_top type_default stacking_default\"><div class=\"wpb_column vc_column_container\"><div class=\"vc_column-inner\"><div class=\"wpb_text_column us_custom_64f4ce7a\"><div class=\"wpb_wrapper\"><h3>Ausweis Kat. A (Motorboot)<\/h3>\n<\/div><\/div><div class=\"ult-spacer spacer-6a06f12b0cbd2\" data-id=\"6a06f12b0cbd2\" data-height=\"30\" data-height-mobile=\"30\" data-height-tab=\"30\" data-height-tab-portrait=\"\" data-height-mobile-landscape=\"\" style=\"clear:both;display:block;\"><\/div><div class=\"wpb_text_column\"><div class=\"wpb_wrapper\"><p>Unsere Motorbootschule am\/auf dem Bielersee bietet modernen Unterricht auf unserem Motorboot Finnmaster 6100 MC mit einem neuen Aussenbordmotor YAMAHA 150 PS \u00a0mit vollelektronischer Schaltung \/ Lenkung sowie Digitalanzeige.\u00a0Damit \u00a0wird ein perfektes Handling m\u00f6glich!<\/p>\n<p>Das Boot verf\u00fcgt \u00fcber eine Kabinenheizung (Webasto) f\u00fcr einen Ganzjahresbetrieb.<\/p>\n<p>Ausbidung durch eidgen\u00f6ssisch diplomierten Motorboot-Fahrlehrer mit 56 Jahren Erfahrung auf dem Wasser.<\/p>\n<p>Die Motorbootpr\u00fcfungen werden auch w\u00e4hrend den Wintermonaten durchgef\u00fchrt. Es lohnt sich, die Motorbootausbildung in der Nebensaison zu absolvieren. Sie profitieren von ruhigen Gew\u00e4ssern, wenig Verkehr auf dem See und meist schw\u00e4cherem Wind.<\/p>\n<\/div><\/div><\/div><\/div><div class=\"wpb_column vc_column_container\"><div class=\"vc_column-inner\"><div class=\"wpb_text_column us_custom_64f4ce7a\"><div class=\"wpb_wrapper\"><h3>Die Finnmaster<\/h3>\n<\/div><\/div><div class=\"ult-spacer spacer-6a06f12b0ceff\" data-id=\"6a06f12b0ceff\" data-height=\"30\" data-height-mobile=\"30\" data-height-tab=\"30\" data-height-tab-portrait=\"\" data-height-mobile-landscape=\"\" style=\"clear:both;display:block;\"><\/div><div class=\"wpb_text_column\"><div class=\"wpb_wrapper\"><p> Die Finnmaster ist ein sehr gutm\u00fctiges und ideales Motorboot f\u00fcr die Schulung. Sie lernen alle erforderlichen Man\u00f6ver, wie das Anlegen, Mann \u00fcber Bord, Ankern, Knoten binden und Peilen. Sie lernen die Gegebenheiten auf und um den Bielersee kennen und damit auch seine verschiedenen H\u00e4fen. <\/p>\n<\/div><\/div><div class=\"ult-spacer spacer-6a06f12b0d021\" data-id=\"6a06f12b0d021\" data-height=\"30\" data-height-mobile=\"30\" data-height-tab=\"30\" data-height-tab-portrait=\"\" data-height-mobile-landscape=\"\" style=\"clear:both;display:block;\"><\/div><div class=\"w-image align_none\"><div class=\"w-image-h\"><img decoding=\"async\" width=\"1024\" height=\"768\" src=\"https:\/\/nickswellenfieber.ch\/wp-content\/uploads\/2024\/05\/IMG_6542-1024x768.jpg\" class=\"attachment-large size-large\" alt=\"\" loading=\"lazy\" srcset=\"https:\/\/nickswellenfieber.ch\/wp-content\/uploads\/2024\/05\/IMG_6542-1024x768.jpg 1024w, https:\/\/nickswellenfieber.ch\/wp-content\/uploads\/2024\/05\/IMG_6542-300x225.jpg 300w, https:\/\/nickswellenfieber.ch\/wp-content\/uploads\/2024\/05\/IMG_6542.jpg 1200w\" sizes=\"auto, (max-width: 1024px) 100vw, 1024px\" \/><\/div><\/div><\/div><\/div><\/div><\/div><\/section><section class=\"l-section wpb_row us_custom_8a0380b4 height_small\"><div class=\"l-section-h i-cf\"><div class=\"g-cols vc_row via_grid cols_2-1 laptops-cols_inherit tablets-cols_inherit mobiles-cols_1 valign_middle type_default stacking_default\"><div class=\"wpb_column vc_column_container us_custom_cf135f04\"><div class=\"vc_column-inner\"><div class=\"wpb_text_column\"><div class=\"wpb_wrapper\"><h3 class=\"knewave-bold\">CHF 120.00 pro Stunde*<\/h3>\n<p>* Einzelunterricht ab CHF 120.00 pro Stunde | Zu zweit: CHF 60.00 pro Stunde pro Person<\/p>\n<\/div><\/div><\/div><\/div><div class=\"wpb_column vc_column_container us_custom_cf135f04\"><div class=\"vc_column-inner\"><div class=\"w-btn-wrapper align_none\"><a class=\"w-btn us-btn-style_1 us_custom_83cc8386 gradientbutton\" title=\"Preistabelle\" href=\"https:\/\/nickswellenfieber.ch\/de\/preistabelle\/\"><span class=\"w-btn-label\">Zur Preistabelle<\/span><\/a><\/div><\/div><\/div><\/div><\/div><\/section><section class=\"l-section wpb_row us_custom_08d660e1 height_small\"><div class=\"l-section-h i-cf\"><div class=\"g-cols vc_row via_grid cols_1 laptops-cols_inherit tablets-cols_inherit mobiles-cols_1 valign_top type_default stacking_default\"><div class=\"wpb_column vc_column_container us_custom_2ffb508a grow has_text_color has_bg_color has-link\"><div class=\"vc_column-inner\"><div class=\"wpb_text_column us_custom_3bbc2f62\"><div class=\"wpb_wrapper\"><h3 style=\"text-align: center;\">Kontaktieren Sie uns!<\/h3>\n<\/div><\/div><\/div><a title=\"Kontakt\" href=\"\/de\/kontakt\/\" class=\"vc_column-link smooth-scroll\"><\/a><\/div><\/div><\/div><\/section><section class=\"l-section wpb_row height_medium\"><div class=\"l-section-h i-cf\"><div class=\"g-cols vc_row via_grid cols_1 laptops-cols_inherit tablets-cols_inherit mobiles-cols_1 valign_top type_default stacking_default\"><div class=\"wpb_column vc_column_container\"><div class=\"vc_column-inner\"><div class=\"wpb_text_column\"><div class=\"wpb_wrapper\"><h2 style=\"text-align: center;\">Bilder Gallery<\/h2>\n<\/div><\/div><div class=\"ult-spacer spacer-6a06f12b0e1c8\" data-id=\"6a06f12b0e1c8\" data-height=\"50\" data-height-mobile=\"50\" data-height-tab=\"50\" data-height-tab-portrait=\"\" data-height-mobile-landscape=\"\" style=\"clear:both;display:block;\"><\/div><div class=\"w-grid type_grid layout_gallery_default cols_4\" id=\"us_grid_1\" style=\"--columns:4;--gap:1.5rem;\" data-filterable=\"true\"><style>@media (max-width:1380px){#us_grid_1{--columns:3!important}}@media (max-width:1024px){#us_grid_1{--columns:2!important}}@media (max-width:600px){#us_grid_1{--columns:1!important}}.layout_gallery_default .w-grid-item-h{}<\/style><div class=\"w-grid-list\">\t<article class=\"w-grid-item size_1x1 post-267 attachment type-attachment status-inherit hentry\" data-id=\"267\">\r\n\t\t<div class=\"w-grid-item-h\">\r\n\t\t\t\t\t\t\t<a ref=\"magnificPopupGrid\" href=\"https:\/\/nickswellenfieber.ch\/wp-content\/uploads\/2019\/04\/wassertaxi-jpg.jpg\" class=\"w-grid-item-anchor\" aria-label=\"wassertaxi-jpg\"><\/a>\r\n\t\t\t\t\t\t<div class=\"w-post-elm post_image usg_post_image_1 stretched\"><img loading=\"lazy\" decoding=\"async\" width=\"350\" height=\"350\" src=\"https:\/\/nickswellenfieber.ch\/wp-content\/uploads\/2019\/04\/wassertaxi-jpg-350x350.jpg\" class=\"attachment-us_350_350_crop size-us_350_350_crop\" alt=\"\" srcset=\"https:\/\/nickswellenfieber.ch\/wp-content\/uploads\/2019\/04\/wassertaxi-jpg-350x350.jpg 350w, https:\/\/nickswellenfieber.ch\/wp-content\/uploads\/2019\/04\/wassertaxi-jpg-150x150.jpg 150w, https:\/\/nickswellenfieber.ch\/wp-content\/uploads\/2019\/04\/wassertaxi-jpg-600x600.jpg 600w\" sizes=\"auto, (max-width: 350px) 100vw, 350px\" \/><\/div>\t\t<\/div>\r\n\t\t\t<\/article>\r\n\t<article class=\"w-grid-item size_1x1 post-218 attachment type-attachment status-inherit hentry\" data-id=\"218\">\r\n\t\t<div class=\"w-grid-item-h\">\r\n\t\t\t\t\t\t\t<a ref=\"magnificPopupGrid\" href=\"https:\/\/nickswellenfieber.ch\/wp-content\/uploads\/2019\/04\/angebote-jpg.jpg\" class=\"w-grid-item-anchor\" aria-label=\"angebote-jpg\"><\/a>\r\n\t\t\t\t\t\t<div class=\"w-post-elm post_image usg_post_image_1 stretched\"><img loading=\"lazy\" decoding=\"async\" width=\"350\" height=\"350\" src=\"https:\/\/nickswellenfieber.ch\/wp-content\/uploads\/2019\/04\/angebote-jpg-350x350.jpg\" class=\"attachment-us_350_350_crop size-us_350_350_crop\" alt=\"\" srcset=\"https:\/\/nickswellenfieber.ch\/wp-content\/uploads\/2019\/04\/angebote-jpg-350x350.jpg 350w, https:\/\/nickswellenfieber.ch\/wp-content\/uploads\/2019\/04\/angebote-jpg-150x150.jpg 150w, https:\/\/nickswellenfieber.ch\/wp-content\/uploads\/2019\/04\/angebote-jpg-600x600.jpg 600w\" sizes=\"auto, (max-width: 350px) 100vw, 350px\" \/><\/div>\t\t<\/div>\r\n\t\t\t<\/article>\r\n\t<article class=\"w-grid-item size_1x1 post-310 attachment type-attachment status-inherit hentry\" data-id=\"310\">\r\n\t\t<div class=\"w-grid-item-h\">\r\n\t\t\t\t\t\t\t<a ref=\"magnificPopupGrid\" href=\"https:\/\/nickswellenfieber.ch\/wp-content\/uploads\/2019\/04\/motorbootschule-jpg.jpg\" class=\"w-grid-item-anchor\" aria-label=\"motorbootschule-jpg\"><\/a>\r\n\t\t\t\t\t\t<div class=\"w-post-elm post_image usg_post_image_1 stretched\"><img loading=\"lazy\" decoding=\"async\" width=\"350\" height=\"350\" src=\"https:\/\/nickswellenfieber.ch\/wp-content\/uploads\/2019\/04\/motorbootschule-jpg-350x350.jpg\" class=\"attachment-us_350_350_crop size-us_350_350_crop\" alt=\"\" srcset=\"https:\/\/nickswellenfieber.ch\/wp-content\/uploads\/2019\/04\/motorbootschule-jpg-350x350.jpg 350w, https:\/\/nickswellenfieber.ch\/wp-content\/uploads\/2019\/04\/motorbootschule-jpg-150x150.jpg 150w, https:\/\/nickswellenfieber.ch\/wp-content\/uploads\/2019\/04\/motorbootschule-jpg-600x600.jpg 600w\" sizes=\"auto, (max-width: 350px) 100vw, 350px\" \/><\/div>\t\t<\/div>\r\n\t\t\t<\/article>\r\n\t<article class=\"w-grid-item size_1x1 post-314 attachment type-attachment status-inherit hentry\" data-id=\"314\">\r\n\t\t<div class=\"w-grid-item-h\">\r\n\t\t\t\t\t\t\t<a ref=\"magnificPopupGrid\" href=\"https:\/\/nickswellenfieber.ch\/wp-content\/uploads\/2019\/04\/armaturen.jpg\" class=\"w-grid-item-anchor\" aria-label=\"armaturen\"><\/a>\r\n\t\t\t\t\t\t<div class=\"w-post-elm post_image usg_post_image_1 stretched\"><img loading=\"lazy\" decoding=\"async\" width=\"350\" height=\"350\" src=\"https:\/\/nickswellenfieber.ch\/wp-content\/uploads\/2019\/04\/armaturen-350x350.jpg\" class=\"attachment-us_350_350_crop size-us_350_350_crop\" alt=\"\" srcset=\"https:\/\/nickswellenfieber.ch\/wp-content\/uploads\/2019\/04\/armaturen-350x350.jpg 350w, https:\/\/nickswellenfieber.ch\/wp-content\/uploads\/2019\/04\/armaturen-150x150.jpg 150w\" sizes=\"auto, (max-width: 350px) 100vw, 350px\" \/><\/div>\t\t<\/div>\r\n\t\t\t<\/article>\r\n<\/div><div class=\"w-grid-preloader\">\t<div class=\"g-preloader type_1\">\r\n\t\t<div><\/div>\r\n\t<\/div>\r\n\t<\/div>\t<div class=\"w-grid-json hidden\" onclick='return {&quot;action&quot;:&quot;us_ajax_grid&quot;,&quot;infinite_scroll&quot;:0,&quot;max_num_pages&quot;:1,&quot;pagination&quot;:&quot;none&quot;,&quot;template_vars&quot;:{&quot;columns&quot;:&quot;4&quot;,&quot;exclude_items&quot;:&quot;none&quot;,&quot;img_size&quot;:&quot;us_350_350_crop&quot;,&quot;ignore_items_size&quot;:0,&quot;items_layout&quot;:&quot;gallery_default&quot;,&quot;items_offset&quot;:&quot;1&quot;,&quot;load_animation&quot;:&quot;none&quot;,&quot;overriding_link&quot;:&quot;%7B%22type%22%3A%22popup_image%22%7D&quot;,&quot;post_id&quot;:0,&quot;query_args&quot;:{&quot;post_type&quot;:[&quot;attachment&quot;],&quot;post__in&quot;:[&quot;310&quot;,&quot;267&quot;,&quot;218&quot;,&quot;314&quot;],&quot;post_status&quot;:&quot;inherit&quot;,&quot;post_mime_type&quot;:&quot;image&quot;,&quot;posts_per_page&quot;:&quot;10&quot;},&quot;orderby_query_args&quot;:{&quot;orderby&quot;:&quot;RAND(1877147805)&quot;},&quot;type&quot;:&quot;grid&quot;,&quot;us_grid_post_type&quot;:&quot;attachment&quot;,&quot;us_grid_ajax_index&quot;:1,&quot;us_grid_filter_query_string&quot;:null,&quot;us_grid_index&quot;:1,&quot;page_args&quot;:[]}}'><\/div>\r\n\t<\/div><\/div><\/div><\/div><\/div><\/section><!-- Row Backgrounds --><div class=\"upb_color\" data-bg-override=\"0\" data-bg-color=\"#f5f5f5\" data-fadeout=\"\" data-fadeout-percentage=\"30\" data-parallax-content=\"\" data-parallax-content-sense=\"30\" data-row-effect-mobile-disable=\"true\" data-img-parallax-mobile-disable=\"true\" data-rtl=\"false\"  data-custom-vc-row=\"\"  data-vc=\"8.4.1\"  data-is_old_vc=\"\"  data-theme-support=\"\"   data-overlay=\"false\" data-overlay-color=\"\" data-overlay-pattern=\"\" data-overlay-pattern-opacity=\"\" data-overlay-pattern-size=\"\"    ><\/div>\n","protected":false},"excerpt":{"rendered":"","protected":false},"author":1,"featured_media":0,"parent":15,"menu_order":0,"comment_status":"closed","ping_status":"closed","template":"","meta":{"footnotes":""},"class_list":["post-27","page","type-page","status-publish","hentry"],"yoast_head":"<!-- This site is optimized with the Yoast SEO plugin v24.9 - https:\/\/yoast.com\/wordpress\/plugins\/seo\/ -->\n<title>Motorbootschule Nicks Wellenfieber auf dem Bielersee<\/title>\n<meta name=\"description\" content=\"M\u00f6chten Sie auf dem Bielersee die Motorbootspr\u00fcfung absolvieren? Mit dem Finnmaster 610 oder dem Ocquetau 645 die Motorbootpr\u00fcfung in Biel abschliessen.\" \/>\n<meta name=\"robots\" content=\"index, follow, max-snippet:-1, max-image-preview:large, max-video-preview:-1\" \/>\n<link rel=\"canonical\" href=\"https:\/\/nickswellenfieber.ch\/de\/praxis\/motorbootschule\/\" \/>\n<meta property=\"og:locale\" content=\"de_DE\" \/>\n<meta property=\"og:type\" content=\"article\" \/>\n<meta property=\"og:title\" content=\"Motorbootschule Nicks Wellenfieber auf dem Bielersee\" \/>\n<meta property=\"og:description\" content=\"M\u00f6chten Sie auf dem Bielersee die Motorbootspr\u00fcfung absolvieren? Mit dem Finnmaster 610 oder dem Ocquetau 645 die Motorbootpr\u00fcfung in Biel abschliessen.\" \/>\n<meta property=\"og:url\" content=\"https:\/\/nickswellenfieber.ch\/de\/praxis\/motorbootschule\/\" \/>\n<meta property=\"og:site_name\" content=\"Nicks Wellenfieber\" \/>\n<meta property=\"article:modified_time\" content=\"2024-05-01T07:52:34+00:00\" \/>\n<meta name=\"twitter:card\" content=\"summary_large_image\" \/>\n<meta name=\"twitter:label1\" content=\"Gesch\u00e4tzte Lesezeit\" \/>\n\t<meta name=\"twitter:data1\" content=\"2\u00a0Minuten\" \/>\n<script type=\"application\/ld+json\" class=\"yoast-schema-graph\">{\"@context\":\"https:\/\/schema.org\",\"@graph\":[{\"@type\":\"WebPage\",\"@id\":\"https:\/\/nickswellenfieber.ch\/de\/praxis\/motorbootschule\/\",\"url\":\"https:\/\/nickswellenfieber.ch\/de\/praxis\/motorbootschule\/\",\"name\":\"Motorbootschule Nicks Wellenfieber auf dem Bielersee\",\"isPartOf\":{\"@id\":\"https:\/\/nickswellenfieber.ch\/de\/#website\"},\"datePublished\":\"2019-04-12T11:41:51+00:00\",\"dateModified\":\"2024-05-01T07:52:34+00:00\",\"description\":\"M\u00f6chten Sie auf dem Bielersee die Motorbootspr\u00fcfung absolvieren? Mit dem Finnmaster 610 oder dem Ocquetau 645 die Motorbootpr\u00fcfung in Biel abschliessen.\",\"breadcrumb\":{\"@id\":\"https:\/\/nickswellenfieber.ch\/de\/praxis\/motorbootschule\/#breadcrumb\"},\"inLanguage\":\"de\",\"potentialAction\":[{\"@type\":\"ReadAction\",\"target\":[\"https:\/\/nickswellenfieber.ch\/de\/praxis\/motorbootschule\/\"]}]},{\"@type\":\"BreadcrumbList\",\"@id\":\"https:\/\/nickswellenfieber.ch\/de\/praxis\/motorbootschule\/#breadcrumb\",\"itemListElement\":[{\"@type\":\"ListItem\",\"position\":1,\"name\":\"Home\",\"item\":\"https:\/\/nickswellenfieber.ch\/de\/\"},{\"@type\":\"ListItem\",\"position\":2,\"name\":\"Praxis\",\"item\":\"https:\/\/nickswellenfieber.ch\/de\/praxis\/\"},{\"@type\":\"ListItem\",\"position\":3,\"name\":\"Motorbootschule\"}]},{\"@type\":\"WebSite\",\"@id\":\"https:\/\/nickswellenfieber.ch\/de\/#website\",\"url\":\"https:\/\/nickswellenfieber.ch\/de\/\",\"name\":\"Nicks Wellenfieber\",\"description\":\"\",\"potentialAction\":[{\"@type\":\"SearchAction\",\"target\":{\"@type\":\"EntryPoint\",\"urlTemplate\":\"https:\/\/nickswellenfieber.ch\/de\/?s={search_term_string}\"},\"query-input\":{\"@type\":\"PropertyValueSpecification\",\"valueRequired\":true,\"valueName\":\"search_term_string\"}}],\"inLanguage\":\"de\"}]}<\/script>\n<!-- \/ Yoast SEO plugin. -->","yoast_head_json":{"title":"Motorbootschule Nicks Wellenfieber auf dem Bielersee","description":"M\u00f6chten Sie auf dem Bielersee die Motorbootspr\u00fcfung absolvieren? Mit dem Finnmaster 610 oder dem Ocquetau 645 die Motorbootpr\u00fcfung in Biel abschliessen.","robots":{"index":"index","follow":"follow","max-snippet":"max-snippet:-1","max-image-preview":"max-image-preview:large","max-video-preview":"max-video-preview:-1"},"canonical":"https:\/\/nickswellenfieber.ch\/de\/praxis\/motorbootschule\/","og_locale":"de_DE","og_type":"article","og_title":"Motorbootschule Nicks Wellenfieber auf dem Bielersee","og_description":"M\u00f6chten Sie auf dem Bielersee die Motorbootspr\u00fcfung absolvieren? Mit dem Finnmaster 610 oder dem Ocquetau 645 die Motorbootpr\u00fcfung in Biel abschliessen.","og_url":"https:\/\/nickswellenfieber.ch\/de\/praxis\/motorbootschule\/","og_site_name":"Nicks Wellenfieber","article_modified_time":"2024-05-01T07:52:34+00:00","twitter_card":"summary_large_image","twitter_misc":{"Gesch\u00e4tzte Lesezeit":"2\u00a0Minuten"},"schema":{"@context":"https:\/\/schema.org","@graph":[{"@type":"WebPage","@id":"https:\/\/nickswellenfieber.ch\/de\/praxis\/motorbootschule\/","url":"https:\/\/nickswellenfieber.ch\/de\/praxis\/motorbootschule\/","name":"Motorbootschule Nicks Wellenfieber auf dem Bielersee","isPartOf":{"@id":"https:\/\/nickswellenfieber.ch\/de\/#website"},"datePublished":"2019-04-12T11:41:51+00:00","dateModified":"2024-05-01T07:52:34+00:00","description":"M\u00f6chten Sie auf dem Bielersee die Motorbootspr\u00fcfung absolvieren? Mit dem Finnmaster 610 oder dem Ocquetau 645 die Motorbootpr\u00fcfung in Biel abschliessen.","breadcrumb":{"@id":"https:\/\/nickswellenfieber.ch\/de\/praxis\/motorbootschule\/#breadcrumb"},"inLanguage":"de","potentialAction":[{"@type":"ReadAction","target":["https:\/\/nickswellenfieber.ch\/de\/praxis\/motorbootschule\/"]}]},{"@type":"BreadcrumbList","@id":"https:\/\/nickswellenfieber.ch\/de\/praxis\/motorbootschule\/#breadcrumb","itemListElement":[{"@type":"ListItem","position":1,"name":"Home","item":"https:\/\/nickswellenfieber.ch\/de\/"},{"@type":"ListItem","position":2,"name":"Praxis","item":"https:\/\/nickswellenfieber.ch\/de\/praxis\/"},{"@type":"ListItem","position":3,"name":"Motorbootschule"}]},{"@type":"WebSite","@id":"https:\/\/nickswellenfieber.ch\/de\/#website","url":"https:\/\/nickswellenfieber.ch\/de\/","name":"Nicks Wellenfieber","description":"","potentialAction":[{"@type":"SearchAction","target":{"@type":"EntryPoint","urlTemplate":"https:\/\/nickswellenfieber.ch\/de\/?s={search_term_string}"},"query-input":{"@type":"PropertyValueSpecification","valueRequired":true,"valueName":"search_term_string"}}],"inLanguage":"de"}]}},"_links":{"self":[{"href":"https:\/\/nickswellenfieber.ch\/de\/wp-json\/wp\/v2\/pages\/27","targetHints":{"allow":["GET"]}}],"collection":[{"href":"https:\/\/nickswellenfieber.ch\/de\/wp-json\/wp\/v2\/pages"}],"about":[{"href":"https:\/\/nickswellenfieber.ch\/de\/wp-json\/wp\/v2\/types\/page"}],"author":[{"embeddable":true,"href":"https:\/\/nickswellenfieber.ch\/de\/wp-json\/wp\/v2\/users\/1"}],"replies":[{"embeddable":true,"href":"https:\/\/nickswellenfieber.ch\/de\/wp-json\/wp\/v2\/comments?post=27"}],"version-history":[{"count":27,"href":"https:\/\/nickswellenfieber.ch\/de\/wp-json\/wp\/v2\/pages\/27\/revisions"}],"predecessor-version":[{"id":2172,"href":"https:\/\/nickswellenfieber.ch\/de\/wp-json\/wp\/v2\/pages\/27\/revisions\/2172"}],"up":[{"embeddable":true,"href":"https:\/\/nickswellenfieber.ch\/de\/wp-json\/wp\/v2\/pages\/15"}],"wp:attachment":[{"href":"https:\/\/nickswellenfieber.ch\/de\/wp-json\/wp\/v2\/media?parent=27"}],"curies":[{"name":"wp","href":"https:\/\/api.w.org\/{rel}","templated":true}]}}