{"id":35,"date":"2019-04-12T13:42:56","date_gmt":"2019-04-12T11:42:56","guid":{"rendered":"https:\/\/nickswellenfieber.ch\/?page_id=35"},"modified":"2023-03-01T08:50:12","modified_gmt":"2023-03-01T07:50:12","slug":"hochseetheorie","status":"publish","type":"page","link":"https:\/\/nickswellenfieber.ch\/de\/theorie\/hochseetheorie\/","title":{"rendered":"Hochseetheorie"},"content":{"rendered":"<section class=\"l-section wpb_row height_small with_img parallax_ver\"><div class=\"l-section-img\" role=\"img\" data-img-width=\"1920\" data-img-height=\"1280\" style=\"background-image: url(https:\/\/nickswellenfieber.ch\/wp-content\/uploads\/2019\/04\/hochseetheorie-banner-jpg.jpg);background-repeat: no-repeat;\"><\/div><div class=\"l-section-h i-cf\"><div class=\"g-cols vc_row via_grid cols_1 laptops-cols_inherit tablets-cols_inherit mobiles-cols_1 valign_middle type_default stacking_default\"><div class=\"wpb_column vc_column_container us_custom_6df4bc3a has_text_color\"><div class=\"vc_column-inner\"><div class=\"ult-spacer spacer-69f521bae4ccc\" data-id=\"69f521bae4ccc\" data-height=\"200\" data-height-mobile=\"100\" data-height-tab=\"150\" data-height-tab-portrait=\"150\" data-height-mobile-landscape=\"100\" style=\"clear:both;display:block;\"><\/div><div class=\"g-cols wpb_row via_grid cols_2 laptops-cols_inherit tablets-cols_inherit mobiles-cols_1 valign_top type_default stacking_default\" style=\"--columns-gap:3rem;\"><div class=\"wpb_column vc_column_container headerblock\"><div class=\"vc_column-inner\"><div class=\"wpb_text_column us_custom_ce8f7e21 slidertitle\"><div class=\"wpb_wrapper\"><h1>Hochseetheorie<\/h1>\n<h4>Die weite See erobern.<\/h4>\n<\/div><\/div><\/div><\/div><div class=\"wpb_column vc_column_container\"><div class=\"vc_column-inner\"><\/div><\/div><\/div><div class=\"ult-spacer spacer-69f521bae5168\" data-id=\"69f521bae5168\" data-height=\"200\" data-height-mobile=\"100\" data-height-tab=\"150\" data-height-tab-portrait=\"150\" data-height-mobile-landscape=\"100\" style=\"clear:both;display:block;\"><\/div><\/div><\/div><\/div><\/div><\/section><section class=\"l-section wpb_row height_large\"><div class=\"l-section-h i-cf\"><div class=\"g-cols vc_row via_grid cols_1 laptops-cols_inherit tablets-cols_inherit mobiles-cols_1 valign_top type_default stacking_default\"><div class=\"wpb_column vc_column_container\"><div class=\"vc_column-inner\"><div class=\"wpb_text_column\"><div class=\"wpb_wrapper\"><h2 style=\"text-align: center;\">THEORIEKURSE F\u00dcR DIE HOCHSEE<\/h2>\n<p style=\"text-align: center;\">WIR MACHEN SIE FIT F\u00dcR DIE HOCHSEE.<\/p>\n<\/div><\/div><\/div><\/div><\/div><\/div><\/section><!-- Row Backgrounds --><div class=\"upb_color\" data-bg-override=\"0\" data-bg-color=\"\" data-fadeout=\"\" data-fadeout-percentage=\"30\" data-parallax-content=\"\" data-parallax-content-sense=\"30\" data-row-effect-mobile-disable=\"true\" data-img-parallax-mobile-disable=\"true\" data-rtl=\"false\"  data-custom-vc-row=\"\"  data-vc=\"8.4.1\"  data-is_old_vc=\"\"  data-theme-support=\"\"   data-overlay=\"false\" data-overlay-color=\"\" data-overlay-pattern=\"\" data-overlay-pattern-opacity=\"\" data-overlay-pattern-size=\"\"    ><\/div><section class=\"l-section wpb_row height_small\"><div class=\"l-section-h i-cf\"><div class=\"g-cols vc_row via_grid cols_1 laptops-cols_inherit tablets-cols_inherit mobiles-cols_1 valign_top type_default stacking_default\"><div class=\"wpb_column vc_column_container\"><div class=\"vc_column-inner\"><div class=\"wpb_text_column us_custom_3165c112\"><div class=\"wpb_wrapper\"><h3>Hochseetheorie und Hochseeschein<\/h3>\n<\/div><\/div><div class=\"ult-spacer spacer-69f521bae579f\" data-id=\"69f521bae579f\" data-height=\"30\" data-height-mobile=\"30\" data-height-tab=\"30\" data-height-tab-portrait=\"\" data-height-mobile-landscape=\"\" style=\"clear:both;display:block;\"><\/div><div class=\"wpb_text_column\"><div class=\"wpb_wrapper\"><p>Auch angehende Hochseesegler bekommen bei uns die passende Software f\u00fcr die Vorbereitung auf den Hochseeschein (B-Schein) inkl. Hochseekarten und Fragebogen, damit Sie zu Hause trainieren k\u00f6nnen. Die n\u00f6tige Lernsoftware kann zum Vorzugspreis direkt bei uns bezogen werden. Zus\u00e4tzlich bieten wir individuelle Theoriestunden an.<\/p>\n<p>Die Kurse werden von Nick Benz geleitet.<\/p>\n<\/div><\/div><\/div><\/div><\/div><\/div><\/section><section class=\"l-section wpb_row us_custom_edd6783e height_small\"><div class=\"l-section-h i-cf\"><div class=\"g-cols vc_row via_grid cols_1 laptops-cols_inherit tablets-cols_inherit mobiles-cols_1 valign_top type_default stacking_default\"><div class=\"wpb_column vc_column_container us_custom_2ffb508a grow has_text_color has_bg_color has-link\"><div class=\"vc_column-inner\"><div class=\"wpb_text_column us_custom_3bbc2f62\"><div class=\"wpb_wrapper\"><h3 style=\"text-align: center;\">Kontaktieren Sie uns!<\/h3>\n<\/div><\/div><\/div><a title=\"Kontakt\" href=\"\/de\/kontakt\/\" class=\"vc_column-link smooth-scroll\"><\/a><\/div><\/div><\/div><\/section>\n","protected":false},"excerpt":{"rendered":"Hochseetheorie Die weite See erobern. THEORIEKURSE F\u00dcR DIE HOCHSEE WIR MACHEN SIE FIT F\u00dcR DIE HOCHSEE. Hochseetheorie und Hochseeschein Auch angehende Hochseesegler bekommen bei uns die passende Software f\u00fcr die Vorbereitung auf den Hochseeschein (B-Schein) inkl. Hochseekarten und Fragebogen, damit Sie zu Hause trainieren k\u00f6nnen. Die n\u00f6tige Lernsoftware kann zum Vorzugspreis direkt bei uns bezogen...","protected":false},"author":1,"featured_media":0,"parent":17,"menu_order":0,"comment_status":"closed","ping_status":"closed","template":"","meta":{"footnotes":""},"class_list":["post-35","page","type-page","status-publish","hentry"],"yoast_head":"<!-- This site is optimized with the Yoast SEO plugin v24.9 - https:\/\/yoast.com\/wordpress\/plugins\/seo\/ -->\n<title>Hochseetheorie - Nicks Wellenfieber<\/title>\n<meta name=\"robots\" content=\"index, follow, max-snippet:-1, max-image-preview:large, max-video-preview:-1\" \/>\n<link rel=\"canonical\" href=\"https:\/\/nickswellenfieber.ch\/de\/theorie\/hochseetheorie\/\" \/>\n<meta property=\"og:locale\" content=\"de_DE\" \/>\n<meta property=\"og:type\" content=\"article\" \/>\n<meta property=\"og:title\" content=\"Hochseetheorie - Nicks Wellenfieber\" \/>\n<meta property=\"og:url\" content=\"https:\/\/nickswellenfieber.ch\/de\/theorie\/hochseetheorie\/\" \/>\n<meta property=\"og:site_name\" content=\"Nicks Wellenfieber\" \/>\n<meta property=\"article:modified_time\" content=\"2023-03-01T07:50:12+00:00\" \/>\n<meta name=\"twitter:card\" content=\"summary_large_image\" \/>\n<meta name=\"twitter:label1\" content=\"Gesch\u00e4tzte Lesezeit\" \/>\n\t<meta name=\"twitter:data1\" content=\"2\u00a0Minuten\" \/>\n<script type=\"application\/ld+json\" class=\"yoast-schema-graph\">{\"@context\":\"https:\/\/schema.org\",\"@graph\":[{\"@type\":\"WebPage\",\"@id\":\"https:\/\/nickswellenfieber.ch\/de\/theorie\/hochseetheorie\/\",\"url\":\"https:\/\/nickswellenfieber.ch\/de\/theorie\/hochseetheorie\/\",\"name\":\"Hochseetheorie - Nicks Wellenfieber\",\"isPartOf\":{\"@id\":\"https:\/\/nickswellenfieber.ch\/de\/#website\"},\"datePublished\":\"2019-04-12T11:42:56+00:00\",\"dateModified\":\"2023-03-01T07:50:12+00:00\",\"breadcrumb\":{\"@id\":\"https:\/\/nickswellenfieber.ch\/de\/theorie\/hochseetheorie\/#breadcrumb\"},\"inLanguage\":\"de\",\"potentialAction\":[{\"@type\":\"ReadAction\",\"target\":[\"https:\/\/nickswellenfieber.ch\/de\/theorie\/hochseetheorie\/\"]}]},{\"@type\":\"BreadcrumbList\",\"@id\":\"https:\/\/nickswellenfieber.ch\/de\/theorie\/hochseetheorie\/#breadcrumb\",\"itemListElement\":[{\"@type\":\"ListItem\",\"position\":1,\"name\":\"Home\",\"item\":\"https:\/\/nickswellenfieber.ch\/de\/\"},{\"@type\":\"ListItem\",\"position\":2,\"name\":\"Theorie\",\"item\":\"https:\/\/nickswellenfieber.ch\/de\/theorie\/\"},{\"@type\":\"ListItem\",\"position\":3,\"name\":\"Hochseetheorie\"}]},{\"@type\":\"WebSite\",\"@id\":\"https:\/\/nickswellenfieber.ch\/de\/#website\",\"url\":\"https:\/\/nickswellenfieber.ch\/de\/\",\"name\":\"Nicks Wellenfieber\",\"description\":\"\",\"potentialAction\":[{\"@type\":\"SearchAction\",\"target\":{\"@type\":\"EntryPoint\",\"urlTemplate\":\"https:\/\/nickswellenfieber.ch\/de\/?s={search_term_string}\"},\"query-input\":{\"@type\":\"PropertyValueSpecification\",\"valueRequired\":true,\"valueName\":\"search_term_string\"}}],\"inLanguage\":\"de\"}]}<\/script>\n<!-- \/ Yoast SEO plugin. -->","yoast_head_json":{"title":"Hochseetheorie - Nicks Wellenfieber","robots":{"index":"index","follow":"follow","max-snippet":"max-snippet:-1","max-image-preview":"max-image-preview:large","max-video-preview":"max-video-preview:-1"},"canonical":"https:\/\/nickswellenfieber.ch\/de\/theorie\/hochseetheorie\/","og_locale":"de_DE","og_type":"article","og_title":"Hochseetheorie - Nicks Wellenfieber","og_url":"https:\/\/nickswellenfieber.ch\/de\/theorie\/hochseetheorie\/","og_site_name":"Nicks Wellenfieber","article_modified_time":"2023-03-01T07:50:12+00:00","twitter_card":"summary_large_image","twitter_misc":{"Gesch\u00e4tzte Lesezeit":"2\u00a0Minuten"},"schema":{"@context":"https:\/\/schema.org","@graph":[{"@type":"WebPage","@id":"https:\/\/nickswellenfieber.ch\/de\/theorie\/hochseetheorie\/","url":"https:\/\/nickswellenfieber.ch\/de\/theorie\/hochseetheorie\/","name":"Hochseetheorie - Nicks Wellenfieber","isPartOf":{"@id":"https:\/\/nickswellenfieber.ch\/de\/#website"},"datePublished":"2019-04-12T11:42:56+00:00","dateModified":"2023-03-01T07:50:12+00:00","breadcrumb":{"@id":"https:\/\/nickswellenfieber.ch\/de\/theorie\/hochseetheorie\/#breadcrumb"},"inLanguage":"de","potentialAction":[{"@type":"ReadAction","target":["https:\/\/nickswellenfieber.ch\/de\/theorie\/hochseetheorie\/"]}]},{"@type":"BreadcrumbList","@id":"https:\/\/nickswellenfieber.ch\/de\/theorie\/hochseetheorie\/#breadcrumb","itemListElement":[{"@type":"ListItem","position":1,"name":"Home","item":"https:\/\/nickswellenfieber.ch\/de\/"},{"@type":"ListItem","position":2,"name":"Theorie","item":"https:\/\/nickswellenfieber.ch\/de\/theorie\/"},{"@type":"ListItem","position":3,"name":"Hochseetheorie"}]},{"@type":"WebSite","@id":"https:\/\/nickswellenfieber.ch\/de\/#website","url":"https:\/\/nickswellenfieber.ch\/de\/","name":"Nicks Wellenfieber","description":"","potentialAction":[{"@type":"SearchAction","target":{"@type":"EntryPoint","urlTemplate":"https:\/\/nickswellenfieber.ch\/de\/?s={search_term_string}"},"query-input":{"@type":"PropertyValueSpecification","valueRequired":true,"valueName":"search_term_string"}}],"inLanguage":"de"}]}},"_links":{"self":[{"href":"https:\/\/nickswellenfieber.ch\/de\/wp-json\/wp\/v2\/pages\/35","targetHints":{"allow":["GET"]}}],"collection":[{"href":"https:\/\/nickswellenfieber.ch\/de\/wp-json\/wp\/v2\/pages"}],"about":[{"href":"https:\/\/nickswellenfieber.ch\/de\/wp-json\/wp\/v2\/types\/page"}],"author":[{"embeddable":true,"href":"https:\/\/nickswellenfieber.ch\/de\/wp-json\/wp\/v2\/users\/1"}],"replies":[{"embeddable":true,"href":"https:\/\/nickswellenfieber.ch\/de\/wp-json\/wp\/v2\/comments?post=35"}],"version-history":[{"count":9,"href":"https:\/\/nickswellenfieber.ch\/de\/wp-json\/wp\/v2\/pages\/35\/revisions"}],"predecessor-version":[{"id":1280,"href":"https:\/\/nickswellenfieber.ch\/de\/wp-json\/wp\/v2\/pages\/35\/revisions\/1280"}],"up":[{"embeddable":true,"href":"https:\/\/nickswellenfieber.ch\/de\/wp-json\/wp\/v2\/pages\/17"}],"wp:attachment":[{"href":"https:\/\/nickswellenfieber.ch\/de\/wp-json\/wp\/v2\/media?parent=35"}],"curies":[{"name":"wp","href":"https:\/\/api.w.org\/{rel}","templated":true}]}}