{"id":41,"date":"2019-04-12T13:43:50","date_gmt":"2019-04-12T11:43:50","guid":{"rendered":"https:\/\/nickswellenfieber.ch\/?page_id=41"},"modified":"2024-10-23T08:51:57","modified_gmt":"2024-10-23T06:51:57","slug":"firmenevents","status":"publish","type":"page","link":"https:\/\/nickswellenfieber.ch\/de\/angebote\/firmenevents\/","title":{"rendered":"Firmenevents"},"content":{"rendered":"<section class=\"l-section wpb_row height_small with_img parallax_ver\"><div class=\"l-section-img\" role=\"img\" data-img-width=\"1920\" data-img-height=\"1280\" style=\"background-image: url(https:\/\/nickswellenfieber.ch\/wp-content\/uploads\/2019\/04\/firmenevents-jpg.jpg);background-repeat: no-repeat;\"><\/div><div class=\"l-section-h i-cf\"><div class=\"g-cols vc_row via_grid cols_1 laptops-cols_inherit tablets-cols_inherit mobiles-cols_1 valign_middle type_default stacking_default\"><div class=\"wpb_column vc_column_container us_custom_6df4bc3a has_text_color\"><div class=\"vc_column-inner\"><div class=\"ult-spacer spacer-69f33b3aec774\" data-id=\"69f33b3aec774\" data-height=\"200\" data-height-mobile=\"100\" data-height-tab=\"150\" data-height-tab-portrait=\"150\" data-height-mobile-landscape=\"100\" style=\"clear:both;display:block;\"><\/div><div class=\"g-cols wpb_row via_grid cols_2 laptops-cols_inherit tablets-cols_inherit mobiles-cols_1 valign_top type_default stacking_default\" style=\"--columns-gap:3rem;\"><div class=\"wpb_column vc_column_container headerblock\"><div class=\"vc_column-inner\"><div class=\"wpb_text_column us_custom_ce8f7e21 slidertitle\"><div class=\"wpb_wrapper\"><h1>Firmenevents<\/h1>\n<h4>Zusammen durch Wind und Wellen.<\/h4>\n<\/div><\/div><\/div><\/div><div class=\"wpb_column vc_column_container\"><div class=\"vc_column-inner\"><\/div><\/div><\/div><div class=\"ult-spacer spacer-69f33b3aecc3a\" data-id=\"69f33b3aecc3a\" data-height=\"200\" data-height-mobile=\"100\" data-height-tab=\"150\" data-height-tab-portrait=\"150\" data-height-mobile-landscape=\"100\" style=\"clear:both;display:block;\"><\/div><\/div><\/div><\/div><\/div><\/section><section class=\"l-section wpb_row height_large\"><div class=\"l-section-h i-cf\"><div class=\"g-cols vc_row via_grid cols_1 laptops-cols_inherit tablets-cols_inherit mobiles-cols_1 valign_top type_default stacking_default\"><div class=\"wpb_column vc_column_container\"><div class=\"vc_column-inner\"><div class=\"wpb_text_column\"><div class=\"wpb_wrapper\"><h2 style=\"text-align: center;\">ALS TEAM AUF DEN SEE<\/h2>\n<p style=\"text-align: center;\">KOMMEN SIE ALS TEAM IN FAHRT UND ERLEBEN SIE EIN TEAMBILDUNGSEVENT AUF DEM BIELERSEE.<\/p>\n<\/div><\/div><\/div><\/div><\/div><\/div><\/section><!-- Row Backgrounds --><div class=\"upb_color\" data-bg-override=\"0\" data-bg-color=\"\" data-fadeout=\"\" data-fadeout-percentage=\"30\" data-parallax-content=\"\" data-parallax-content-sense=\"30\" data-row-effect-mobile-disable=\"true\" data-img-parallax-mobile-disable=\"true\" data-rtl=\"false\"  data-custom-vc-row=\"\"  data-vc=\"8.4.1\"  data-is_old_vc=\"\"  data-theme-support=\"\"   data-overlay=\"false\" data-overlay-color=\"\" data-overlay-pattern=\"\" data-overlay-pattern-opacity=\"\" data-overlay-pattern-size=\"\"    ><\/div><section class=\"l-section wpb_row height_small\"><div class=\"l-section-h i-cf\"><div class=\"g-cols vc_row via_grid cols_3 laptops-cols_inherit tablets-cols_inherit mobiles-cols_1 valign_top type_default stacking_default\"><div class=\"wpb_column vc_column_container\"><div class=\"vc_column-inner\"><div class=\"wpb_text_column us_custom_3165c112\"><div class=\"wpb_wrapper\"><h3>Organisation<\/h3>\n<\/div><\/div><div class=\"ult-spacer spacer-69f33b3aed3b6\" data-id=\"69f33b3aed3b6\" data-height=\"30\" data-height-mobile=\"30\" data-height-tab=\"30\" data-height-tab-portrait=\"\" data-height-mobile-landscape=\"\" style=\"clear:both;display:block;\"><\/div><div class=\"wpb_text_column\"><div class=\"wpb_wrapper\"><p>Gerne \u00fcbernehmen wir die Organisation sowie die Durchf\u00fchrung von teambildenden Firmenevents oder Incentives, von Familienausfl\u00fcgen, Polterabenden (tags\u00fcber) f\u00fcr Braut und Br\u00e4utigam, Geburtstagen und von Schul-Events. Wir sind bekannt f\u00fcr unsere fein ausgearbeiteten Anl\u00e4sse. <\/p>\n<\/div><\/div><\/div><\/div><div class=\"wpb_column vc_column_container\"><div class=\"vc_column-inner\"><div class=\"wpb_text_column us_custom_3165c112\"><div class=\"wpb_wrapper\"><h3>Die Schiffe<\/h3>\n<\/div><\/div><div class=\"ult-spacer spacer-69f33b3aed5a9\" data-id=\"69f33b3aed5a9\" data-height=\"30\" data-height-mobile=\"30\" data-height-tab=\"30\" data-height-tab-portrait=\"\" data-height-mobile-landscape=\"\" style=\"clear:both;display:block;\"><\/div><div class=\"wpb_text_column\"><div class=\"wpb_wrapper\"><p>Auf unseren drei J80-Yachten bieten wir das ultimative Segel- und Teamerlebnis f\u00fcr Ihre Gruppe oder Ihre Mitarbeiter.<br \/>\nAuf den drei Segelbooten haben Gruppen von insgesamt 21 Personen Platz. F\u00fcr Ausfahrten mit Motorbooten k\u00f6nnen wir bis zu 22 Pl\u00e4tze auf drei Schiffen anbieten. <\/p>\n<\/div><\/div><\/div><\/div><div class=\"wpb_column vc_column_container\"><div class=\"vc_column-inner\"><div class=\"wpb_text_column us_custom_3165c112\"><div class=\"wpb_wrapper\"><h3>Action<\/h3>\n<\/div><\/div><div class=\"ult-spacer spacer-69f33b3aed7ab\" data-id=\"69f33b3aed7ab\" data-height=\"30\" data-height-mobile=\"30\" data-height-tab=\"30\" data-height-tab-portrait=\"\" data-height-mobile-landscape=\"\" style=\"clear:both;display:block;\"><\/div><div class=\"wpb_text_column\"><div class=\"wpb_wrapper\"><p>Wir bieten auch Wasserrodeo auf der Wasserbanane an, Wakeboard, Wasserski oder einfach das Feierabendbier mal anders. Buchen Sie uns f\u00fcr einen spritzigen Ritt auf dem Bielersee mit Ihren Freunden.<\/p>\n<\/div><\/div><\/div><\/div><\/div><\/div><\/section><section class=\"l-section wpb_row height_small\"><div class=\"l-section-h i-cf\"><div class=\"g-cols vc_row via_grid cols_2 laptops-cols_inherit tablets-cols_inherit mobiles-cols_1 valign_top type_default stacking_default\"><div class=\"wpb_column vc_column_container\"><div class=\"vc_column-inner\"><div class=\"wpb_text_column us_custom_64f4ce7a\"><div class=\"wpb_wrapper\"><h3>Eventboot Il Volo<\/h3>\n<\/div><\/div><div class=\"ult-spacer spacer-69f33b3aedbad\" data-id=\"69f33b3aedbad\" data-height=\"30\" data-height-mobile=\"30\" data-height-tab=\"30\" data-height-tab-portrait=\"\" data-height-mobile-landscape=\"\" style=\"clear:both;display:block;\"><\/div><div class=\"wpb_text_column\"><div class=\"wpb_wrapper\"><p class=\"v1MsoNormal\">Ideal f\u00fcr Anl\u00e4sse\/Events sprich Apperofahrten und dergleichen\u00a0<span lang=\"FR-CH\">unser neues Eventboot IL VOLO (Taiwan Trawler Mandarin)<\/span><\/p>\n<ul>\n<li class=\"v1MsoNormal\">Ausgestattet mit Kochgelegenheit, Grill Plancha f\u00fcr den kulinarischen Genuss<\/li>\n<li class=\"v1MsoNormal\">Grosser Salon drei Decks und Badeplattform f\u00fcr das bequeme geniessen.<\/li>\n<li class=\"v1MsoNormal\">Zwei Toiletten (elektrisch) und an kalten Tagen auch im Winter \u00a0mit Heizung<\/li>\n<\/ul>\n<p class=\"v1MsoNormal\">Wir organisieren ihnen nach ihren W\u00fcnschen den perfekten Anlass<\/p>\n<p class=\"v1MsoNormal\">Kann auch kombiniert werden mit Stand Up Paddeling \/ Segeln<\/p>\n<\/div><\/div>[vc_raw_html]JTNDdmlkZW8lMjB3aWR0aCUzRCUyMjcyMCUyMiUyMGhlaWdodCUzRCUyMjQ2MCUyMiUyMGNvbnRyb2xzJTNFJTBBJTIwJTIwJTNDc291cmNlJTIwc3JjJTNEJTIyaHR0cHMlM0ElMkYlMkZuaWNrc3dlbGxlbmZpZWJlci5jaCUyRndwLWNvbnRlbnQlMkZ1cGxvYWRzJTJGMjAyNCUyRjEwJTJGZXZlbnRib290Lk1QNCUyMiUyMHR5cGUlM0QlMjJ2aWRlbyUyRm1wNCUyMiUzRSUwQVlvdXIlMjBicm93c2VyJTIwZG9lcyUyMG5vdCUyMHN1cHBvcnQlMjB0aGUlMjB2aWRlbyUyMHRhZy4lMEElM0MlMkZ2aWRlbyUzRQ==[\/vc_raw_html]<\/div><\/div><div class=\"wpb_column vc_column_container\"><div class=\"vc_column-inner\"><div class=\"w-image align_none\"><div class=\"w-image-h\"><img decoding=\"async\" width=\"591\" height=\"591\" src=\"https:\/\/nickswellenfieber.ch\/wp-content\/uploads\/2024\/05\/IMG_6843.png\" class=\"attachment-large size-large\" alt=\"\" loading=\"lazy\" srcset=\"https:\/\/nickswellenfieber.ch\/wp-content\/uploads\/2024\/05\/IMG_6843.png 591w, https:\/\/nickswellenfieber.ch\/wp-content\/uploads\/2024\/05\/IMG_6843-300x300.png 300w, https:\/\/nickswellenfieber.ch\/wp-content\/uploads\/2024\/05\/IMG_6843-150x150.png 150w, https:\/\/nickswellenfieber.ch\/wp-content\/uploads\/2024\/05\/IMG_6843-350x350.png 350w\" sizes=\"auto, (max-width: 591px) 100vw, 591px\" \/><\/div><\/div><\/div><\/div><\/div><\/div><\/section><section class=\"l-section wpb_row us_custom_edd6783e height_small\"><div class=\"l-section-h i-cf\"><div class=\"g-cols vc_row via_grid cols_1 laptops-cols_inherit tablets-cols_inherit mobiles-cols_1 valign_top type_default stacking_default\"><div class=\"wpb_column vc_column_container us_custom_e6eea9a6 grow has_text_color has_bg_color has-link\"><div class=\"vc_column-inner\"><div class=\"wpb_text_column us_custom_3bbc2f62\"><div class=\"wpb_wrapper\"><h3 style=\"text-align: center;\">Kontaktieren Sie uns!<\/h3>\n<\/div><\/div><\/div><a title=\"Kontakt\" href=\"http:\/\/nickswellenfieber.ch\/de\/kontakt\/\" class=\"vc_column-link smooth-scroll\"><\/a><\/div><\/div><\/div><\/section>\n","protected":false},"excerpt":{"rendered":"Firmenevents Zusammen durch Wind und Wellen. ALS TEAM AUF DEN SEE KOMMEN SIE ALS TEAM IN FAHRT UND ERLEBEN SIE EIN TEAMBILDUNGSEVENT AUF DEM BIELERSEE. Organisation Gerne \u00fcbernehmen wir die Organisation sowie die Durchf\u00fchrung von teambildenden Firmenevents oder Incentives, von Familienausfl\u00fcgen, Polterabenden (tags\u00fcber) f\u00fcr Braut und Br\u00e4utigam, Geburtstagen und von Schul-Events. Wir sind bekannt f\u00fcr...","protected":false},"author":1,"featured_media":0,"parent":19,"menu_order":0,"comment_status":"closed","ping_status":"closed","template":"","meta":{"footnotes":""},"class_list":["post-41","page","type-page","status-publish","hentry"],"yoast_head":"<!-- This site is optimized with the Yoast SEO plugin v24.9 - https:\/\/yoast.com\/wordpress\/plugins\/seo\/ -->\n<title>Firmenevents - Nicks Wellenfieber<\/title>\n<meta name=\"robots\" content=\"index, follow, max-snippet:-1, max-image-preview:large, max-video-preview:-1\" \/>\n<link rel=\"canonical\" href=\"https:\/\/nickswellenfieber.ch\/de\/angebote\/firmenevents\/\" \/>\n<meta property=\"og:locale\" content=\"de_DE\" \/>\n<meta property=\"og:type\" content=\"article\" \/>\n<meta property=\"og:title\" content=\"Firmenevents - Nicks Wellenfieber\" \/>\n<meta property=\"og:url\" content=\"https:\/\/nickswellenfieber.ch\/de\/angebote\/firmenevents\/\" \/>\n<meta property=\"og:site_name\" content=\"Nicks Wellenfieber\" \/>\n<meta property=\"article:modified_time\" content=\"2024-10-23T06:51:57+00:00\" \/>\n<meta name=\"twitter:card\" content=\"summary_large_image\" \/>\n<meta name=\"twitter:label1\" content=\"Gesch\u00e4tzte Lesezeit\" \/>\n\t<meta name=\"twitter:data1\" content=\"2\u00a0Minuten\" \/>\n<script type=\"application\/ld+json\" class=\"yoast-schema-graph\">{\"@context\":\"https:\/\/schema.org\",\"@graph\":[{\"@type\":\"WebPage\",\"@id\":\"https:\/\/nickswellenfieber.ch\/de\/angebote\/firmenevents\/\",\"url\":\"https:\/\/nickswellenfieber.ch\/de\/angebote\/firmenevents\/\",\"name\":\"Firmenevents - Nicks Wellenfieber\",\"isPartOf\":{\"@id\":\"https:\/\/nickswellenfieber.ch\/de\/#website\"},\"datePublished\":\"2019-04-12T11:43:50+00:00\",\"dateModified\":\"2024-10-23T06:51:57+00:00\",\"breadcrumb\":{\"@id\":\"https:\/\/nickswellenfieber.ch\/de\/angebote\/firmenevents\/#breadcrumb\"},\"inLanguage\":\"de\",\"potentialAction\":[{\"@type\":\"ReadAction\",\"target\":[\"https:\/\/nickswellenfieber.ch\/de\/angebote\/firmenevents\/\"]}]},{\"@type\":\"BreadcrumbList\",\"@id\":\"https:\/\/nickswellenfieber.ch\/de\/angebote\/firmenevents\/#breadcrumb\",\"itemListElement\":[{\"@type\":\"ListItem\",\"position\":1,\"name\":\"Home\",\"item\":\"https:\/\/nickswellenfieber.ch\/de\/\"},{\"@type\":\"ListItem\",\"position\":2,\"name\":\"Angebote\",\"item\":\"https:\/\/nickswellenfieber.ch\/de\/angebote\/\"},{\"@type\":\"ListItem\",\"position\":3,\"name\":\"Firmenevents\"}]},{\"@type\":\"WebSite\",\"@id\":\"https:\/\/nickswellenfieber.ch\/de\/#website\",\"url\":\"https:\/\/nickswellenfieber.ch\/de\/\",\"name\":\"Nicks Wellenfieber\",\"description\":\"\",\"potentialAction\":[{\"@type\":\"SearchAction\",\"target\":{\"@type\":\"EntryPoint\",\"urlTemplate\":\"https:\/\/nickswellenfieber.ch\/de\/?s={search_term_string}\"},\"query-input\":{\"@type\":\"PropertyValueSpecification\",\"valueRequired\":true,\"valueName\":\"search_term_string\"}}],\"inLanguage\":\"de\"}]}<\/script>\n<!-- \/ Yoast SEO plugin. -->","yoast_head_json":{"title":"Firmenevents - Nicks Wellenfieber","robots":{"index":"index","follow":"follow","max-snippet":"max-snippet:-1","max-image-preview":"max-image-preview:large","max-video-preview":"max-video-preview:-1"},"canonical":"https:\/\/nickswellenfieber.ch\/de\/angebote\/firmenevents\/","og_locale":"de_DE","og_type":"article","og_title":"Firmenevents - Nicks Wellenfieber","og_url":"https:\/\/nickswellenfieber.ch\/de\/angebote\/firmenevents\/","og_site_name":"Nicks Wellenfieber","article_modified_time":"2024-10-23T06:51:57+00:00","twitter_card":"summary_large_image","twitter_misc":{"Gesch\u00e4tzte Lesezeit":"2\u00a0Minuten"},"schema":{"@context":"https:\/\/schema.org","@graph":[{"@type":"WebPage","@id":"https:\/\/nickswellenfieber.ch\/de\/angebote\/firmenevents\/","url":"https:\/\/nickswellenfieber.ch\/de\/angebote\/firmenevents\/","name":"Firmenevents - Nicks Wellenfieber","isPartOf":{"@id":"https:\/\/nickswellenfieber.ch\/de\/#website"},"datePublished":"2019-04-12T11:43:50+00:00","dateModified":"2024-10-23T06:51:57+00:00","breadcrumb":{"@id":"https:\/\/nickswellenfieber.ch\/de\/angebote\/firmenevents\/#breadcrumb"},"inLanguage":"de","potentialAction":[{"@type":"ReadAction","target":["https:\/\/nickswellenfieber.ch\/de\/angebote\/firmenevents\/"]}]},{"@type":"BreadcrumbList","@id":"https:\/\/nickswellenfieber.ch\/de\/angebote\/firmenevents\/#breadcrumb","itemListElement":[{"@type":"ListItem","position":1,"name":"Home","item":"https:\/\/nickswellenfieber.ch\/de\/"},{"@type":"ListItem","position":2,"name":"Angebote","item":"https:\/\/nickswellenfieber.ch\/de\/angebote\/"},{"@type":"ListItem","position":3,"name":"Firmenevents"}]},{"@type":"WebSite","@id":"https:\/\/nickswellenfieber.ch\/de\/#website","url":"https:\/\/nickswellenfieber.ch\/de\/","name":"Nicks Wellenfieber","description":"","potentialAction":[{"@type":"SearchAction","target":{"@type":"EntryPoint","urlTemplate":"https:\/\/nickswellenfieber.ch\/de\/?s={search_term_string}"},"query-input":{"@type":"PropertyValueSpecification","valueRequired":true,"valueName":"search_term_string"}}],"inLanguage":"de"}]}},"_links":{"self":[{"href":"https:\/\/nickswellenfieber.ch\/de\/wp-json\/wp\/v2\/pages\/41","targetHints":{"allow":["GET"]}}],"collection":[{"href":"https:\/\/nickswellenfieber.ch\/de\/wp-json\/wp\/v2\/pages"}],"about":[{"href":"https:\/\/nickswellenfieber.ch\/de\/wp-json\/wp\/v2\/types\/page"}],"author":[{"embeddable":true,"href":"https:\/\/nickswellenfieber.ch\/de\/wp-json\/wp\/v2\/users\/1"}],"replies":[{"embeddable":true,"href":"https:\/\/nickswellenfieber.ch\/de\/wp-json\/wp\/v2\/comments?post=41"}],"version-history":[{"count":16,"href":"https:\/\/nickswellenfieber.ch\/de\/wp-json\/wp\/v2\/pages\/41\/revisions"}],"predecessor-version":[{"id":2473,"href":"https:\/\/nickswellenfieber.ch\/de\/wp-json\/wp\/v2\/pages\/41\/revisions\/2473"}],"up":[{"embeddable":true,"href":"https:\/\/nickswellenfieber.ch\/de\/wp-json\/wp\/v2\/pages\/19"}],"wp:attachment":[{"href":"https:\/\/nickswellenfieber.ch\/de\/wp-json\/wp\/v2\/media?parent=41"}],"curies":[{"name":"wp","href":"https:\/\/api.w.org\/{rel}","templated":true}]}}