{"id":65,"date":"2019-04-12T14:03:58","date_gmt":"2019-04-12T12:03:58","guid":{"rendered":"https:\/\/nickswellenfieber.ch\/?page_id=65"},"modified":"2025-06-06T10:11:45","modified_gmt":"2025-06-06T08:11:45","slug":"agb","status":"publish","type":"page","link":"https:\/\/nickswellenfieber.ch\/de\/agb\/","title":{"rendered":"AGB"},"content":{"rendered":"<section class=\"l-section wpb_row height_large\"><div class=\"l-section-h i-cf\"><div class=\"g-cols vc_row via_grid cols_1 laptops-cols_inherit tablets-cols_inherit mobiles-cols_1 valign_top type_default stacking_default\"><div class=\"wpb_column vc_column_container\"><div class=\"vc_column-inner\"><div class=\"wpb_text_column\"><div class=\"wpb_wrapper\"><h1 style=\"text-align: left;\">AGB<\/h1>\n<\/div><\/div><\/div><\/div><\/div><\/div><\/section><!-- Row Backgrounds --><div class=\"upb_color\" data-bg-override=\"0\" data-bg-color=\"#f5f5f5\" data-fadeout=\"\" data-fadeout-percentage=\"30\" data-parallax-content=\"\" data-parallax-content-sense=\"30\" data-row-effect-mobile-disable=\"true\" data-img-parallax-mobile-disable=\"true\" data-rtl=\"false\"  data-custom-vc-row=\"\"  data-vc=\"8.4.1\"  data-is_old_vc=\"\"  data-theme-support=\"\"   data-overlay=\"false\" data-overlay-color=\"\" data-overlay-pattern=\"\" data-overlay-pattern-opacity=\"\" data-overlay-pattern-size=\"\"    ><\/div><section class=\"l-section wpb_row us_custom_4e0cc4c3 height_small\"><div class=\"l-section-h i-cf\"><div class=\"g-cols vc_row via_grid cols_1 laptops-cols_inherit tablets-cols_inherit mobiles-cols_1 valign_top type_default stacking_default\"><div class=\"wpb_column vc_column_container\"><div class=\"vc_column-inner\"><div class=\"wpb_text_column us_custom_39cf0ed0\"><div class=\"wpb_wrapper\"><h3>Allgemeine Gesch\u00e4ftsbedingungen<\/h3>\n<\/div><\/div><div class=\"ult-spacer spacer-6a0718a0a9e84\" data-id=\"6a0718a0a9e84\" data-height=\"20\" data-height-mobile=\"20\" data-height-tab=\"20\" data-height-tab-portrait=\"\" data-height-mobile-landscape=\"\" style=\"clear:both;display:block;\"><\/div><div class=\"wpb_text_column\"><div class=\"wpb_wrapper\"><p>Die allgemeinen Gesch\u00e4ftsbedingungen sind ein integrierter Bestandteil der Motor- und Segelbootschule NicksWellenfieber.<\/p>\n<\/div><\/div><\/div><\/div><\/div><\/div><\/section><section class=\"l-section wpb_row height_small\"><div class=\"l-section-h i-cf\"><div class=\"g-cols vc_row via_grid cols_1 laptops-cols_inherit tablets-cols_inherit mobiles-cols_1 valign_top type_default stacking_default\"><div class=\"wpb_column vc_column_container\"><div class=\"vc_column-inner\"><div class=\"wpb_text_column us_custom_39cf0ed0\"><div class=\"wpb_wrapper\"><h3>Schulung<\/h3>\n<\/div><\/div><div class=\"ult-spacer spacer-6a0718a0aa356\" data-id=\"6a0718a0aa356\" data-height=\"20\" data-height-mobile=\"20\" data-height-tab=\"20\" data-height-tab-portrait=\"\" data-height-mobile-landscape=\"\" style=\"clear:both;display:block;\"><\/div><div class=\"wpb_text_column\"><div class=\"wpb_wrapper\"><p>Motorboot:<br \/>\nDie Motorbootstunde findet grunds\u00e4tzlich bei jeder Witterung statt. Bei Sturmwarnung kann die Stunde nicht mehr durchgef\u00fchrt werden. Nick Benz entscheidet \u00fcber die Durchf\u00fchrung der Kurse.<\/p>\n<p>Segelboot:<br \/>\nSegeln ist von Wind und Wetter abh\u00e4ngig. Ab Windst\u00e4rke 5 werden die Stunden nicht durchgef\u00fchrt. Nasse Witterung ist kein Annullationsgrund. Grunds\u00e4tzlich wird der Sch\u00fcler zu jeder Stunde im Barkenhafen erwartet. <\/p>\n<\/div><\/div><\/div><\/div><\/div><\/div><\/section><section class=\"l-section wpb_row height_small\"><div class=\"l-section-h i-cf\"><div class=\"g-cols vc_row via_grid cols_1 laptops-cols_inherit tablets-cols_inherit mobiles-cols_1 valign_top type_default stacking_default\"><div class=\"wpb_column vc_column_container\"><div class=\"vc_column-inner\"><div class=\"wpb_text_column us_custom_39cf0ed0\"><div class=\"wpb_wrapper\"><h3>Annullation des Schulungstermins durch den Sch\u00fcler<\/h3>\n<\/div><\/div><div class=\"ult-spacer spacer-6a0718a0aa837\" data-id=\"6a0718a0aa837\" data-height=\"20\" data-height-mobile=\"20\" data-height-tab=\"20\" data-height-tab-portrait=\"\" data-height-mobile-landscape=\"\" style=\"clear:both;display:block;\"><\/div><div class=\"wpb_text_column\"><div class=\"wpb_wrapper\"><p>Eine Annullation der Stunde muss, ausser bei Krankheit, mindestens 24 Stunden vorher gemacht werden. Eine Ersatzstunde muss seitens der Motor- und Segelbootschule nicht gefunden werden. Grunds\u00e4tzlich ist es wichtig, dass das zusammen ausgearbeitete Programm eingehalten werden kann, um erfolgreich die Pr\u00fcfung absolvieren zu k\u00f6nnen.<\/p>\n<p>Bei wiederholter Annullation und nicht seri\u00f6sem Verhalten des Sch\u00fclers wird die Stunde trotzdem verrechnet. Zudem beh\u00e4lt sich Nick Benz das Recht vor, sich von einer Zusammenarbeit mit dem Sch\u00fcler zu distanzieren. <\/p>\n<\/div><\/div><\/div><\/div><\/div><\/div><\/section><section class=\"l-section wpb_row height_small\"><div class=\"l-section-h i-cf\"><div class=\"g-cols vc_row via_grid cols_1 laptops-cols_inherit tablets-cols_inherit mobiles-cols_1 valign_top type_default stacking_default\"><div class=\"wpb_column vc_column_container\"><div class=\"vc_column-inner\"><div class=\"wpb_text_column us_custom_39cf0ed0\"><div class=\"wpb_wrapper\"><h3>Pr\u00fcfung<\/h3>\n<\/div><\/div><div class=\"ult-spacer spacer-6a0718a0aad46\" data-id=\"6a0718a0aad46\" data-height=\"20\" data-height-mobile=\"20\" data-height-tab=\"20\" data-height-tab-portrait=\"\" data-height-mobile-landscape=\"\" style=\"clear:both;display:block;\"><\/div><div class=\"wpb_text_column\"><div class=\"wpb_wrapper\"><p> Nick Benz entscheidet, wie viele Stunden ein Sch\u00fcler braucht, um an die Pr\u00fcfung antreten zu k\u00f6nnen. Im Zweifelsfalle wird gemeinsam entschieden, ob ein Sch\u00fcler zur Pr\u00fcfung antritt oder nicht. Die Verschiebungskosten gehen zu Lasten des Sch\u00fclers. <\/p>\n<\/div><\/div><\/div><\/div><\/div><\/div><\/section><section class=\"l-section wpb_row height_small\"><div class=\"l-section-h i-cf\"><div class=\"g-cols vc_row via_grid cols_1 laptops-cols_inherit tablets-cols_inherit mobiles-cols_1 valign_top type_default stacking_default\"><div class=\"wpb_column vc_column_container\"><div class=\"vc_column-inner\"><div class=\"wpb_text_column us_custom_39cf0ed0\"><div class=\"wpb_wrapper\"><h3>Zahlung<\/h3>\n<\/div><\/div><div class=\"ult-spacer spacer-6a0718a0aea8a\" data-id=\"6a0718a0aea8a\" data-height=\"20\" data-height-mobile=\"20\" data-height-tab=\"20\" data-height-tab-portrait=\"\" data-height-mobile-landscape=\"\" style=\"clear:both;display:block;\"><\/div><div class=\"wpb_text_column\"><div class=\"wpb_wrapper\"><p>Versicherung: Die Versicherung ist einmalig.<\/p>\n<p>Bei Beginn der Schulung muss bis Ende der ersten Woche eine Akontozahlung \u00fcber CHF 1000.00 geleistet werden. Wenn diese aufgebraucht ist, werden weitere Akontozahlungen f\u00e4llig. Bei nicht geleisteter Zahlung kann die Schulung abgebrochen werden.<\/p>\n<p>Ziel: Bis zur Pr\u00fcfung muss die ganze Schulung bezahlt sein. Am Tag der Pr\u00fcfung werden die Pr\u00fcfung selbst und das Einfahren abgerechnet. Dieser Betrag muss nach der Pr\u00fcfung bar bezahlt werden. <\/p>\n<\/div><\/div><\/div><\/div><\/div><\/div><\/section><section class=\"l-section wpb_row height_small\"><div class=\"l-section-h i-cf\"><div class=\"g-cols vc_row via_grid cols_1 laptops-cols_inherit tablets-cols_inherit mobiles-cols_1 valign_top type_default stacking_default\"><div class=\"wpb_column vc_column_container\"><div class=\"vc_column-inner\"><div class=\"wpb_text_column us_custom_39cf0ed0\"><div class=\"wpb_wrapper\"><h3>Gutscheine<\/h3>\n<\/div><\/div><div class=\"ult-spacer spacer-6a0718a0aeeeb\" data-id=\"6a0718a0aeeeb\" data-height=\"20\" data-height-mobile=\"20\" data-height-tab=\"20\" data-height-tab-portrait=\"\" data-height-mobile-landscape=\"\" style=\"clear:both;display:block;\"><\/div><div class=\"wpb_text_column\"><div class=\"wpb_wrapper\"><p>Gutscheine sind 1 Jahr ab dem Kaufdatum g\u00fcltig.<\/p>\n<\/div><\/div><\/div><\/div><\/div><\/div><\/section><section class=\"l-section wpb_row height_small\"><div class=\"l-section-h i-cf\"><div class=\"g-cols vc_row via_grid cols_1 laptops-cols_inherit tablets-cols_inherit mobiles-cols_1 valign_top type_default stacking_default\"><div class=\"wpb_column vc_column_container\"><div class=\"vc_column-inner\"><div class=\"wpb_text_column us_custom_88e883dd\"><div class=\"wpb_wrapper\"><h3>Vermittlungsgeb\u00fchr\/Provision<\/h3>\n<\/div><\/div><div class=\"ult-spacer spacer-6a0718a0af377\" data-id=\"6a0718a0af377\" data-height=\"20\" data-height-mobile=\"20\" data-height-tab=\"20\" data-height-tab-portrait=\"\" data-height-mobile-landscape=\"\" style=\"clear:both;display:block;\"><\/div><div class=\"wpb_text_column\"><div class=\"wpb_wrapper\"><h4>Reglement Bootskauf\/Verkauf und Bootsplatzvermittlung<\/h4>\n<p>F\u00fcr die Vermittlung von Bootspl\u00e4tzen durch Nickswellenfieber verrechnen obligatorisch wir folgendes:<\/p>\n<p><strong>Bootspl\u00e4tze der Gr\u00f6sse:<\/strong><br \/>\nBis 2.50 x 7,50 Meter 500.\u2014<br \/>\nAb 2,60 x 7,60 bis 3,00 x 9,00 1000.\u2014<br \/>\nAb 3.10 x 9,10 bis unbegrenzt 1500.\u2014<\/p>\n<p><strong>Bootsverk\u00e4ufe \/ K\u00e4ufe:<\/strong><br \/>\nBis Verkauf-\/ Kaufpreis 15&#8217;000.\u2014 3,5 %<br \/>\nVon 15001.\u2014 bis 30&#8217;000.\u2014 5.0%<br \/>\nVon 30&#8217;001.\u2014bis 50&#8217;000.\u2014 6,5%<br \/>\nAb 50&#8217;001 7,5%<\/p>\n<p>Ausnahmen gibt es keine ausser es ist schriftlich vereinbart.<\/p>\n<\/div><\/div><\/div><\/div><\/div><\/div><\/section>\n","protected":false},"excerpt":{"rendered":"AGB Allgemeine Gesch\u00e4ftsbedingungen Die allgemeinen Gesch\u00e4ftsbedingungen sind ein integrierter Bestandteil der Motor- und Segelbootschule NicksWellenfieber. Schulung Motorboot: Die Motorbootstunde findet grunds\u00e4tzlich bei jeder Witterung statt. Bei Sturmwarnung kann die Stunde nicht mehr durchgef\u00fchrt werden. Nick Benz entscheidet \u00fcber die Durchf\u00fchrung der Kurse. Segelboot: Segeln ist von Wind und Wetter abh\u00e4ngig. Ab Windst\u00e4rke 5 werden die...","protected":false},"author":1,"featured_media":0,"parent":0,"menu_order":0,"comment_status":"closed","ping_status":"closed","template":"","meta":{"footnotes":""},"class_list":["post-65","page","type-page","status-publish","hentry"],"yoast_head":"<!-- This site is optimized with the Yoast SEO plugin v24.9 - https:\/\/yoast.com\/wordpress\/plugins\/seo\/ -->\n<title>AGB - Nicks Wellenfieber<\/title>\n<meta name=\"robots\" content=\"index, follow, max-snippet:-1, max-image-preview:large, max-video-preview:-1\" \/>\n<link rel=\"canonical\" href=\"https:\/\/nickswellenfieber.ch\/de\/agb\/\" \/>\n<meta property=\"og:locale\" content=\"de_DE\" \/>\n<meta property=\"og:type\" content=\"article\" \/>\n<meta property=\"og:title\" content=\"AGB - Nicks Wellenfieber\" \/>\n<meta property=\"og:url\" content=\"https:\/\/nickswellenfieber.ch\/de\/agb\/\" \/>\n<meta property=\"og:site_name\" content=\"Nicks Wellenfieber\" \/>\n<meta property=\"article:modified_time\" content=\"2025-06-06T08:11:45+00:00\" \/>\n<meta name=\"twitter:card\" content=\"summary_large_image\" \/>\n<meta name=\"twitter:label1\" content=\"Gesch\u00e4tzte Lesezeit\" \/>\n\t<meta name=\"twitter:data1\" content=\"2\u00a0Minuten\" \/>\n<script type=\"application\/ld+json\" class=\"yoast-schema-graph\">{\"@context\":\"https:\/\/schema.org\",\"@graph\":[{\"@type\":\"WebPage\",\"@id\":\"https:\/\/nickswellenfieber.ch\/de\/agb\/\",\"url\":\"https:\/\/nickswellenfieber.ch\/de\/agb\/\",\"name\":\"AGB - Nicks Wellenfieber\",\"isPartOf\":{\"@id\":\"https:\/\/nickswellenfieber.ch\/de\/#website\"},\"datePublished\":\"2019-04-12T12:03:58+00:00\",\"dateModified\":\"2025-06-06T08:11:45+00:00\",\"breadcrumb\":{\"@id\":\"https:\/\/nickswellenfieber.ch\/de\/agb\/#breadcrumb\"},\"inLanguage\":\"de\",\"potentialAction\":[{\"@type\":\"ReadAction\",\"target\":[\"https:\/\/nickswellenfieber.ch\/de\/agb\/\"]}]},{\"@type\":\"BreadcrumbList\",\"@id\":\"https:\/\/nickswellenfieber.ch\/de\/agb\/#breadcrumb\",\"itemListElement\":[{\"@type\":\"ListItem\",\"position\":1,\"name\":\"Home\",\"item\":\"https:\/\/nickswellenfieber.ch\/de\/\"},{\"@type\":\"ListItem\",\"position\":2,\"name\":\"AGB\"}]},{\"@type\":\"WebSite\",\"@id\":\"https:\/\/nickswellenfieber.ch\/de\/#website\",\"url\":\"https:\/\/nickswellenfieber.ch\/de\/\",\"name\":\"Nicks Wellenfieber\",\"description\":\"\",\"potentialAction\":[{\"@type\":\"SearchAction\",\"target\":{\"@type\":\"EntryPoint\",\"urlTemplate\":\"https:\/\/nickswellenfieber.ch\/de\/?s={search_term_string}\"},\"query-input\":{\"@type\":\"PropertyValueSpecification\",\"valueRequired\":true,\"valueName\":\"search_term_string\"}}],\"inLanguage\":\"de\"}]}<\/script>\n<!-- \/ Yoast SEO plugin. -->","yoast_head_json":{"title":"AGB - Nicks Wellenfieber","robots":{"index":"index","follow":"follow","max-snippet":"max-snippet:-1","max-image-preview":"max-image-preview:large","max-video-preview":"max-video-preview:-1"},"canonical":"https:\/\/nickswellenfieber.ch\/de\/agb\/","og_locale":"de_DE","og_type":"article","og_title":"AGB - Nicks Wellenfieber","og_url":"https:\/\/nickswellenfieber.ch\/de\/agb\/","og_site_name":"Nicks Wellenfieber","article_modified_time":"2025-06-06T08:11:45+00:00","twitter_card":"summary_large_image","twitter_misc":{"Gesch\u00e4tzte Lesezeit":"2\u00a0Minuten"},"schema":{"@context":"https:\/\/schema.org","@graph":[{"@type":"WebPage","@id":"https:\/\/nickswellenfieber.ch\/de\/agb\/","url":"https:\/\/nickswellenfieber.ch\/de\/agb\/","name":"AGB - Nicks Wellenfieber","isPartOf":{"@id":"https:\/\/nickswellenfieber.ch\/de\/#website"},"datePublished":"2019-04-12T12:03:58+00:00","dateModified":"2025-06-06T08:11:45+00:00","breadcrumb":{"@id":"https:\/\/nickswellenfieber.ch\/de\/agb\/#breadcrumb"},"inLanguage":"de","potentialAction":[{"@type":"ReadAction","target":["https:\/\/nickswellenfieber.ch\/de\/agb\/"]}]},{"@type":"BreadcrumbList","@id":"https:\/\/nickswellenfieber.ch\/de\/agb\/#breadcrumb","itemListElement":[{"@type":"ListItem","position":1,"name":"Home","item":"https:\/\/nickswellenfieber.ch\/de\/"},{"@type":"ListItem","position":2,"name":"AGB"}]},{"@type":"WebSite","@id":"https:\/\/nickswellenfieber.ch\/de\/#website","url":"https:\/\/nickswellenfieber.ch\/de\/","name":"Nicks Wellenfieber","description":"","potentialAction":[{"@type":"SearchAction","target":{"@type":"EntryPoint","urlTemplate":"https:\/\/nickswellenfieber.ch\/de\/?s={search_term_string}"},"query-input":{"@type":"PropertyValueSpecification","valueRequired":true,"valueName":"search_term_string"}}],"inLanguage":"de"}]}},"_links":{"self":[{"href":"https:\/\/nickswellenfieber.ch\/de\/wp-json\/wp\/v2\/pages\/65","targetHints":{"allow":["GET"]}}],"collection":[{"href":"https:\/\/nickswellenfieber.ch\/de\/wp-json\/wp\/v2\/pages"}],"about":[{"href":"https:\/\/nickswellenfieber.ch\/de\/wp-json\/wp\/v2\/types\/page"}],"author":[{"embeddable":true,"href":"https:\/\/nickswellenfieber.ch\/de\/wp-json\/wp\/v2\/users\/1"}],"replies":[{"embeddable":true,"href":"https:\/\/nickswellenfieber.ch\/de\/wp-json\/wp\/v2\/comments?post=65"}],"version-history":[{"count":11,"href":"https:\/\/nickswellenfieber.ch\/de\/wp-json\/wp\/v2\/pages\/65\/revisions"}],"predecessor-version":[{"id":5518,"href":"https:\/\/nickswellenfieber.ch\/de\/wp-json\/wp\/v2\/pages\/65\/revisions\/5518"}],"wp:attachment":[{"href":"https:\/\/nickswellenfieber.ch\/de\/wp-json\/wp\/v2\/media?parent=65"}],"curies":[{"name":"wp","href":"https:\/\/api.w.org\/{rel}","templated":true}]}}