{"id":534,"date":"2019-05-03T10:01:24","date_gmt":"2019-05-03T08:01:24","guid":{"rendered":"https:\/\/nickswellenfieber.ch\/?page_id=534"},"modified":"2025-06-06T10:13:04","modified_gmt":"2025-06-06T08:13:04","slug":"cg","status":"publish","type":"page","link":"https:\/\/nickswellenfieber.ch\/fr\/cg\/","title":{"rendered":"CG"},"content":{"rendered":"<section class=\"l-section wpb_row height_large\"><div class=\"l-section-h i-cf\"><div class=\"g-cols vc_row via_grid cols_1 laptops-cols_inherit tablets-cols_inherit mobiles-cols_1 valign_top type_default stacking_default\"><div class=\"wpb_column vc_column_container\"><div class=\"vc_column-inner\"><div class=\"wpb_text_column\"><div class=\"wpb_wrapper\"><h1 style=\"text-align: left;\">CONDITIONS G\u00c9N\u00c9RALES<\/h1>\n<\/div><\/div><\/div><\/div><\/div><\/div><\/section><!-- Row Backgrounds --><div class=\"upb_color\" data-bg-override=\"0\" data-bg-color=\"#f5f5f5\" data-fadeout=\"\" data-fadeout-percentage=\"30\" data-parallax-content=\"\" data-parallax-content-sense=\"30\" data-row-effect-mobile-disable=\"true\" data-img-parallax-mobile-disable=\"true\" data-rtl=\"false\"  data-custom-vc-row=\"\"  data-vc=\"8.4.1\"  data-is_old_vc=\"\"  data-theme-support=\"\"   data-overlay=\"false\" data-overlay-color=\"\" data-overlay-pattern=\"\" data-overlay-pattern-opacity=\"\" data-overlay-pattern-size=\"\"    ><\/div><section class=\"l-section wpb_row us_custom_4e0cc4c3 height_small\"><div class=\"l-section-h i-cf\"><div class=\"g-cols vc_row via_grid cols_1 laptops-cols_inherit tablets-cols_inherit mobiles-cols_1 valign_top type_default stacking_default\"><div class=\"wpb_column vc_column_container\"><div class=\"vc_column-inner\"><div class=\"wpb_text_column us_custom_39cf0ed0\"><div class=\"wpb_wrapper\"><h3>Conditions g\u00e9n\u00e9rales<\/h3>\n<\/div><\/div><div class=\"ult-spacer spacer-6a070b1a4f24a\" data-id=\"6a070b1a4f24a\" data-height=\"20\" data-height-mobile=\"20\" data-height-tab=\"20\" data-height-tab-portrait=\"\" data-height-mobile-landscape=\"\" style=\"clear:both;display:block;\"><\/div><div class=\"wpb_text_column\"><div class=\"wpb_wrapper\"><p>Les conditions g\u00e9n\u00e9rales font parties int\u00e9grantes de l\u2019ecole de voile et de bateau \u00e0 moteur NicksWellenfieber.<\/p>\n<\/div><\/div><\/div><\/div><\/div><\/div><\/section><section class=\"l-section wpb_row height_small\"><div class=\"l-section-h i-cf\"><div class=\"g-cols vc_row via_grid cols_1 laptops-cols_inherit tablets-cols_inherit mobiles-cols_1 valign_top type_default stacking_default\"><div class=\"wpb_column vc_column_container\"><div class=\"vc_column-inner\"><div class=\"wpb_text_column us_custom_39cf0ed0\"><div class=\"wpb_wrapper\"><h3>Formation<\/h3>\n<\/div><\/div><div class=\"ult-spacer spacer-6a070b1a4f54d\" data-id=\"6a070b1a4f54d\" data-height=\"20\" data-height-mobile=\"20\" data-height-tab=\"20\" data-height-tab-portrait=\"\" data-height-mobile-landscape=\"\" style=\"clear:both;display:block;\"><\/div><div class=\"wpb_text_column\"><div class=\"wpb_wrapper\"><p>Bateau \u00e0 moteur:<br \/>\nL\u2019heure de bateau \u00e0 moteur s\u2019effectue en principe dans toutes les conditions m\u00e9t\u00e9orologiques. En cas d\u2019alarme temp\u00eate le cours doit \u00eatre interrompu. Nick Benz d\u00e9cide du d\u00e9roulement du cours.<\/p>\n<p>Bateau \u00e0 voile :<br \/>\nFaire de la voile d\u00e9pend des conditions m\u00e9t\u00e9orologiques. Les cours ne sont pas donn\u00e9s \u00e0 partir d\u2019une force de vent de 5 Beaufort. La pluie n\u2019est pas une raison de renonciation au cours. De mani\u00e8re g\u00e9n\u00e9rale, l\u2019\u00e9l\u00e8ve est attendu au port pour chaque cours programm\u00e9.<\/p>\n<\/div><\/div><\/div><\/div><\/div><\/div><\/section><section class=\"l-section wpb_row height_small\"><div class=\"l-section-h i-cf\"><div class=\"g-cols vc_row via_grid cols_1 laptops-cols_inherit tablets-cols_inherit mobiles-cols_1 valign_top type_default stacking_default\"><div class=\"wpb_column vc_column_container\"><div class=\"vc_column-inner\"><div class=\"wpb_text_column us_custom_39cf0ed0\"><div class=\"wpb_wrapper\"><h3>Annulation du cours par l\u2019\u00e9l\u00e8ve<\/h3>\n<\/div><\/div><div class=\"ult-spacer spacer-6a070b1a4f80c\" data-id=\"6a070b1a4f80c\" data-height=\"20\" data-height-mobile=\"20\" data-height-tab=\"20\" data-height-tab-portrait=\"\" data-height-mobile-landscape=\"\" style=\"clear:both;display:block;\"><\/div><div class=\"wpb_text_column\"><div class=\"wpb_wrapper\"><p>En dehors du cas de maladie, une annulation de cours doit \u00eatre annonc\u00e9e au minimum 24 heures \u00e0 l\u2019avance. Un remplacement de la le\u00e7on n\u2019est pas d\u00fb par l\u2019\u00e9cole. De mani\u00e8re g\u00e9n\u00e9rale et en vue de l\u2019obtention du permis de conduire il est important que le programme d\u2019apprentissage convenu ensemble soit respect\u00e9.<\/p>\n<p>En cas d\u2019annulations r\u00e9p\u00e9t\u00e9es et de comportements non s\u00e9rieux de l\u2019\u00e9l\u00e8ve, le cours sera factur\u00e9. De plus Nick Benz se r\u00e9serve le droit de prendre ses distances d\u2019avec l\u2019\u00e9l\u00e8ve.<\/p>\n<\/div><\/div><\/div><\/div><\/div><\/div><\/section><section class=\"l-section wpb_row height_small\"><div class=\"l-section-h i-cf\"><div class=\"g-cols vc_row via_grid cols_1 laptops-cols_inherit tablets-cols_inherit mobiles-cols_1 valign_top type_default stacking_default\"><div class=\"wpb_column vc_column_container\"><div class=\"vc_column-inner\"><div class=\"wpb_text_column us_custom_39cf0ed0\"><div class=\"wpb_wrapper\"><h3>Examen<\/h3>\n<\/div><\/div><div class=\"ult-spacer spacer-6a070b1a4fab1\" data-id=\"6a070b1a4fab1\" data-height=\"20\" data-height-mobile=\"20\" data-height-tab=\"20\" data-height-tab-portrait=\"\" data-height-mobile-landscape=\"\" style=\"clear:both;display:block;\"><\/div><div class=\"wpb_text_column\"><div class=\"wpb_wrapper\"><p>Nick Benz d\u00e9cide du nombre de le\u00e7ons n\u00e9cessaires \u00e0 un \u00e9l\u00e8ve pour se pr\u00e9senter \u00e0 l\u2019examen. En cas de doutes la d\u00e9cision sera prise conjointement de pr\u00e9senter ou non l\u2019\u00e9l\u00e8ve \u00e0 l\u2019examen. Les co\u00fbts des reports sont \u00e0 la charge de l\u2019\u00e9l\u00e8ve.<\/p>\n<\/div><\/div><\/div><\/div><\/div><\/div><\/section><section class=\"l-section wpb_row height_small\"><div class=\"l-section-h i-cf\"><div class=\"g-cols vc_row via_grid cols_1 laptops-cols_inherit tablets-cols_inherit mobiles-cols_1 valign_top type_default stacking_default\"><div class=\"wpb_column vc_column_container\"><div class=\"vc_column-inner\"><div class=\"wpb_text_column us_custom_39cf0ed0\"><div class=\"wpb_wrapper\"><h3>Payement<\/h3>\n<\/div><\/div><div class=\"ult-spacer spacer-6a070b1a4fd25\" data-id=\"6a070b1a4fd25\" data-height=\"20\" data-height-mobile=\"20\" data-height-tab=\"20\" data-height-tab-portrait=\"\" data-height-mobile-landscape=\"\" style=\"clear:both;display:block;\"><\/div><div class=\"wpb_text_column\"><div class=\"wpb_wrapper\"><p>Assurance: l\u2019assurance n\u2019est pay\u00e9e qu\u2019une fois.<\/p>\n<p>Un acompte de CHF 1000.00 est \u00e0 verser avant la fin de la premi\u00e8re semaine de cours. Quand ce dernier est \u00e9puis\u00e9 un nouvel acompte\/payement doit \u00eatre effectu\u00e9. En cas de non-payements les cours peuvent \u00eatre annul\u00e9s.<\/p>\n<p>Objectif : jusqu\u2019\u00e0 la date de l\u2019examen les cours doivent avoir \u00e9t\u00e9 pay\u00e9s. Le jour de l\u2019examen ce dernier ainsi que le trajet seront factur\u00e9s. Ce montant est \u00e0 payer en esp\u00e8ce apr\u00e8s l\u2019examen.<\/p>\n<\/div><\/div><\/div><\/div><\/div><\/div><\/section><section class=\"l-section wpb_row height_small\"><div class=\"l-section-h i-cf\"><div class=\"g-cols vc_row via_grid cols_1 laptops-cols_inherit tablets-cols_inherit mobiles-cols_1 valign_top type_default stacking_default\"><div class=\"wpb_column vc_column_container\"><div class=\"vc_column-inner\"><div class=\"wpb_text_column us_custom_39cf0ed0\"><div class=\"wpb_wrapper\"><h3>Bons d&rsquo;achat<\/h3>\n<\/div><\/div><div class=\"ult-spacer spacer-6a070b1a500a2\" data-id=\"6a070b1a500a2\" data-height=\"20\" data-height-mobile=\"20\" data-height-tab=\"20\" data-height-tab-portrait=\"\" data-height-mobile-landscape=\"\" style=\"clear:both;display:block;\"><\/div><div class=\"wpb_text_column\"><div class=\"wpb_wrapper\"><p>Les bons d&rsquo;achat sont valables 1 an \u00e0 compter de la date d&rsquo;achat.<\/p>\n<\/div><\/div><\/div><\/div><\/div><\/div><\/section><section class=\"l-section wpb_row height_small\"><div class=\"l-section-h i-cf\"><div class=\"g-cols vc_row via_grid cols_1 laptops-cols_inherit tablets-cols_inherit mobiles-cols_1 valign_top type_default stacking_default\"><div class=\"wpb_column vc_column_container\"><div class=\"vc_column-inner\"><div class=\"wpb_text_column us_custom_88e883dd\"><div class=\"wpb_wrapper\"><h3>Frais \/ Commission d\u2019 Agence<\/h3>\n<\/div><\/div><div class=\"ult-spacer spacer-6a070b1a5035c\" data-id=\"6a070b1a5035c\" data-height=\"20\" data-height-mobile=\"20\" data-height-tab=\"20\" data-height-tab-portrait=\"\" data-height-mobile-landscape=\"\" style=\"clear:both;display:block;\"><\/div><div class=\"wpb_text_column\"><div class=\"wpb_wrapper\"><h4>R\u00e8glement relatif \u00e0 la vente et \u00e0 l\u2019achat de bateaux et au courtage de places de port \/ bou\u00e9e<\/h4>\n<p><strong>Place de port \/bou\u00e9e des tailles suivantes :<\/strong><br \/>\nDe 2,50 x 7,50 m\u00e8tre 500.\u2014<br \/>\nDe 2,60 x 7,60 m\u00e8tre jusque 3,00 x 9,00 m\u00e8tre 1000.\u2014<br \/>\nDe 3,10 x 9,10 jusque illimit\u00e9 1500.\u2014<\/p>\n<p><strong>Vente et achat des bateaux :<\/strong><br \/>\nJusque prix de vente \/Prix d\u2019achat de 15&rsquo;000.\u2014 3,5%<br \/>\nDe 15&rsquo;001 jusque \u00e0 30&rsquo;000.\u2014 5,0%<br \/>\nDe 30&rsquo;001 jusque \u00e0 50&rsquo;000.\u2014 6,5%<br \/>\nDe 50&rsquo;001.\u2014 jusque illimit\u00e9 7,5%<\/p>\n<p>Aucune exception n\u2019est admise, sauf accord par \u00e9crit !<\/p>\n<\/div><\/div><\/div><\/div><\/div><\/div><\/section>\n","protected":false},"excerpt":{"rendered":"CONDITIONS G\u00c9N\u00c9RALES Conditions g\u00e9n\u00e9rales Les conditions g\u00e9n\u00e9rales font parties int\u00e9grantes de l\u2019ecole de voile et de bateau \u00e0 moteur NicksWellenfieber. Formation Bateau \u00e0 moteur: L\u2019heure de bateau \u00e0 moteur s\u2019effectue en principe dans toutes les conditions m\u00e9t\u00e9orologiques. En cas d\u2019alarme temp\u00eate le cours doit \u00eatre interrompu. Nick Benz d\u00e9cide du d\u00e9roulement du cours. Bateau \u00e0...","protected":false},"author":1,"featured_media":0,"parent":0,"menu_order":0,"comment_status":"closed","ping_status":"closed","template":"","meta":{"footnotes":""},"class_list":["post-534","page","type-page","status-publish","hentry"],"yoast_head":"<!-- This site is optimized with the Yoast SEO plugin v24.9 - https:\/\/yoast.com\/wordpress\/plugins\/seo\/ -->\n<title>CG - Nicks Wellenfieber<\/title>\n<meta name=\"robots\" content=\"index, follow, max-snippet:-1, max-image-preview:large, max-video-preview:-1\" \/>\n<link rel=\"canonical\" href=\"https:\/\/nickswellenfieber.ch\/fr\/cg\/\" \/>\n<meta property=\"og:locale\" content=\"fr_FR\" \/>\n<meta property=\"og:type\" content=\"article\" \/>\n<meta property=\"og:title\" content=\"CG - Nicks Wellenfieber\" \/>\n<meta property=\"og:url\" content=\"https:\/\/nickswellenfieber.ch\/fr\/cg\/\" \/>\n<meta property=\"og:site_name\" content=\"Nicks Wellenfieber\" \/>\n<meta property=\"article:modified_time\" content=\"2025-06-06T08:13:04+00:00\" \/>\n<meta name=\"twitter:card\" content=\"summary_large_image\" \/>\n<meta name=\"twitter:label1\" content=\"Dur\u00e9e de lecture estim\u00e9e\" \/>\n\t<meta name=\"twitter:data1\" content=\"2 minutes\" \/>\n<script type=\"application\/ld+json\" class=\"yoast-schema-graph\">{\"@context\":\"https:\/\/schema.org\",\"@graph\":[{\"@type\":\"WebPage\",\"@id\":\"https:\/\/nickswellenfieber.ch\/fr\/cg\/\",\"url\":\"https:\/\/nickswellenfieber.ch\/fr\/cg\/\",\"name\":\"CG - Nicks Wellenfieber\",\"isPartOf\":{\"@id\":\"https:\/\/nickswellenfieber.ch\/de\/#website\"},\"datePublished\":\"2019-05-03T08:01:24+00:00\",\"dateModified\":\"2025-06-06T08:13:04+00:00\",\"breadcrumb\":{\"@id\":\"https:\/\/nickswellenfieber.ch\/fr\/cg\/#breadcrumb\"},\"inLanguage\":\"fr-FR\",\"potentialAction\":[{\"@type\":\"ReadAction\",\"target\":[\"https:\/\/nickswellenfieber.ch\/fr\/cg\/\"]}]},{\"@type\":\"BreadcrumbList\",\"@id\":\"https:\/\/nickswellenfieber.ch\/fr\/cg\/#breadcrumb\",\"itemListElement\":[{\"@type\":\"ListItem\",\"position\":1,\"name\":\"Home\",\"item\":\"https:\/\/nickswellenfieber.ch\/fr\/\"},{\"@type\":\"ListItem\",\"position\":2,\"name\":\"CG\"}]},{\"@type\":\"WebSite\",\"@id\":\"https:\/\/nickswellenfieber.ch\/de\/#website\",\"url\":\"https:\/\/nickswellenfieber.ch\/de\/\",\"name\":\"Nicks Wellenfieber\",\"description\":\"\",\"potentialAction\":[{\"@type\":\"SearchAction\",\"target\":{\"@type\":\"EntryPoint\",\"urlTemplate\":\"https:\/\/nickswellenfieber.ch\/de\/?s={search_term_string}\"},\"query-input\":{\"@type\":\"PropertyValueSpecification\",\"valueRequired\":true,\"valueName\":\"search_term_string\"}}],\"inLanguage\":\"fr-FR\"}]}<\/script>\n<!-- \/ Yoast SEO plugin. -->","yoast_head_json":{"title":"CG - Nicks Wellenfieber","robots":{"index":"index","follow":"follow","max-snippet":"max-snippet:-1","max-image-preview":"max-image-preview:large","max-video-preview":"max-video-preview:-1"},"canonical":"https:\/\/nickswellenfieber.ch\/fr\/cg\/","og_locale":"fr_FR","og_type":"article","og_title":"CG - Nicks Wellenfieber","og_url":"https:\/\/nickswellenfieber.ch\/fr\/cg\/","og_site_name":"Nicks Wellenfieber","article_modified_time":"2025-06-06T08:13:04+00:00","twitter_card":"summary_large_image","twitter_misc":{"Dur\u00e9e de lecture estim\u00e9e":"2 minutes"},"schema":{"@context":"https:\/\/schema.org","@graph":[{"@type":"WebPage","@id":"https:\/\/nickswellenfieber.ch\/fr\/cg\/","url":"https:\/\/nickswellenfieber.ch\/fr\/cg\/","name":"CG - Nicks Wellenfieber","isPartOf":{"@id":"https:\/\/nickswellenfieber.ch\/de\/#website"},"datePublished":"2019-05-03T08:01:24+00:00","dateModified":"2025-06-06T08:13:04+00:00","breadcrumb":{"@id":"https:\/\/nickswellenfieber.ch\/fr\/cg\/#breadcrumb"},"inLanguage":"fr-FR","potentialAction":[{"@type":"ReadAction","target":["https:\/\/nickswellenfieber.ch\/fr\/cg\/"]}]},{"@type":"BreadcrumbList","@id":"https:\/\/nickswellenfieber.ch\/fr\/cg\/#breadcrumb","itemListElement":[{"@type":"ListItem","position":1,"name":"Home","item":"https:\/\/nickswellenfieber.ch\/fr\/"},{"@type":"ListItem","position":2,"name":"CG"}]},{"@type":"WebSite","@id":"https:\/\/nickswellenfieber.ch\/de\/#website","url":"https:\/\/nickswellenfieber.ch\/de\/","name":"Nicks Wellenfieber","description":"","potentialAction":[{"@type":"SearchAction","target":{"@type":"EntryPoint","urlTemplate":"https:\/\/nickswellenfieber.ch\/de\/?s={search_term_string}"},"query-input":{"@type":"PropertyValueSpecification","valueRequired":true,"valueName":"search_term_string"}}],"inLanguage":"fr-FR"}]}},"_links":{"self":[{"href":"https:\/\/nickswellenfieber.ch\/fr\/wp-json\/wp\/v2\/pages\/534","targetHints":{"allow":["GET"]}}],"collection":[{"href":"https:\/\/nickswellenfieber.ch\/fr\/wp-json\/wp\/v2\/pages"}],"about":[{"href":"https:\/\/nickswellenfieber.ch\/fr\/wp-json\/wp\/v2\/types\/page"}],"author":[{"embeddable":true,"href":"https:\/\/nickswellenfieber.ch\/fr\/wp-json\/wp\/v2\/users\/1"}],"replies":[{"embeddable":true,"href":"https:\/\/nickswellenfieber.ch\/fr\/wp-json\/wp\/v2\/comments?post=534"}],"version-history":[{"count":7,"href":"https:\/\/nickswellenfieber.ch\/fr\/wp-json\/wp\/v2\/pages\/534\/revisions"}],"predecessor-version":[{"id":5519,"href":"https:\/\/nickswellenfieber.ch\/fr\/wp-json\/wp\/v2\/pages\/534\/revisions\/5519"}],"wp:attachment":[{"href":"https:\/\/nickswellenfieber.ch\/fr\/wp-json\/wp\/v2\/media?parent=534"}],"curies":[{"name":"wp","href":"https:\/\/api.w.org\/{rel}","templated":true}]}}