{"id":565,"date":"2019-05-03T13:41:30","date_gmt":"2019-05-03T11:41:30","guid":{"rendered":"https:\/\/nickswellenfieber.ch\/?page_id=565"},"modified":"2023-03-01T08:50:19","modified_gmt":"2023-03-01T07:50:19","slug":"cours-de-pratique","status":"publish","type":"page","link":"https:\/\/nickswellenfieber.ch\/fr\/cours-de-pratique\/","title":{"rendered":"cours de pratique"},"content":{"rendered":"<section class=\"l-section wpb_row height_small with_img parallax_ver\"><div class=\"l-section-img\" role=\"img\" data-img-width=\"1920\" data-img-height=\"1280\" style=\"background-image: url(https:\/\/nickswellenfieber.ch\/wp-content\/uploads\/2019\/04\/praxis-jpg.jpg);background-repeat: no-repeat;\"><\/div><div class=\"l-section-h i-cf\"><div class=\"g-cols vc_row via_grid cols_1 laptops-cols_inherit tablets-cols_inherit mobiles-cols_1 valign_middle type_default stacking_default\"><div class=\"wpb_column vc_column_container us_custom_6df4bc3a has_text_color\"><div class=\"vc_column-inner\"><div class=\"ult-spacer spacer-6a0a3cfe28fe6\" data-id=\"6a0a3cfe28fe6\" data-height=\"200\" data-height-mobile=\"100\" data-height-tab=\"150\" data-height-tab-portrait=\"150\" data-height-mobile-landscape=\"100\" style=\"clear:both;display:block;\"><\/div><div class=\"g-cols wpb_row via_grid cols_2 laptops-cols_inherit tablets-cols_inherit mobiles-cols_1 valign_top type_default stacking_default\" style=\"--columns-gap:3rem;\"><div class=\"wpb_column vc_column_container headerblock\"><div class=\"vc_column-inner\"><div class=\"wpb_text_column us_custom_ce8f7e21 slidertitle\"><div class=\"wpb_wrapper\"><h1>COURS DE PRATIQUE<\/h1>\n<h4>Apprenez le m\u00e9tier de marin.<\/h4>\n<\/div><\/div><\/div><\/div><div class=\"wpb_column vc_column_container\"><div class=\"vc_column-inner\"><\/div><\/div><\/div><div class=\"ult-spacer spacer-6a0a3cfe294ab\" data-id=\"6a0a3cfe294ab\" data-height=\"200\" data-height-mobile=\"100\" data-height-tab=\"150\" data-height-tab-portrait=\"150\" data-height-mobile-landscape=\"100\" style=\"clear:both;display:block;\"><\/div><\/div><\/div><\/div><\/div><\/section><section class=\"l-section wpb_row height_auto width_full\"><div class=\"l-section-h i-cf\"><div class=\"g-cols vc_row via_grid cols_2-3 laptops-cols_inherit tablets-cols_inherit mobiles-cols_1 valign_middle type_default stacking_default\"><div class=\"wpb_column vc_column_container us_custom_0dc6e174 has_bg_color\"><div class=\"vc_column-inner\"><div class=\"ult-spacer spacer-6a0a3cfe2988d\" data-id=\"6a0a3cfe2988d\" data-height=\"600\" data-height-mobile=\"300\" data-height-tab=\"400\" data-height-tab-portrait=\"400\" data-height-mobile-landscape=\"300\" style=\"clear:both;display:block;\"><\/div><\/div><\/div><div class=\"wpb_column vc_column_container us_custom_e68a6a92\"><div class=\"vc_column-inner\"><div class=\"g-cols wpb_row via_grid cols_1-4-1 laptops-cols_inherit tablets-cols_inherit mobiles-cols_1 valign_top type_default stacking_default\" style=\"--columns-gap:3rem;\"><div class=\"wpb_column vc_column_container\"><div class=\"vc_column-inner\"><\/div><\/div><div class=\"wpb_column vc_column_container\"><div class=\"vc_column-inner\"><div class=\"wpb_text_column underlined\"><div class=\"wpb_wrapper\"><h4>Cours pratique<\/h4>\n<h2>ECOLE DE VOILE<\/h2>\n<p>Avec l\u2019introduction de deux nouveaux J80, nous avons choisi les voiliers du futur. Vous naviguerez dans un cockpit spacieux et clair permettant des man\u0153uvres ais\u00e9es. De l\u2019amarrage jusqu\u2019aux n\u0153uds marins les plus complexes, nous vous apprendrons tout. Les cours peuvent \u00eatre suivis seul \u00e0 2 ou 3 personnes, en semaine, weekend ou \u00e0 l\u2019heure. Ensemble nous atteindrons votre objectif.<\/p>\n<\/div><\/div><div class=\"w-btn-wrapper align_none\"><a class=\"w-btn us-btn-style_1 us_custom_83cc8386 gradientbutton\" title=\"Segelschule\" href=\"\/fr\/cours-de-pratique\/ecole-de-bateau-a-voile\/\"><span class=\"w-btn-label\">Plus!<\/span><\/a><\/div><\/div><\/div><div class=\"wpb_column vc_column_container\"><div class=\"vc_column-inner\"><\/div><\/div><\/div><\/div><\/div><\/div><\/div><\/section><!-- Row Backgrounds --><div class=\"upb_color\" data-bg-override=\"0\" data-bg-color=\"\" data-fadeout=\"\" data-fadeout-percentage=\"30\" data-parallax-content=\"\" data-parallax-content-sense=\"30\" data-row-effect-mobile-disable=\"true\" data-img-parallax-mobile-disable=\"true\" data-rtl=\"false\"  data-custom-vc-row=\"\"  data-vc=\"8.4.1\"  data-is_old_vc=\"\"  data-theme-support=\"\"   data-overlay=\"false\" data-overlay-color=\"\" data-overlay-pattern=\"\" data-overlay-pattern-opacity=\"\" data-overlay-pattern-size=\"\"    ><\/div><section class=\"l-section wpb_row height_auto width_full\"><div class=\"l-section-h i-cf\"><div class=\"g-cols vc_row via_grid cols_3-2 laptops-cols_inherit tablets-cols_inherit mobiles-cols_1 valign_middle type_default reversed stacking_default\"><div class=\"wpb_column vc_column_container us_custom_3a923bd6\"><div class=\"vc_column-inner\"><div class=\"g-cols wpb_row via_grid cols_1-4-1 laptops-cols_inherit tablets-cols_inherit mobiles-cols_1 valign_top type_default stacking_default\" style=\"--columns-gap:3rem;\"><div class=\"wpb_column vc_column_container\"><div class=\"vc_column-inner\"><\/div><\/div><div class=\"wpb_column vc_column_container\"><div class=\"vc_column-inner\"><div class=\"wpb_text_column underlined\"><div class=\"wpb_wrapper\"><h4>Cours pratique<\/h4>\n<h2>ECOLE DE BATEAU \u00c0 MOTEUR<\/h2>\n<p>Notre \u00e9cole de bateau \u00e0 moteur sur le lac de Bienne enseigne sur un Finn Master 610 (hors-bord 115 CV) avec changement de vitesse \u00e9lectronique ou sur un Ocqueteau 645 (arbre d\u2019h\u00e9lice 120 CV). Les deux bateaux disposent d\u2019un chauffage de cabine.<\/p>\n<p>L\u2019examen d\u2019obtention du permis de bateau \u00e0 moteur est possible durant l\u2019hiver. Cela vaut la peine d\u2019effectuer sa formation hors saison. Vous b\u00e9n\u00e9ficierez d\u2019un plan d\u2019eau calme, peu de trafic et souvent moins de vent.<\/p>\n<\/div><\/div><div class=\"w-btn-wrapper align_none\"><a class=\"w-btn us-btn-style_1 us_custom_83cc8386 gradientbutton\" title=\"Segelschule\" href=\"\/fr\/cours-de-pratique\/ecole-de-bateau-a-moteur\/\"><span class=\"w-btn-label\">Plus!<\/span><\/a><\/div><\/div><\/div><div class=\"wpb_column vc_column_container\"><div class=\"vc_column-inner\"><\/div><\/div><\/div><\/div><\/div><div class=\"wpb_column vc_column_container us_custom_9d07d8b1 has_bg_color\"><div class=\"vc_column-inner\"><div class=\"ult-spacer spacer-6a0a3cfe2a368\" data-id=\"6a0a3cfe2a368\" data-height=\"600\" data-height-mobile=\"300\" data-height-tab=\"400\" data-height-tab-portrait=\"400\" data-height-mobile-landscape=\"300\" style=\"clear:both;display:block;\"><\/div><\/div><\/div><\/div><\/div><\/section><!-- Row Backgrounds --><div class=\"upb_color\" data-bg-override=\"0\" data-bg-color=\"#f5f5f5\" data-fadeout=\"\" data-fadeout-percentage=\"30\" data-parallax-content=\"\" data-parallax-content-sense=\"30\" data-row-effect-mobile-disable=\"true\" data-img-parallax-mobile-disable=\"true\" data-rtl=\"false\"  data-custom-vc-row=\"\"  data-vc=\"8.4.1\"  data-is_old_vc=\"\"  data-theme-support=\"\"   data-overlay=\"false\" data-overlay-color=\"\" data-overlay-pattern=\"\" data-overlay-pattern-opacity=\"\" data-overlay-pattern-size=\"\"    ><\/div><section class=\"l-section wpb_row height_auto width_full\"><div class=\"l-section-h i-cf\"><div class=\"g-cols vc_row via_grid cols_2-3 laptops-cols_inherit tablets-cols_inherit mobiles-cols_1 valign_middle type_default stacking_default\"><div class=\"wpb_column vc_column_container us_custom_5fd64baa has_bg_color\"><div class=\"vc_column-inner\"><div class=\"ult-spacer spacer-6a0a3cfe2a4c8\" data-id=\"6a0a3cfe2a4c8\" data-height=\"600\" data-height-mobile=\"300\" data-height-tab=\"400\" data-height-tab-portrait=\"400\" data-height-mobile-landscape=\"300\" style=\"clear:both;display:block;\"><\/div><\/div><\/div><div class=\"wpb_column vc_column_container us_custom_e68a6a92\"><div class=\"vc_column-inner\"><div class=\"g-cols wpb_row via_grid cols_1-4-1 laptops-cols_inherit tablets-cols_inherit mobiles-cols_1 valign_top type_default stacking_default\" style=\"--columns-gap:3rem;\"><div class=\"wpb_column vc_column_container\"><div class=\"vc_column-inner\"><\/div><\/div><div class=\"wpb_column vc_column_container\"><div class=\"vc_column-inner\"><div class=\"wpb_text_column underlined\"><div class=\"wpb_wrapper\"><h4>Cours pratique<\/h4>\n<h2>COURS DE HAUTE MER<\/h2>\n<p>En juillet prochain d\u00e9marre la grande aventure de \u00abWahoo\u00bb ; Peter Reist, alias Gr\u00f6tschel, r\u00e9alise son r\u00eave et d\u00e9marre son voyage autour du monde. Le 16 juillet, en naviguant sur le Rh\u00f4ne jusqu\u2019\u00e0 Marseille, le bateau rejoindra la mer et commencera ses voyages. Premi\u00e8re destination la m\u00e9diterran\u00e9e et la mer Eg\u00e9e. Ensuite \u00e9ventuellement les Canaries.<\/p>\n<\/div><\/div><div class=\"w-btn-wrapper align_none\"><a class=\"w-btn us-btn-style_1 us_custom_83cc8386 gradientbutton\" title=\"Segelschule\" href=\"\/fr\/cours-de-pratique\/cours-de-haute-mer\/\"><span class=\"w-btn-label\">Plus!<\/span><\/a><\/div><\/div><\/div><div class=\"wpb_column vc_column_container\"><div class=\"vc_column-inner\"><\/div><\/div><\/div><\/div><\/div><\/div><\/div><\/section><!-- Row Backgrounds --><div class=\"upb_color\" data-bg-override=\"0\" data-bg-color=\"\" data-fadeout=\"\" data-fadeout-percentage=\"30\" data-parallax-content=\"\" data-parallax-content-sense=\"30\" data-row-effect-mobile-disable=\"true\" data-img-parallax-mobile-disable=\"true\" data-rtl=\"false\"  data-custom-vc-row=\"\"  data-vc=\"8.4.1\"  data-is_old_vc=\"\"  data-theme-support=\"\"   data-overlay=\"false\" data-overlay-color=\"\" data-overlay-pattern=\"\" data-overlay-pattern-opacity=\"\" data-overlay-pattern-size=\"\"    ><\/div><section class=\"l-section wpb_row height_auto width_full\"><div class=\"l-section-h i-cf\"><div class=\"g-cols vc_row via_grid cols_3-2 laptops-cols_inherit tablets-cols_inherit mobiles-cols_1 valign_middle type_default reversed stacking_default\"><div class=\"wpb_column vc_column_container us_custom_3a923bd6\"><div class=\"vc_column-inner\"><div class=\"g-cols wpb_row via_grid cols_1-4-1 laptops-cols_inherit tablets-cols_inherit mobiles-cols_1 valign_top type_default stacking_default\" style=\"--columns-gap:3rem;\"><div class=\"wpb_column vc_column_container\"><div class=\"vc_column-inner\"><\/div><\/div><div class=\"wpb_column vc_column_container\"><div class=\"vc_column-inner\"><div class=\"wpb_text_column underlined\"><div class=\"wpb_wrapper\"><h4>Cours pratique<\/h4>\n<h2>LE\u00c7ONS DE RAFRA\u00ceCHISSEMENT<\/h2>\n<p>Nos cours de mise \u00e0 jour de vos connaissances ne se limiteront pas \u00e0 notre flotte de bateaux, nous vous accompagnons volontiers sur votre propre bateau. En outre nous compl\u00e9terons votre formation pour la r\u00e9gate et l\u2019usage des Gennaker et Spinnaker. Quant \u00e0 l\u2019obtention du permis mer nous vous transmettrons les informations n\u00e9cessaires.<\/p>\n<p>M\u00eame les navigateurs confirm\u00e9s tireront un b\u00e9n\u00e9fice de notre solide savoir-faire.<\/p>\n<\/div><\/div><div class=\"w-btn-wrapper align_none\"><a class=\"w-btn us-btn-style_1 us_custom_83cc8386 gradientbutton\" title=\"Segelschule\" href=\"\/fr\/cours-de-pratique\/lecons-de-rafraichissement\/\"><span class=\"w-btn-label\">Plus!<\/span><\/a><\/div><\/div><\/div><div class=\"wpb_column vc_column_container\"><div class=\"vc_column-inner\"><\/div><\/div><\/div><\/div><\/div><div class=\"wpb_column vc_column_container us_custom_712794a1 has_bg_color\"><div class=\"vc_column-inner\"><div class=\"ult-spacer spacer-6a0a3cfe2acb5\" data-id=\"6a0a3cfe2acb5\" data-height=\"600\" data-height-mobile=\"300\" data-height-tab=\"400\" data-height-tab-portrait=\"400\" data-height-mobile-landscape=\"300\" style=\"clear:both;display:block;\"><\/div><\/div><\/div><\/div><\/div><\/section><!-- Row Backgrounds --><div class=\"upb_color\" data-bg-override=\"0\" data-bg-color=\"#f5f5f5\" data-fadeout=\"\" data-fadeout-percentage=\"30\" data-parallax-content=\"\" data-parallax-content-sense=\"30\" data-row-effect-mobile-disable=\"true\" data-img-parallax-mobile-disable=\"true\" data-rtl=\"false\"  data-custom-vc-row=\"\"  data-vc=\"8.4.1\"  data-is_old_vc=\"\"  data-theme-support=\"\"   data-overlay=\"false\" data-overlay-color=\"\" data-overlay-pattern=\"\" data-overlay-pattern-opacity=\"\" data-overlay-pattern-size=\"\"    ><\/div>\n","protected":false},"excerpt":{"rendered":"COURS DE PRATIQUE Apprenez le m\u00e9tier de marin. Cours pratique ECOLE DE VOILE Avec l\u2019introduction de deux nouveaux J80, nous avons choisi les voiliers du futur. Vous naviguerez dans un cockpit spacieux et clair permettant des man\u0153uvres ais\u00e9es. De l\u2019amarrage jusqu\u2019aux n\u0153uds marins les plus complexes, nous vous apprendrons tout. Les cours peuvent \u00eatre suivis...","protected":false},"author":1,"featured_media":0,"parent":0,"menu_order":0,"comment_status":"closed","ping_status":"closed","template":"","meta":{"footnotes":""},"class_list":["post-565","page","type-page","status-publish","hentry"],"yoast_head":"<!-- This site is optimized with the Yoast SEO plugin v24.9 - https:\/\/yoast.com\/wordpress\/plugins\/seo\/ -->\n<title>de la pratice pour la voile et le bateau \u00e0 moteur<\/title>\n<meta name=\"description\" content=\"de l\u2019amarragejusqu\u2019aux n\u0153uds marins les plus complexes, nous vous apprendrons tout.\" \/>\n<meta name=\"robots\" content=\"index, follow, max-snippet:-1, max-image-preview:large, max-video-preview:-1\" \/>\n<link rel=\"canonical\" href=\"https:\/\/nickswellenfieber.ch\/de\/praxis\/\" \/>\n<meta property=\"og:locale\" content=\"fr_FR\" \/>\n<meta property=\"og:type\" content=\"article\" \/>\n<meta property=\"og:title\" content=\"de la pratice pour la voile et le bateau \u00e0 moteur\" \/>\n<meta property=\"og:description\" content=\"de l\u2019amarragejusqu\u2019aux n\u0153uds marins les plus complexes, nous vous apprendrons tout.\" \/>\n<meta property=\"og:url\" content=\"https:\/\/nickswellenfieber.ch\/de\/praxis\/\" \/>\n<meta property=\"og:site_name\" content=\"Nicks Wellenfieber\" \/>\n<meta property=\"article:modified_time\" content=\"2023-03-01T07:50:19+00:00\" \/>\n<meta name=\"twitter:card\" content=\"summary_large_image\" \/>\n<meta name=\"twitter:label1\" content=\"Dur\u00e9e de lecture estim\u00e9e\" \/>\n\t<meta name=\"twitter:data1\" content=\"6 minutes\" \/>\n<script type=\"application\/ld+json\" class=\"yoast-schema-graph\">{\"@context\":\"https:\/\/schema.org\",\"@graph\":[{\"@type\":\"WebPage\",\"@id\":\"https:\/\/nickswellenfieber.ch\/de\/praxis\/\",\"url\":\"https:\/\/nickswellenfieber.ch\/de\/praxis\/\",\"name\":\"de la pratice pour la voile et le bateau \u00e0 moteur\",\"isPartOf\":{\"@id\":\"https:\/\/nickswellenfieber.ch\/de\/#website\"},\"datePublished\":\"2019-05-03T11:41:30+00:00\",\"dateModified\":\"2023-03-01T07:50:19+00:00\",\"description\":\"de l\u2019amarragejusqu\u2019aux n\u0153uds marins les plus complexes, nous vous apprendrons tout.\",\"breadcrumb\":{\"@id\":\"https:\/\/nickswellenfieber.ch\/de\/praxis\/#breadcrumb\"},\"inLanguage\":\"fr-FR\",\"potentialAction\":[{\"@type\":\"ReadAction\",\"target\":[\"https:\/\/nickswellenfieber.ch\/de\/praxis\/\"]}]},{\"@type\":\"BreadcrumbList\",\"@id\":\"https:\/\/nickswellenfieber.ch\/de\/praxis\/#breadcrumb\",\"itemListElement\":[{\"@type\":\"ListItem\",\"position\":1,\"name\":\"Home\",\"item\":\"https:\/\/nickswellenfieber.ch\/fr\/\"},{\"@type\":\"ListItem\",\"position\":2,\"name\":\"cours de pratique\"}]},{\"@type\":\"WebSite\",\"@id\":\"https:\/\/nickswellenfieber.ch\/de\/#website\",\"url\":\"https:\/\/nickswellenfieber.ch\/de\/\",\"name\":\"Nicks Wellenfieber\",\"description\":\"\",\"potentialAction\":[{\"@type\":\"SearchAction\",\"target\":{\"@type\":\"EntryPoint\",\"urlTemplate\":\"https:\/\/nickswellenfieber.ch\/de\/?s={search_term_string}\"},\"query-input\":{\"@type\":\"PropertyValueSpecification\",\"valueRequired\":true,\"valueName\":\"search_term_string\"}}],\"inLanguage\":\"fr-FR\"}]}<\/script>\n<!-- \/ Yoast SEO plugin. -->","yoast_head_json":{"title":"de la pratice pour la voile et le bateau \u00e0 moteur","description":"de l\u2019amarragejusqu\u2019aux n\u0153uds marins les plus complexes, nous vous apprendrons tout.","robots":{"index":"index","follow":"follow","max-snippet":"max-snippet:-1","max-image-preview":"max-image-preview:large","max-video-preview":"max-video-preview:-1"},"canonical":"https:\/\/nickswellenfieber.ch\/de\/praxis\/","og_locale":"fr_FR","og_type":"article","og_title":"de la pratice pour la voile et le bateau \u00e0 moteur","og_description":"de l\u2019amarragejusqu\u2019aux n\u0153uds marins les plus complexes, nous vous apprendrons tout.","og_url":"https:\/\/nickswellenfieber.ch\/de\/praxis\/","og_site_name":"Nicks Wellenfieber","article_modified_time":"2023-03-01T07:50:19+00:00","twitter_card":"summary_large_image","twitter_misc":{"Dur\u00e9e de lecture estim\u00e9e":"6 minutes"},"schema":{"@context":"https:\/\/schema.org","@graph":[{"@type":"WebPage","@id":"https:\/\/nickswellenfieber.ch\/de\/praxis\/","url":"https:\/\/nickswellenfieber.ch\/de\/praxis\/","name":"de la pratice pour la voile et le bateau \u00e0 moteur","isPartOf":{"@id":"https:\/\/nickswellenfieber.ch\/de\/#website"},"datePublished":"2019-05-03T11:41:30+00:00","dateModified":"2023-03-01T07:50:19+00:00","description":"de l\u2019amarragejusqu\u2019aux n\u0153uds marins les plus complexes, nous vous apprendrons tout.","breadcrumb":{"@id":"https:\/\/nickswellenfieber.ch\/de\/praxis\/#breadcrumb"},"inLanguage":"fr-FR","potentialAction":[{"@type":"ReadAction","target":["https:\/\/nickswellenfieber.ch\/de\/praxis\/"]}]},{"@type":"BreadcrumbList","@id":"https:\/\/nickswellenfieber.ch\/de\/praxis\/#breadcrumb","itemListElement":[{"@type":"ListItem","position":1,"name":"Home","item":"https:\/\/nickswellenfieber.ch\/fr\/"},{"@type":"ListItem","position":2,"name":"cours de pratique"}]},{"@type":"WebSite","@id":"https:\/\/nickswellenfieber.ch\/de\/#website","url":"https:\/\/nickswellenfieber.ch\/de\/","name":"Nicks Wellenfieber","description":"","potentialAction":[{"@type":"SearchAction","target":{"@type":"EntryPoint","urlTemplate":"https:\/\/nickswellenfieber.ch\/de\/?s={search_term_string}"},"query-input":{"@type":"PropertyValueSpecification","valueRequired":true,"valueName":"search_term_string"}}],"inLanguage":"fr-FR"}]}},"_links":{"self":[{"href":"https:\/\/nickswellenfieber.ch\/fr\/wp-json\/wp\/v2\/pages\/565","targetHints":{"allow":["GET"]}}],"collection":[{"href":"https:\/\/nickswellenfieber.ch\/fr\/wp-json\/wp\/v2\/pages"}],"about":[{"href":"https:\/\/nickswellenfieber.ch\/fr\/wp-json\/wp\/v2\/types\/page"}],"author":[{"embeddable":true,"href":"https:\/\/nickswellenfieber.ch\/fr\/wp-json\/wp\/v2\/users\/1"}],"replies":[{"embeddable":true,"href":"https:\/\/nickswellenfieber.ch\/fr\/wp-json\/wp\/v2\/comments?post=565"}],"version-history":[{"count":5,"href":"https:\/\/nickswellenfieber.ch\/fr\/wp-json\/wp\/v2\/pages\/565\/revisions"}],"predecessor-version":[{"id":1301,"href":"https:\/\/nickswellenfieber.ch\/fr\/wp-json\/wp\/v2\/pages\/565\/revisions\/1301"}],"wp:attachment":[{"href":"https:\/\/nickswellenfieber.ch\/fr\/wp-json\/wp\/v2\/media?parent=565"}],"curies":[{"name":"wp","href":"https:\/\/api.w.org\/{rel}","templated":true}]}}