{"id":569,"date":"2019-05-03T13:47:23","date_gmt":"2019-05-03T11:47:23","guid":{"rendered":"https:\/\/nickswellenfieber.ch\/?page_id=569"},"modified":"2023-03-01T08:50:19","modified_gmt":"2023-03-01T07:50:19","slug":"cours-de-haute-mer","status":"publish","type":"page","link":"https:\/\/nickswellenfieber.ch\/fr\/cours-de-pratique\/cours-de-haute-mer\/","title":{"rendered":"cours de haute mer"},"content":{"rendered":"<section class=\"l-section wpb_row height_small with_img parallax_ver\"><div class=\"l-section-img\" role=\"img\" data-img-width=\"1920\" data-img-height=\"1280\" style=\"background-image: url(https:\/\/nickswellenfieber.ch\/wp-content\/uploads\/2019\/04\/hochseekurse-jpg.jpg);background-repeat: no-repeat;\"><\/div><div class=\"l-section-h i-cf\"><div class=\"g-cols vc_row via_grid cols_1 laptops-cols_inherit tablets-cols_inherit mobiles-cols_1 valign_middle type_default stacking_default\"><div class=\"wpb_column vc_column_container us_custom_6df4bc3a has_text_color\"><div class=\"vc_column-inner\"><div class=\"ult-spacer spacer-6a0a3d8ca2ab8\" data-id=\"6a0a3d8ca2ab8\" data-height=\"200\" data-height-mobile=\"100\" data-height-tab=\"150\" data-height-tab-portrait=\"150\" data-height-mobile-landscape=\"100\" style=\"clear:both;display:block;\"><\/div><div class=\"g-cols wpb_row via_grid cols_2 laptops-cols_inherit tablets-cols_inherit mobiles-cols_1 valign_top type_default stacking_default\" style=\"--columns-gap:3rem;\"><div class=\"wpb_column vc_column_container headerblock\"><div class=\"vc_column-inner\"><div class=\"wpb_text_column us_custom_ce8f7e21 slidertitle\"><div class=\"wpb_wrapper\"><h1>COURS DE HAUTE MER<\/h1>\n<h4>Avec Wahoo sur la Grande Bleue.<\/h4>\n<\/div><\/div><\/div><\/div><div class=\"wpb_column vc_column_container\"><div class=\"vc_column-inner\"><\/div><\/div><\/div><div class=\"ult-spacer spacer-6a0a3d8ca2f94\" data-id=\"6a0a3d8ca2f94\" data-height=\"200\" data-height-mobile=\"100\" data-height-tab=\"150\" data-height-tab-portrait=\"150\" data-height-mobile-landscape=\"100\" style=\"clear:both;display:block;\"><\/div><\/div><\/div><\/div><\/div><\/section><section class=\"l-section wpb_row height_large\"><div class=\"l-section-h i-cf\"><div class=\"g-cols vc_row via_grid cols_1 laptops-cols_inherit tablets-cols_inherit mobiles-cols_1 valign_top type_default stacking_default\"><div class=\"wpb_column vc_column_container\"><div class=\"vc_column-inner\"><div class=\"wpb_text_column\"><div class=\"wpb_wrapper\"><h2 style=\"text-align: center;\">CROISI\u00c8RE EN HAUTE MER SUR NOS YACHTS<\/h2>\n<p style=\"text-align: center;\">ENSEMBLE NOUS NOUS CONFRONTERONS AUX VENTS ET AUX CONDITIONS CLIMATIQUES DE LA HAUTE MER.<\/p>\n<\/div><\/div><\/div><\/div><\/div><\/div><\/section><!-- Row Backgrounds --><div class=\"upb_color\" data-bg-override=\"0\" data-bg-color=\"\" data-fadeout=\"\" data-fadeout-percentage=\"30\" data-parallax-content=\"\" data-parallax-content-sense=\"30\" data-row-effect-mobile-disable=\"true\" data-img-parallax-mobile-disable=\"true\" data-rtl=\"false\"  data-custom-vc-row=\"\"  data-vc=\"8.4.1\"  data-is_old_vc=\"\"  data-theme-support=\"\"   data-overlay=\"false\" data-overlay-color=\"\" data-overlay-pattern=\"\" data-overlay-pattern-opacity=\"\" data-overlay-pattern-size=\"\"    ><\/div><section class=\"l-section wpb_row height_small\"><div class=\"l-section-h i-cf\"><div class=\"g-cols vc_row via_grid cols_3 laptops-cols_inherit tablets-cols_inherit mobiles-cols_1 valign_top type_default stacking_default\"><div class=\"wpb_column vc_column_container\"><div class=\"vc_column-inner\"><div class=\"wpb_text_column us_custom_3165c112\"><div class=\"wpb_wrapper\"><h3>Haute mer<\/h3>\n<\/div><\/div><div class=\"ult-spacer spacer-6a0a3d8ca371d\" data-id=\"6a0a3d8ca371d\" data-height=\"30\" data-height-mobile=\"30\" data-height-tab=\"30\" data-height-tab-portrait=\"\" data-height-mobile-landscape=\"\" style=\"clear:both;display:block;\"><\/div><div class=\"wpb_text_column\"><div class=\"wpb_wrapper\"><p>En juillet prochain d\u00e9marre la grande aventure de \u00ab Wahoo \u00bb ; Peter Reist, alias Gr\u00f6tschel, r\u00e9alise son r\u00eave et d\u00e9marre son voyage autour du monde. Le 16 juillet, en naviguant sur le Rh\u00f4ne jusqu\u2019\u00e0 Marseille, le bateau rejoindra la mer et commencera ses voyages. Premi\u00e8re destination la m\u00e9diterran\u00e9e et la mer Eg\u00e9e. Ensuite \u00e9ventuellement les Canaries.<\/p>\n<\/div><\/div><\/div><\/div><div class=\"wpb_column vc_column_container\"><div class=\"vc_column-inner\"><div class=\"wpb_text_column us_custom_3165c112\"><div class=\"wpb_wrapper\"><h3>R\u00e9servation<\/h3>\n<\/div><\/div><div class=\"ult-spacer spacer-6a0a3d8ca3902\" data-id=\"6a0a3d8ca3902\" data-height=\"30\" data-height-mobile=\"30\" data-height-tab=\"30\" data-height-tab-portrait=\"\" data-height-mobile-landscape=\"\" style=\"clear:both;display:block;\"><\/div><div class=\"wpb_text_column\"><div class=\"wpb_wrapper\"><p>Nous planifions r\u00e9guli\u00e8rement des voyages en haute mer. R\u00e9servez votre place.<\/p>\n<p>Plus d\u2019informations et r\u00e9servation chez:<br \/>\nNick Benz: <a href=\"tel:+41793432273\" target=\"_blank\" rel=\"noopener noreferrer\">079 343 22 73<\/a><\/p>\n<\/div><\/div><\/div><\/div><div class=\"wpb_column vc_column_container\"><div class=\"vc_column-inner\"><div class=\"wpb_text_column us_custom_3165c112\"><div class=\"wpb_wrapper\"><h3>Wahoo!!<\/h3>\n<\/div><\/div><div class=\"ult-spacer spacer-6a0a3d8ca3b09\" data-id=\"6a0a3d8ca3b09\" data-height=\"30\" data-height-mobile=\"30\" data-height-tab=\"30\" data-height-tab-portrait=\"\" data-height-mobile-landscape=\"\" style=\"clear:both;display:block;\"><\/div><div class=\"wpb_text_column\"><div class=\"wpb_wrapper\"><p>En 2001, Gr\u00f6tschel ach\u00e8te une coque en aluminium et commence, dans l&rsquo;arri\u00e8re-cour d\u2019une usine en Emmental, \u00e0 construire son bateau.<\/p>\n<p>Apr\u00e8s 13 ans le travail est termin\u00e9 et une somptueuse premi\u00e8re mise \u00e0 l\u2019eau se d\u00e9roule au port de petite batellerie de Nidau en mai 2014.<\/p>\n<p>Depuis, on la croise soit au port de Bienne ou bien ancr\u00e9 devant l\u2019\u00cele de St-Pierre.<\/p>\n<p><strong>Donn\u00e9es du bateau:<\/strong><\/p>\n<ul>\n<li>Longueur: 12.5 m<\/li>\n<li>Surface de voile: 70 m2<\/li>\n<li>Nombre de personnes admis: 6<\/li>\n<\/ul>\n<\/div><\/div><\/div><\/div><\/div><\/div><\/section><section class=\"l-section wpb_row us_custom_edd6783e height_small\"><div class=\"l-section-h i-cf\"><div class=\"g-cols vc_row via_grid cols_1 laptops-cols_inherit tablets-cols_inherit mobiles-cols_1 valign_top type_default stacking_default\"><div class=\"wpb_column vc_column_container us_custom_2ffb508a grow has_text_color has_bg_color has-link\"><div class=\"vc_column-inner\"><div class=\"wpb_text_column us_custom_3bbc2f62\"><div class=\"wpb_wrapper\"><h3 style=\"text-align: center;\">Contactez-nous!<\/h3>\n<\/div><\/div><\/div><a title=\"Kontakt\" href=\"\/fr\/contact\/\" class=\"vc_column-link smooth-scroll\"><\/a><\/div><\/div><\/div><\/section><section class=\"l-section wpb_row height_medium\"><div class=\"l-section-h i-cf\"><div class=\"g-cols vc_row via_grid cols_1 laptops-cols_inherit tablets-cols_inherit mobiles-cols_1 valign_top type_default stacking_default\"><div class=\"wpb_column vc_column_container\"><div class=\"vc_column-inner\"><div class=\"wpb_text_column\"><div class=\"wpb_wrapper\"><h2 style=\"text-align: center;\">GALLERIE D\u2018IMAGES<\/h2>\n<\/div><\/div><div class=\"ult-spacer spacer-6a0a3d8ca4071\" data-id=\"6a0a3d8ca4071\" data-height=\"50\" data-height-mobile=\"50\" data-height-tab=\"50\" data-height-tab-portrait=\"\" data-height-mobile-landscape=\"\" style=\"clear:both;display:block;\"><\/div><div class=\"w-grid type_grid layout_gallery_default cols_4\" id=\"us_grid_1\" style=\"--columns:4;--gap:1.5rem;\" data-filterable=\"true\"><style>@media (max-width:1380px){#us_grid_1{--columns:3!important}}@media (max-width:1024px){#us_grid_1{--columns:2!important}}@media (max-width:600px){#us_grid_1{--columns:1!important}}.layout_gallery_default .w-grid-item-h{}<\/style><div class=\"w-grid-list\">\t<article class=\"w-grid-item size_1x1 post-336 attachment type-attachment status-inherit hentry\" data-id=\"336\">\r\n\t\t<div class=\"w-grid-item-h\">\r\n\t\t\t\t\t\t\t<a ref=\"magnificPopupGrid\" href=\"https:\/\/nickswellenfieber.ch\/wp-content\/uploads\/2019\/04\/dogan-gulcan-77536-jpg.png\" class=\"w-grid-item-anchor\" aria-label=\"dogan-gulcan-77536-jpg\"><\/a>\r\n\t\t\t\t\t\t<div class=\"w-post-elm post_image usg_post_image_1 stretched\"><img loading=\"lazy\" decoding=\"async\" width=\"350\" height=\"350\" src=\"https:\/\/nickswellenfieber.ch\/wp-content\/uploads\/2019\/04\/dogan-gulcan-77536-jpg-350x350.png\" class=\"attachment-us_350_350_crop size-us_350_350_crop\" alt=\"\" srcset=\"https:\/\/nickswellenfieber.ch\/wp-content\/uploads\/2019\/04\/dogan-gulcan-77536-jpg-350x350.png 350w, https:\/\/nickswellenfieber.ch\/wp-content\/uploads\/2019\/04\/dogan-gulcan-77536-jpg-150x150.png 150w, https:\/\/nickswellenfieber.ch\/wp-content\/uploads\/2019\/04\/dogan-gulcan-77536-jpg-300x300.png 300w, https:\/\/nickswellenfieber.ch\/wp-content\/uploads\/2019\/04\/dogan-gulcan-77536-jpg-600x600.png 600w, https:\/\/nickswellenfieber.ch\/wp-content\/uploads\/2019\/04\/dogan-gulcan-77536-jpg.png 680w\" sizes=\"auto, (max-width: 350px) 100vw, 350px\" \/><\/div>\t\t<\/div>\r\n\t\t\t<\/article>\r\n\t<article class=\"w-grid-item size_1x1 post-333 attachment type-attachment status-inherit hentry\" data-id=\"333\">\r\n\t\t<div class=\"w-grid-item-h\">\r\n\t\t\t\t\t\t\t<a ref=\"magnificPopupGrid\" href=\"https:\/\/nickswellenfieber.ch\/wp-content\/uploads\/2019\/04\/water-splash-flow-drop-of-water-60004-jpeg.png\" class=\"w-grid-item-anchor\" aria-label=\"water-splash-flow-drop-of-water-60004-jpeg\"><\/a>\r\n\t\t\t\t\t\t<div class=\"w-post-elm post_image usg_post_image_1 stretched\"><img loading=\"lazy\" decoding=\"async\" width=\"350\" height=\"350\" src=\"https:\/\/nickswellenfieber.ch\/wp-content\/uploads\/2019\/04\/water-splash-flow-drop-of-water-60004-jpeg-350x350.png\" class=\"attachment-us_350_350_crop size-us_350_350_crop\" alt=\"\" srcset=\"https:\/\/nickswellenfieber.ch\/wp-content\/uploads\/2019\/04\/water-splash-flow-drop-of-water-60004-jpeg-350x350.png 350w, https:\/\/nickswellenfieber.ch\/wp-content\/uploads\/2019\/04\/water-splash-flow-drop-of-water-60004-jpeg-150x150.png 150w, https:\/\/nickswellenfieber.ch\/wp-content\/uploads\/2019\/04\/water-splash-flow-drop-of-water-60004-jpeg-600x600.png 600w\" sizes=\"auto, (max-width: 350px) 100vw, 350px\" \/><\/div>\t\t<\/div>\r\n\t\t\t<\/article>\r\n\t<article class=\"w-grid-item size_1x1 post-327 attachment type-attachment status-inherit hentry\" data-id=\"327\">\r\n\t\t<div class=\"w-grid-item-h\">\r\n\t\t\t\t\t\t\t<a ref=\"magnificPopupGrid\" href=\"https:\/\/nickswellenfieber.ch\/wp-content\/uploads\/2019\/04\/refreshing-kurse-banner-jpg.jpg\" class=\"w-grid-item-anchor\" aria-label=\"refreshing-kurse-banner-jpg\"><\/a>\r\n\t\t\t\t\t\t<div class=\"w-post-elm post_image usg_post_image_1 stretched\"><img loading=\"lazy\" decoding=\"async\" width=\"350\" height=\"350\" src=\"https:\/\/nickswellenfieber.ch\/wp-content\/uploads\/2019\/04\/refreshing-kurse-banner-jpg-350x350.jpg\" class=\"attachment-us_350_350_crop size-us_350_350_crop\" alt=\"\" srcset=\"https:\/\/nickswellenfieber.ch\/wp-content\/uploads\/2019\/04\/refreshing-kurse-banner-jpg-350x350.jpg 350w, https:\/\/nickswellenfieber.ch\/wp-content\/uploads\/2019\/04\/refreshing-kurse-banner-jpg-150x150.jpg 150w, https:\/\/nickswellenfieber.ch\/wp-content\/uploads\/2019\/04\/refreshing-kurse-banner-jpg-600x600.jpg 600w\" sizes=\"auto, (max-width: 350px) 100vw, 350px\" \/><\/div>\t\t<\/div>\r\n\t\t\t<\/article>\r\n\t<article class=\"w-grid-item size_1x1 post-330 attachment type-attachment status-inherit hentry\" data-id=\"330\">\r\n\t\t<div class=\"w-grid-item-h\">\r\n\t\t\t\t\t\t\t<a ref=\"magnificPopupGrid\" href=\"https:\/\/nickswellenfieber.ch\/wp-content\/uploads\/2019\/04\/hochseeschule-banner-jpg.jpg\" class=\"w-grid-item-anchor\" aria-label=\"hochseeschule-banner-jpg\"><\/a>\r\n\t\t\t\t\t\t<div class=\"w-post-elm post_image usg_post_image_1 stretched\"><img loading=\"lazy\" decoding=\"async\" width=\"350\" height=\"350\" src=\"https:\/\/nickswellenfieber.ch\/wp-content\/uploads\/2019\/04\/hochseeschule-banner-jpg-350x350.jpg\" class=\"attachment-us_350_350_crop size-us_350_350_crop\" alt=\"\" srcset=\"https:\/\/nickswellenfieber.ch\/wp-content\/uploads\/2019\/04\/hochseeschule-banner-jpg-350x350.jpg 350w, https:\/\/nickswellenfieber.ch\/wp-content\/uploads\/2019\/04\/hochseeschule-banner-jpg-150x150.jpg 150w, https:\/\/nickswellenfieber.ch\/wp-content\/uploads\/2019\/04\/hochseeschule-banner-jpg-600x600.jpg 600w\" sizes=\"auto, (max-width: 350px) 100vw, 350px\" \/><\/div>\t\t<\/div>\r\n\t\t\t<\/article>\r\n<\/div><div class=\"w-grid-preloader\">\t<div class=\"g-preloader type_1\">\r\n\t\t<div><\/div>\r\n\t<\/div>\r\n\t<\/div>\t<div class=\"w-grid-json hidden\" onclick='return {&quot;action&quot;:&quot;us_ajax_grid&quot;,&quot;infinite_scroll&quot;:0,&quot;max_num_pages&quot;:1,&quot;pagination&quot;:&quot;none&quot;,&quot;template_vars&quot;:{&quot;columns&quot;:&quot;4&quot;,&quot;exclude_items&quot;:&quot;none&quot;,&quot;img_size&quot;:&quot;us_350_350_crop&quot;,&quot;ignore_items_size&quot;:0,&quot;items_layout&quot;:&quot;gallery_default&quot;,&quot;items_offset&quot;:&quot;1&quot;,&quot;load_animation&quot;:&quot;none&quot;,&quot;overriding_link&quot;:&quot;%7B%22type%22%3A%22popup_image%22%7D&quot;,&quot;post_id&quot;:0,&quot;query_args&quot;:{&quot;post_type&quot;:[&quot;attachment&quot;],&quot;post__in&quot;:[&quot;325&quot;,&quot;328&quot;,&quot;331&quot;,&quot;334&quot;],&quot;post_status&quot;:&quot;inherit&quot;,&quot;post_mime_type&quot;:&quot;image&quot;,&quot;posts_per_page&quot;:&quot;10&quot;},&quot;orderby_query_args&quot;:{&quot;orderby&quot;:&quot;RAND(873987987)&quot;},&quot;type&quot;:&quot;grid&quot;,&quot;us_grid_post_type&quot;:&quot;attachment&quot;,&quot;us_grid_ajax_index&quot;:1,&quot;us_grid_filter_query_string&quot;:null,&quot;us_grid_index&quot;:1,&quot;page_args&quot;:[],&quot;lang&quot;:&quot;fr&quot;}}'><\/div>\r\n\t<\/div><\/div><\/div><\/div><\/div><\/section><!-- Row Backgrounds --><div class=\"upb_color\" data-bg-override=\"0\" data-bg-color=\"#f5f5f5\" data-fadeout=\"\" data-fadeout-percentage=\"30\" data-parallax-content=\"\" data-parallax-content-sense=\"30\" data-row-effect-mobile-disable=\"true\" data-img-parallax-mobile-disable=\"true\" data-rtl=\"false\"  data-custom-vc-row=\"\"  data-vc=\"8.4.1\"  data-is_old_vc=\"\"  data-theme-support=\"\"   data-overlay=\"false\" data-overlay-color=\"\" data-overlay-pattern=\"\" data-overlay-pattern-opacity=\"\" data-overlay-pattern-size=\"\"    ><\/div>\n","protected":false},"excerpt":{"rendered":"","protected":false},"author":1,"featured_media":0,"parent":565,"menu_order":0,"comment_status":"closed","ping_status":"closed","template":"","meta":{"footnotes":""},"class_list":["post-569","page","type-page","status-publish","hentry"],"yoast_head":"<!-- This site is optimized with the Yoast SEO plugin v24.9 - https:\/\/yoast.com\/wordpress\/plugins\/seo\/ -->\n<title>sur la Grande Bleue avec Nicks Wellenfieber<\/title>\n<meta name=\"description\" content=\"Nous planifions r\u00e9guli\u00e8rement des voyages en haute mer. R\u00e9servez votre place.\" \/>\n<meta name=\"robots\" content=\"index, follow, max-snippet:-1, max-image-preview:large, max-video-preview:-1\" \/>\n<link rel=\"canonical\" href=\"https:\/\/nickswellenfieber.ch\/de\/praxis\/hochseekurse\/\" \/>\n<meta property=\"og:locale\" content=\"fr_FR\" \/>\n<meta property=\"og:type\" content=\"article\" \/>\n<meta property=\"og:title\" content=\"sur la Grande Bleue avec Nicks Wellenfieber\" \/>\n<meta property=\"og:description\" content=\"Nous planifions r\u00e9guli\u00e8rement des voyages en haute mer. R\u00e9servez votre place.\" \/>\n<meta property=\"og:url\" content=\"https:\/\/nickswellenfieber.ch\/de\/praxis\/hochseekurse\/\" \/>\n<meta property=\"og:site_name\" content=\"Nicks Wellenfieber\" \/>\n<meta property=\"article:modified_time\" content=\"2023-03-01T07:50:19+00:00\" \/>\n<meta name=\"twitter:card\" content=\"summary_large_image\" \/>\n<meta name=\"twitter:label1\" content=\"Dur\u00e9e de lecture estim\u00e9e\" \/>\n\t<meta name=\"twitter:data1\" content=\"3 minutes\" \/>\n<script type=\"application\/ld+json\" class=\"yoast-schema-graph\">{\"@context\":\"https:\/\/schema.org\",\"@graph\":[{\"@type\":\"WebPage\",\"@id\":\"https:\/\/nickswellenfieber.ch\/de\/praxis\/hochseekurse\/\",\"url\":\"https:\/\/nickswellenfieber.ch\/de\/praxis\/hochseekurse\/\",\"name\":\"sur la Grande Bleue avec Nicks Wellenfieber\",\"isPartOf\":{\"@id\":\"https:\/\/nickswellenfieber.ch\/de\/#website\"},\"datePublished\":\"2019-05-03T11:47:23+00:00\",\"dateModified\":\"2023-03-01T07:50:19+00:00\",\"description\":\"Nous planifions r\u00e9guli\u00e8rement des voyages en haute mer. R\u00e9servez votre place.\",\"breadcrumb\":{\"@id\":\"https:\/\/nickswellenfieber.ch\/de\/praxis\/hochseekurse\/#breadcrumb\"},\"inLanguage\":\"fr-FR\",\"potentialAction\":[{\"@type\":\"ReadAction\",\"target\":[\"https:\/\/nickswellenfieber.ch\/de\/praxis\/hochseekurse\/\"]}]},{\"@type\":\"BreadcrumbList\",\"@id\":\"https:\/\/nickswellenfieber.ch\/de\/praxis\/hochseekurse\/#breadcrumb\",\"itemListElement\":[{\"@type\":\"ListItem\",\"position\":1,\"name\":\"Home\",\"item\":\"https:\/\/nickswellenfieber.ch\/fr\/\"},{\"@type\":\"ListItem\",\"position\":2,\"name\":\"cours de pratique\",\"item\":\"https:\/\/nickswellenfieber.ch\/de\/praxis\/\"},{\"@type\":\"ListItem\",\"position\":3,\"name\":\"cours de haute mer\"}]},{\"@type\":\"WebSite\",\"@id\":\"https:\/\/nickswellenfieber.ch\/de\/#website\",\"url\":\"https:\/\/nickswellenfieber.ch\/de\/\",\"name\":\"Nicks Wellenfieber\",\"description\":\"\",\"potentialAction\":[{\"@type\":\"SearchAction\",\"target\":{\"@type\":\"EntryPoint\",\"urlTemplate\":\"https:\/\/nickswellenfieber.ch\/de\/?s={search_term_string}\"},\"query-input\":{\"@type\":\"PropertyValueSpecification\",\"valueRequired\":true,\"valueName\":\"search_term_string\"}}],\"inLanguage\":\"fr-FR\"}]}<\/script>\n<!-- \/ Yoast SEO plugin. -->","yoast_head_json":{"title":"sur la Grande Bleue avec Nicks Wellenfieber","description":"Nous planifions r\u00e9guli\u00e8rement des voyages en haute mer. R\u00e9servez votre place.","robots":{"index":"index","follow":"follow","max-snippet":"max-snippet:-1","max-image-preview":"max-image-preview:large","max-video-preview":"max-video-preview:-1"},"canonical":"https:\/\/nickswellenfieber.ch\/de\/praxis\/hochseekurse\/","og_locale":"fr_FR","og_type":"article","og_title":"sur la Grande Bleue avec Nicks Wellenfieber","og_description":"Nous planifions r\u00e9guli\u00e8rement des voyages en haute mer. R\u00e9servez votre place.","og_url":"https:\/\/nickswellenfieber.ch\/de\/praxis\/hochseekurse\/","og_site_name":"Nicks Wellenfieber","article_modified_time":"2023-03-01T07:50:19+00:00","twitter_card":"summary_large_image","twitter_misc":{"Dur\u00e9e de lecture estim\u00e9e":"3 minutes"},"schema":{"@context":"https:\/\/schema.org","@graph":[{"@type":"WebPage","@id":"https:\/\/nickswellenfieber.ch\/de\/praxis\/hochseekurse\/","url":"https:\/\/nickswellenfieber.ch\/de\/praxis\/hochseekurse\/","name":"sur la Grande Bleue avec Nicks Wellenfieber","isPartOf":{"@id":"https:\/\/nickswellenfieber.ch\/de\/#website"},"datePublished":"2019-05-03T11:47:23+00:00","dateModified":"2023-03-01T07:50:19+00:00","description":"Nous planifions r\u00e9guli\u00e8rement des voyages en haute mer. R\u00e9servez votre place.","breadcrumb":{"@id":"https:\/\/nickswellenfieber.ch\/de\/praxis\/hochseekurse\/#breadcrumb"},"inLanguage":"fr-FR","potentialAction":[{"@type":"ReadAction","target":["https:\/\/nickswellenfieber.ch\/de\/praxis\/hochseekurse\/"]}]},{"@type":"BreadcrumbList","@id":"https:\/\/nickswellenfieber.ch\/de\/praxis\/hochseekurse\/#breadcrumb","itemListElement":[{"@type":"ListItem","position":1,"name":"Home","item":"https:\/\/nickswellenfieber.ch\/fr\/"},{"@type":"ListItem","position":2,"name":"cours de pratique","item":"https:\/\/nickswellenfieber.ch\/de\/praxis\/"},{"@type":"ListItem","position":3,"name":"cours de haute mer"}]},{"@type":"WebSite","@id":"https:\/\/nickswellenfieber.ch\/de\/#website","url":"https:\/\/nickswellenfieber.ch\/de\/","name":"Nicks Wellenfieber","description":"","potentialAction":[{"@type":"SearchAction","target":{"@type":"EntryPoint","urlTemplate":"https:\/\/nickswellenfieber.ch\/de\/?s={search_term_string}"},"query-input":{"@type":"PropertyValueSpecification","valueRequired":true,"valueName":"search_term_string"}}],"inLanguage":"fr-FR"}]}},"_links":{"self":[{"href":"https:\/\/nickswellenfieber.ch\/fr\/wp-json\/wp\/v2\/pages\/569","targetHints":{"allow":["GET"]}}],"collection":[{"href":"https:\/\/nickswellenfieber.ch\/fr\/wp-json\/wp\/v2\/pages"}],"about":[{"href":"https:\/\/nickswellenfieber.ch\/fr\/wp-json\/wp\/v2\/types\/page"}],"author":[{"embeddable":true,"href":"https:\/\/nickswellenfieber.ch\/fr\/wp-json\/wp\/v2\/users\/1"}],"replies":[{"embeddable":true,"href":"https:\/\/nickswellenfieber.ch\/fr\/wp-json\/wp\/v2\/comments?post=569"}],"version-history":[{"count":4,"href":"https:\/\/nickswellenfieber.ch\/fr\/wp-json\/wp\/v2\/pages\/569\/revisions"}],"predecessor-version":[{"id":1303,"href":"https:\/\/nickswellenfieber.ch\/fr\/wp-json\/wp\/v2\/pages\/569\/revisions\/1303"}],"up":[{"embeddable":true,"href":"https:\/\/nickswellenfieber.ch\/fr\/wp-json\/wp\/v2\/pages\/565"}],"wp:attachment":[{"href":"https:\/\/nickswellenfieber.ch\/fr\/wp-json\/wp\/v2\/media?parent=569"}],"curies":[{"name":"wp","href":"https:\/\/api.w.org\/{rel}","templated":true}]}}