{"id":587,"date":"2019-05-03T14:33:31","date_gmt":"2019-05-03T12:33:31","guid":{"rendered":"https:\/\/nickswellenfieber.ch\/?page_id=587"},"modified":"2025-04-23T14:07:37","modified_gmt":"2025-04-23T12:07:37","slug":"prix","status":"publish","type":"page","link":"https:\/\/nickswellenfieber.ch\/fr\/prix\/","title":{"rendered":"prix"},"content":{"rendered":"<section class=\"l-section wpb_row height_large\"><div class=\"l-section-h i-cf\"><div class=\"g-cols vc_row via_grid cols_1 laptops-cols_inherit tablets-cols_inherit mobiles-cols_1 valign_top type_default stacking_default\"><div class=\"wpb_column vc_column_container\"><div class=\"vc_column-inner\"><div class=\"wpb_text_column\"><div class=\"wpb_wrapper\"><h1 style=\"text-align: center;\">PRIX<\/h1>\n<p style=\"text-align: center;\">Nos prix s\u2019entendent net..<\/p>\n<\/div><\/div><\/div><\/div><\/div><\/div><\/section><!-- Row Backgrounds --><div class=\"upb_color\" data-bg-override=\"0\" data-bg-color=\"#f5f5f5\" data-fadeout=\"\" data-fadeout-percentage=\"30\" data-parallax-content=\"\" data-parallax-content-sense=\"30\" data-row-effect-mobile-disable=\"true\" data-img-parallax-mobile-disable=\"true\" data-rtl=\"false\"  data-custom-vc-row=\"\"  data-vc=\"8.4.1\"  data-is_old_vc=\"\"  data-theme-support=\"\"   data-overlay=\"false\" data-overlay-color=\"\" data-overlay-pattern=\"\" data-overlay-pattern-opacity=\"\" data-overlay-pattern-size=\"\"    ><\/div><section class=\"l-section wpb_row height_medium\"><div class=\"l-section-h i-cf\"><div class=\"g-cols vc_row via_grid cols_1 laptops-cols_inherit tablets-cols_inherit mobiles-cols_1 valign_top type_default stacking_default\"><div class=\"wpb_column vc_column_container\"><div class=\"vc_column-inner\"><div class=\"wpb_text_column us_custom_39cf0ed0\"><div class=\"wpb_wrapper\"><h3>Cours de voile sur J80 et accompagnement jusqu\u2019\u00e0 l\u2019examen (D).<\/h3>\n<\/div><\/div><div class=\"ult-spacer spacer-6a070af458b62\" data-id=\"6a070af458b62\" data-height=\"30\" data-height-mobile=\"30\" data-height-tab=\"30\" data-height-tab-portrait=\"\" data-height-mobile-landscape=\"\" style=\"clear:both;display:block;\"><\/div><div class=\"wpb_text_column\"><div class=\"wpb_wrapper\"><table class=\"table table-preistabelle\">\n<tbody>\n<tr>\n<td>Cours hebdomadaires<\/td>\n<td>d\u00e8s<\/td>\n<td>CHF 1000.00<\/td>\n<td><\/td>\n<\/tr>\n<tr>\n<td>Le\u00e7ons individuelles<\/td>\n<td>\u00e0 l\u2019heure<br \/>\npour 2 personnes<\/td>\n<td>CHF 110.00<br \/>\nCHF 55.00 \/ personne<\/td>\n<td><\/td>\n<\/tr>\n<tr>\n<td>Location du bateau pour les examens et balades<\/td>\n<td>d\u00e8s<\/td>\n<td>CHF 240.00<\/td>\n<td><\/td>\n<\/tr>\n<tr>\n<td>Cours de r\u00e9gate<\/td>\n<td>\n<div>3 heures.<\/div>\n<\/td>\n<td>\n<div>CHF 90.00 \/ personne<\/div>\n<\/td>\n<td>\n<div>d\u00e8s 4 personnes<\/div>\n<\/td>\n<\/tr>\n<tr>\n<td>Participation unique \u00e0 l\u2019assurance<\/td>\n<td><\/td>\n<td>CHF 60.00 \/ personne<\/td>\n<td><\/td>\n<\/tr>\n<\/tbody>\n<\/table>\n<\/div><\/div><\/div><\/div><\/div><\/div><\/section><section class=\"l-section wpb_row height_medium\"><div class=\"l-section-h i-cf\"><div class=\"g-cols vc_row via_grid cols_1 laptops-cols_inherit tablets-cols_inherit mobiles-cols_1 valign_top type_default stacking_default\"><div class=\"wpb_column vc_column_container\"><div class=\"vc_column-inner\"><div class=\"wpb_text_column us_custom_39cf0ed0\"><div class=\"wpb_wrapper\"><h3>Instructions Gennaker et Spinnaker, cours de r\u00e9gate (avec bateau coach)<\/h3>\n<\/div><\/div><div class=\"ult-spacer spacer-6a070af458ecc\" data-id=\"6a070af458ecc\" data-height=\"30\" data-height-mobile=\"30\" data-height-tab=\"30\" data-height-tab-portrait=\"\" data-height-mobile-landscape=\"\" style=\"clear:both;display:block;\"><\/div><div class=\"wpb_text_column\"><div class=\"wpb_wrapper\"><table class=\"table table-preistabelle\">\n<tbody>\n<tr>\n<td>Le\u00e7ons individuelles<\/td>\n<td>\u00e0 l\u2019heure<br \/>\npour 2 personnes<br \/>\npour 3 personnes<\/td>\n<td>CHF 110.00<br \/>\nCHF 55.00 \/ personne<br \/>\nCHF 35.00 \/ personne<\/td>\n<\/tr>\n<tr>\n<td>Participation unique \u00e0 l\u2019assurance<\/td>\n<td><\/td>\n<td>CHF 60.00 \/ personne<\/td>\n<\/tr>\n<\/tbody>\n<\/table>\n<\/div><\/div><\/div><\/div><\/div><\/div><\/section><!-- Row Backgrounds --><div class=\"upb_color\" data-bg-override=\"0\" data-bg-color=\"#f5f5f5\" data-fadeout=\"\" data-fadeout-percentage=\"30\" data-parallax-content=\"\" data-parallax-content-sense=\"30\" data-row-effect-mobile-disable=\"true\" data-img-parallax-mobile-disable=\"true\" data-rtl=\"false\"  data-custom-vc-row=\"\"  data-vc=\"8.4.1\"  data-is_old_vc=\"\"  data-theme-support=\"\"   data-overlay=\"false\" data-overlay-color=\"\" data-overlay-pattern=\"\" data-overlay-pattern-opacity=\"\" data-overlay-pattern-size=\"\"    ><\/div><section class=\"l-section wpb_row height_medium\"><div class=\"l-section-h i-cf\"><div class=\"g-cols vc_row via_grid cols_1 laptops-cols_inherit tablets-cols_inherit mobiles-cols_1 valign_top type_default stacking_default\"><div class=\"wpb_column vc_column_container\"><div class=\"vc_column-inner\"><div class=\"wpb_text_column us_custom_39cf0ed0\"><div class=\"wpb_wrapper\"><h3>Cours de bateau \u00e0 moteur<\/h3>\n<\/div><\/div><div class=\"ult-spacer spacer-6a070af4591ac\" data-id=\"6a070af4591ac\" data-height=\"30\" data-height-mobile=\"30\" data-height-tab=\"30\" data-height-tab-portrait=\"\" data-height-mobile-landscape=\"\" style=\"clear:both;display:block;\"><\/div><div class=\"wpb_text_column\"><div class=\"wpb_wrapper\"><table class=\"table table-preistabelle\">\n<tbody>\n<tr>\n<td>Cours hebdomadaires<\/td>\n<td>d\u00e8s<\/td>\n<td>CHF 1000.00<\/td>\n<\/tr>\n<tr>\n<td>Le\u00e7ons individuelles<\/td>\n<td>\u00e0 l\u2019heure<br \/>\npour 2 personnes<\/td>\n<td>CHF 120.00<br \/>\nCHF 60.00 \/ personne<\/td>\n<\/tr>\n<tr>\n<td>Jour d\u2019examen, d\u00e9placement et examen<\/td>\n<td>d\u00e8s<\/td>\n<td>CHF 240.00<\/td>\n<\/tr>\n<tr>\n<td>Participation unique \u00e0 l\u2019assurance<\/td>\n<td><\/td>\n<td>CHF 50.00 \/ personne<\/td>\n<\/tr>\n<\/tbody>\n<\/table>\n<\/div><\/div><\/div><\/div><\/div><\/div><\/section><section class=\"l-section wpb_row height_large\"><div class=\"l-section-h i-cf\"><div class=\"g-cols vc_row via_grid cols_2 laptops-cols_inherit tablets-cols_inherit mobiles-cols_1 valign_top type_default stacking_default\"><div class=\"wpb_column vc_column_container\"><div class=\"vc_column-inner\"><div class=\"wpb_text_column\" id=\"meetingpoint\"><div class=\"wpb_wrapper\"><h1>MEETINGPOINT<\/h1>\n<p>NOTRE BUREAU EST AU PREMIER \u00c9TAGE.<\/p>\n<\/div><\/div><\/div><\/div><div class=\"wpb_column vc_column_container\"><div class=\"vc_column-inner\"><div class=\"w-image align_center\"><div class=\"w-image-h\"><img decoding=\"async\" width=\"1170\" height=\"862\" src=\"https:\/\/nickswellenfieber.ch\/wp-content\/uploads\/2025\/04\/meeting_point.jpg\" class=\"attachment-full size-full\" alt=\"\" loading=\"lazy\" srcset=\"https:\/\/nickswellenfieber.ch\/wp-content\/uploads\/2025\/04\/meeting_point.jpg 1170w, https:\/\/nickswellenfieber.ch\/wp-content\/uploads\/2025\/04\/meeting_point-300x221.jpg 300w, https:\/\/nickswellenfieber.ch\/wp-content\/uploads\/2025\/04\/meeting_point-1024x754.jpg 1024w\" sizes=\"auto, (max-width: 1170px) 100vw, 1170px\" \/><\/div><\/div><\/div><\/div><\/div><\/div><\/section><!-- Row Backgrounds --><div class=\"upb_color\" data-bg-override=\"0\" data-bg-color=\"#f5f5f5\" data-fadeout=\"\" data-fadeout-percentage=\"30\" data-parallax-content=\"\" data-parallax-content-sense=\"30\" data-row-effect-mobile-disable=\"true\" data-img-parallax-mobile-disable=\"true\" data-rtl=\"false\"  data-custom-vc-row=\"\"  data-vc=\"8.4.1\"  data-is_old_vc=\"\"  data-theme-support=\"\"   data-overlay=\"false\" data-overlay-color=\"\" data-overlay-pattern=\"\" data-overlay-pattern-opacity=\"\" data-overlay-pattern-size=\"\"    ><\/div>\n","protected":false},"excerpt":{"rendered":"PRIX Nos prix s\u2019entendent net.. Cours de voile sur J80 et accompagnement jusqu\u2019\u00e0 l\u2019examen (D). Cours hebdomadaires d\u00e8s CHF 1000.00 Le\u00e7ons individuelles \u00e0 l\u2019heure pour 2 personnes CHF 110.00 CHF 55.00 \/ personne Location du bateau pour les examens et balades d\u00e8s CHF 240.00 Cours de r\u00e9gate 3 heures. CHF 90.00 \/ personne d\u00e8s 4...","protected":false},"author":1,"featured_media":0,"parent":0,"menu_order":0,"comment_status":"closed","ping_status":"closed","template":"","meta":{"footnotes":""},"class_list":["post-587","page","type-page","status-publish","hentry"],"yoast_head":"<!-- This site is optimized with the Yoast SEO plugin v24.9 - https:\/\/yoast.com\/wordpress\/plugins\/seo\/ -->\n<title>prix - Nicks Wellenfieber<\/title>\n<meta name=\"robots\" content=\"index, follow, max-snippet:-1, max-image-preview:large, max-video-preview:-1\" \/>\n<link rel=\"canonical\" href=\"https:\/\/nickswellenfieber.ch\/fr\/prix\/\" \/>\n<meta property=\"og:locale\" content=\"fr_FR\" \/>\n<meta property=\"og:type\" content=\"article\" \/>\n<meta property=\"og:title\" content=\"prix - Nicks Wellenfieber\" \/>\n<meta property=\"og:url\" content=\"https:\/\/nickswellenfieber.ch\/fr\/prix\/\" \/>\n<meta property=\"og:site_name\" content=\"Nicks Wellenfieber\" \/>\n<meta property=\"article:modified_time\" content=\"2025-04-23T12:07:37+00:00\" \/>\n<meta name=\"twitter:card\" content=\"summary_large_image\" \/>\n<meta name=\"twitter:label1\" content=\"Dur\u00e9e de lecture estim\u00e9e\" \/>\n\t<meta name=\"twitter:data1\" content=\"1 minute\" \/>\n<script type=\"application\/ld+json\" class=\"yoast-schema-graph\">{\"@context\":\"https:\/\/schema.org\",\"@graph\":[{\"@type\":\"WebPage\",\"@id\":\"https:\/\/nickswellenfieber.ch\/fr\/prix\/\",\"url\":\"https:\/\/nickswellenfieber.ch\/fr\/prix\/\",\"name\":\"prix - Nicks Wellenfieber\",\"isPartOf\":{\"@id\":\"https:\/\/nickswellenfieber.ch\/de\/#website\"},\"datePublished\":\"2019-05-03T12:33:31+00:00\",\"dateModified\":\"2025-04-23T12:07:37+00:00\",\"breadcrumb\":{\"@id\":\"https:\/\/nickswellenfieber.ch\/fr\/prix\/#breadcrumb\"},\"inLanguage\":\"fr-FR\",\"potentialAction\":[{\"@type\":\"ReadAction\",\"target\":[\"https:\/\/nickswellenfieber.ch\/fr\/prix\/\"]}]},{\"@type\":\"BreadcrumbList\",\"@id\":\"https:\/\/nickswellenfieber.ch\/fr\/prix\/#breadcrumb\",\"itemListElement\":[{\"@type\":\"ListItem\",\"position\":1,\"name\":\"Home\",\"item\":\"https:\/\/nickswellenfieber.ch\/fr\/\"},{\"@type\":\"ListItem\",\"position\":2,\"name\":\"prix\"}]},{\"@type\":\"WebSite\",\"@id\":\"https:\/\/nickswellenfieber.ch\/de\/#website\",\"url\":\"https:\/\/nickswellenfieber.ch\/de\/\",\"name\":\"Nicks Wellenfieber\",\"description\":\"\",\"potentialAction\":[{\"@type\":\"SearchAction\",\"target\":{\"@type\":\"EntryPoint\",\"urlTemplate\":\"https:\/\/nickswellenfieber.ch\/de\/?s={search_term_string}\"},\"query-input\":{\"@type\":\"PropertyValueSpecification\",\"valueRequired\":true,\"valueName\":\"search_term_string\"}}],\"inLanguage\":\"fr-FR\"}]}<\/script>\n<!-- \/ Yoast SEO plugin. -->","yoast_head_json":{"title":"prix - Nicks Wellenfieber","robots":{"index":"index","follow":"follow","max-snippet":"max-snippet:-1","max-image-preview":"max-image-preview:large","max-video-preview":"max-video-preview:-1"},"canonical":"https:\/\/nickswellenfieber.ch\/fr\/prix\/","og_locale":"fr_FR","og_type":"article","og_title":"prix - Nicks Wellenfieber","og_url":"https:\/\/nickswellenfieber.ch\/fr\/prix\/","og_site_name":"Nicks Wellenfieber","article_modified_time":"2025-04-23T12:07:37+00:00","twitter_card":"summary_large_image","twitter_misc":{"Dur\u00e9e de lecture estim\u00e9e":"1 minute"},"schema":{"@context":"https:\/\/schema.org","@graph":[{"@type":"WebPage","@id":"https:\/\/nickswellenfieber.ch\/fr\/prix\/","url":"https:\/\/nickswellenfieber.ch\/fr\/prix\/","name":"prix - Nicks Wellenfieber","isPartOf":{"@id":"https:\/\/nickswellenfieber.ch\/de\/#website"},"datePublished":"2019-05-03T12:33:31+00:00","dateModified":"2025-04-23T12:07:37+00:00","breadcrumb":{"@id":"https:\/\/nickswellenfieber.ch\/fr\/prix\/#breadcrumb"},"inLanguage":"fr-FR","potentialAction":[{"@type":"ReadAction","target":["https:\/\/nickswellenfieber.ch\/fr\/prix\/"]}]},{"@type":"BreadcrumbList","@id":"https:\/\/nickswellenfieber.ch\/fr\/prix\/#breadcrumb","itemListElement":[{"@type":"ListItem","position":1,"name":"Home","item":"https:\/\/nickswellenfieber.ch\/fr\/"},{"@type":"ListItem","position":2,"name":"prix"}]},{"@type":"WebSite","@id":"https:\/\/nickswellenfieber.ch\/de\/#website","url":"https:\/\/nickswellenfieber.ch\/de\/","name":"Nicks Wellenfieber","description":"","potentialAction":[{"@type":"SearchAction","target":{"@type":"EntryPoint","urlTemplate":"https:\/\/nickswellenfieber.ch\/de\/?s={search_term_string}"},"query-input":{"@type":"PropertyValueSpecification","valueRequired":true,"valueName":"search_term_string"}}],"inLanguage":"fr-FR"}]}},"_links":{"self":[{"href":"https:\/\/nickswellenfieber.ch\/fr\/wp-json\/wp\/v2\/pages\/587","targetHints":{"allow":["GET"]}}],"collection":[{"href":"https:\/\/nickswellenfieber.ch\/fr\/wp-json\/wp\/v2\/pages"}],"about":[{"href":"https:\/\/nickswellenfieber.ch\/fr\/wp-json\/wp\/v2\/types\/page"}],"author":[{"embeddable":true,"href":"https:\/\/nickswellenfieber.ch\/fr\/wp-json\/wp\/v2\/users\/1"}],"replies":[{"embeddable":true,"href":"https:\/\/nickswellenfieber.ch\/fr\/wp-json\/wp\/v2\/comments?post=587"}],"version-history":[{"count":12,"href":"https:\/\/nickswellenfieber.ch\/fr\/wp-json\/wp\/v2\/pages\/587\/revisions"}],"predecessor-version":[{"id":5152,"href":"https:\/\/nickswellenfieber.ch\/fr\/wp-json\/wp\/v2\/pages\/587\/revisions\/5152"}],"wp:attachment":[{"href":"https:\/\/nickswellenfieber.ch\/fr\/wp-json\/wp\/v2\/media?parent=587"}],"curies":[{"name":"wp","href":"https:\/\/api.w.org\/{rel}","templated":true}]}}