{"id":591,"date":"2019-05-03T14:54:44","date_gmt":"2019-05-03T12:54:44","guid":{"rendered":"https:\/\/nickswellenfieber.ch\/?page_id=591"},"modified":"2025-06-25T08:22:26","modified_gmt":"2025-06-25T06:22:26","slug":"equipe","status":"publish","type":"page","link":"https:\/\/nickswellenfieber.ch\/fr\/equipe\/","title":{"rendered":"equipe"},"content":{"rendered":"<section class=\"l-section wpb_row height_small with_img parallax_ver\"><div class=\"l-section-img\" role=\"img\" data-img-width=\"1920\" data-img-height=\"1280\" style=\"background-image: url(https:\/\/nickswellenfieber.ch\/wp-content\/uploads\/2019\/04\/u-ber-uns-jpg.jpg);background-repeat: no-repeat;\"><\/div><div class=\"l-section-h i-cf\"><div class=\"g-cols vc_row via_grid cols_1 laptops-cols_inherit tablets-cols_inherit mobiles-cols_1 valign_middle type_default stacking_default\"><div class=\"wpb_column vc_column_container us_custom_6df4bc3a has_text_color\"><div class=\"vc_column-inner\"><div class=\"ult-spacer spacer-69efa346dcd91\" data-id=\"69efa346dcd91\" data-height=\"200\" data-height-mobile=\"100\" data-height-tab=\"150\" data-height-tab-portrait=\"150\" data-height-mobile-landscape=\"100\" style=\"clear:both;display:block;\"><\/div><div class=\"g-cols wpb_row via_grid cols_2 laptops-cols_inherit tablets-cols_inherit mobiles-cols_1 valign_top type_default stacking_default\" style=\"--columns-gap:3rem;\"><div class=\"wpb_column vc_column_container headerblock\"><div class=\"vc_column-inner\"><div class=\"wpb_text_column us_custom_57ee0661 slidertitle\"><div class=\"wpb_wrapper\"><h1>EQUIPE<\/h1>\n<h4>Notre \u00e9quipe est \u00e0 votre disposition avec nos bateaux&#8230;<br \/>\n<strong>&#8230;depuis 15 ans !<\/strong><\/h4>\n<\/div><\/div><\/div><\/div><div class=\"wpb_column vc_column_container\"><div class=\"vc_column-inner\"><\/div><\/div><\/div><div class=\"ult-spacer spacer-69efa346dd2c8\" data-id=\"69efa346dd2c8\" data-height=\"200\" data-height-mobile=\"100\" data-height-tab=\"150\" data-height-tab-portrait=\"150\" data-height-mobile-landscape=\"100\" style=\"clear:both;display:block;\"><\/div><\/div><\/div><\/div><\/div><\/section><section class=\"l-section wpb_row height_medium\"><div class=\"l-section-h i-cf\"><div class=\"g-cols vc_row via_grid cols_1-2 laptops-cols_inherit tablets-cols_inherit mobiles-cols_1 valign_top type_default stacking_default\"><div class=\"wpb_column vc_column_container\"><div class=\"vc_column-inner\"><div class=\"w-image align_none\"><a target=\"_blank\" href=\"https:\/\/nickswellenfieber.ch\/wp-content\/uploads\/2025\/06\/Fachausweis_Diplom_Motorbootelehrer_2025-06-24_094240.pdf\" aria-label=\"nick-dipolm\" class=\"w-image-h\"><img decoding=\"async\" width=\"670\" height=\"949\" src=\"https:\/\/nickswellenfieber.ch\/wp-content\/uploads\/2025\/06\/nick-dipolm.jpg\" class=\"attachment-large size-large\" alt=\"\" loading=\"lazy\" srcset=\"https:\/\/nickswellenfieber.ch\/wp-content\/uploads\/2025\/06\/nick-dipolm.jpg 670w, https:\/\/nickswellenfieber.ch\/wp-content\/uploads\/2025\/06\/nick-dipolm-212x300.jpg 212w\" sizes=\"auto, (max-width: 670px) 100vw, 670px\" \/><\/a><\/div><div class=\"ult-spacer spacer-69efa346dd865\" data-id=\"69efa346dd865\" data-height=\"30\" data-height-mobile=\"30\" data-height-tab=\"30\" data-height-tab-portrait=\"\" data-height-mobile-landscape=\"\" style=\"clear:both;display:block;\"><\/div><div class=\"w-image align_none\"><a target=\"_blank\" href=\"https:\/\/nickswellenfieber.ch\/wp-content\/uploads\/2025\/06\/Fachausweis_Diplom_Segellehrer_2025-06-24_094342.pdf\" aria-label=\"nick-dipolm-segeln\" class=\"w-image-h\"><img decoding=\"async\" width=\"673\" height=\"950\" src=\"https:\/\/nickswellenfieber.ch\/wp-content\/uploads\/2025\/06\/nick-dipolm-segeln.jpg\" class=\"attachment-large size-large\" alt=\"\" loading=\"lazy\" srcset=\"https:\/\/nickswellenfieber.ch\/wp-content\/uploads\/2025\/06\/nick-dipolm-segeln.jpg 673w, https:\/\/nickswellenfieber.ch\/wp-content\/uploads\/2025\/06\/nick-dipolm-segeln-213x300.jpg 213w\" sizes=\"auto, (max-width: 673px) 100vw, 673px\" \/><\/a><\/div><\/div><\/div><div class=\"wpb_column vc_column_container\"><div class=\"vc_column-inner\"><div class=\"wpb_text_column\"><div class=\"wpb_wrapper\"><h2>Nick Benz<\/h2>\n<h4>Propri\u00e9taire \/ directeur g\u00e9n\u00e9ral<\/h4>\n<\/div><\/div><div class=\"w-image align_none\"><div class=\"w-image-h\"><img decoding=\"async\" width=\"1024\" height=\"788\" src=\"https:\/\/nickswellenfieber.ch\/wp-content\/uploads\/2019\/04\/u-ber-uns-nick-benz-jpg-1024x788.jpg\" class=\"attachment-large size-large\" alt=\"\" loading=\"lazy\" srcset=\"https:\/\/nickswellenfieber.ch\/wp-content\/uploads\/2019\/04\/u-ber-uns-nick-benz-jpg-1024x788.jpg 1024w, https:\/\/nickswellenfieber.ch\/wp-content\/uploads\/2019\/04\/u-ber-uns-nick-benz-jpg-300x231.jpg 300w, https:\/\/nickswellenfieber.ch\/wp-content\/uploads\/2019\/04\/u-ber-uns-nick-benz-jpg.jpg 1664w\" sizes=\"auto, (max-width: 1024px) 100vw, 1024px\" \/><\/div><\/div><div class=\"wpb_text_column\"><div class=\"wpb_wrapper\"><p>Nick est <a href=\"https:\/\/nickswellenfieber.ch\/wp-content\/uploads\/2019\/04\/diplom-segellehrer.pdf\" target=\"_blank\" rel=\"noopener noreferrer\">instructeur de voile <\/a> et <a href=\"https:\/\/nickswellenfieber.ch\/wp-content\/uploads\/2019\/04\/diplom-bootsfahrlehrer.pdf\" target=\"_blank\" rel=\"noopener noreferrer\">de bateau \u00e0 moteur avec dipl\u00f4me f\u00e9d\u00e9ral AENS<\/a>. Sa grande exp\u00e9rience de marin s&rsquo;est construite sur des bateaux de diff\u00e9rentes tailles sur lacs ou en haute mer.<\/p>\n<p>Il a pris part avec succ\u00e8s \u00e0 nombreuses r\u00e9gates sur diff\u00e9rentes classes de d\u00e9riveurs et de yacht; sur Laser et la classe olympique reine des d\u00e9riveurs : le Finn Dingi. Il a pris \u00e9galement part \u00e0 des r\u00e9gates europ\u00e9ennes et mondiales ainsi qu\u2019en haute mer.<\/p>\n<p>Nick est n\u00e9 au bord du lac de Bienne. Depuis sa jeunesse, ses innombrables aventures et croisi\u00e8res en bateaux lui ont fait conna\u00eetre \u00e0 fond les lacs jurassiens reli\u00e9s par le canal de la Thi\u00e8le et le canal de la Broye.<\/p>\n<p>Nick est en plus :<\/p>\n<ul>\n<li>Ancien membre du Comit\u00e9 du Yachtclub Lac de Bienne YCB<\/li>\n<li>Co-fondateur et Pr\u00e9sident du Club olympique de YCB (F\u00e9d\u00e9ration pour les projets olympique et marins talentueux)<\/li>\n<li>Management r\u00e9ussi avec succ\u00e8s des campagnes olympiques.<\/li>\n<li>Main droite du responsable des sports d\u2019\u00e9lite de Swiss Sailing.<\/li>\n<li>Membre du comit\u00e9 de l\u2019Association Swiss Laser.<\/li>\n<li>Caissier de l\u2019Association des Ecoles Nautiques de Suisse AENS.<\/li>\n<\/ul>\n<p>Des croisi\u00e8res de haute mer lui apportent un bon \u00e9quilibre entre vie professionnelle et priv\u00e9e tout en compl\u00e9tant son exp\u00e9rience de la haute mer.<\/p>\n<\/div><\/div><\/div><\/div><\/div><\/div><\/section><section class=\"l-section wpb_row height_auto width_full\"><div class=\"l-section-h i-cf\"><div class=\"g-cols vc_row via_grid cols_3-2 laptops-cols_inherit tablets-cols_inherit mobiles-cols_1 valign_middle type_default reversed stacking_default\"><div class=\"wpb_column vc_column_container us_custom_3a923bd6\"><div class=\"vc_column-inner\"><div class=\"g-cols wpb_row via_grid cols_1-4-1 laptops-cols_inherit tablets-cols_inherit mobiles-cols_1 valign_top type_default stacking_default\" style=\"--columns-gap:3rem;\"><div class=\"wpb_column vc_column_container\"><div class=\"vc_column-inner\"><\/div><\/div><div class=\"wpb_column vc_column_container\"><div class=\"vc_column-inner\"><div class=\"wpb_text_column underlined\"><div class=\"wpb_wrapper\"><h4>Finnmaster<\/h4>\n<h2>Nana<\/h2>\n<p>Nana est un bateau \u00e0 moteur hors-bord de 115 CV.<\/p>\n<p>Ce bateau \u00e0 moteur, avec une longueur de 6.10 m et une largeur de 2.30 m, est id\u00e9al pour apprendre les man\u0153uvres n\u00e9cessaires \u00e0 l&rsquo;examen.<br \/>\nGrace \u00e0 sa quille lest\u00e9e la course du bateau reste stable. Le bateau p\u00e8se 1500 kg et sa boite \u00e0 vitesse \u00e9lectronique facilitent les man\u0153uvres.<\/p>\n<p>La cabine chauff\u00e9e permet une utilisation hivernale.<\/p>\n<\/div><\/div><div class=\"ult-spacer spacer-69efa346de397\" data-id=\"69efa346de397\" data-height=\"40\" data-height-mobile=\"40\" data-height-tab=\"40\" data-height-tab-portrait=\"\" data-height-mobile-landscape=\"\" style=\"clear:both;display:block;\"><\/div><\/div><\/div><div class=\"wpb_column vc_column_container\"><div class=\"vc_column-inner\"><\/div><\/div><\/div><\/div><\/div><div class=\"wpb_column vc_column_container us_custom_fe1b1e97 has_bg_color\"><div class=\"vc_column-inner\"><div class=\"ult-spacer spacer-69efa346de4dd\" data-id=\"69efa346de4dd\" data-height=\"600\" data-height-mobile=\"300\" data-height-tab=\"400\" data-height-tab-portrait=\"400\" data-height-mobile-landscape=\"300\" style=\"clear:both;display:block;\"><\/div><\/div><\/div><\/div><\/div><\/section><!-- Row Backgrounds --><div class=\"upb_color\" data-bg-override=\"0\" data-bg-color=\"#f5f5f5\" data-fadeout=\"\" data-fadeout-percentage=\"30\" data-parallax-content=\"\" data-parallax-content-sense=\"30\" data-row-effect-mobile-disable=\"true\" data-img-parallax-mobile-disable=\"true\" data-rtl=\"false\"  data-custom-vc-row=\"\"  data-vc=\"8.4.1\"  data-is_old_vc=\"\"  data-theme-support=\"\"   data-overlay=\"false\" data-overlay-color=\"\" data-overlay-pattern=\"\" data-overlay-pattern-opacity=\"\" data-overlay-pattern-size=\"\"    ><\/div><section class=\"l-section wpb_row height_auto width_full\"><div class=\"l-section-h i-cf\"><div class=\"g-cols vc_row via_grid cols_2-3 laptops-cols_inherit tablets-cols_inherit mobiles-cols_1 valign_middle type_default stacking_default\"><div class=\"wpb_column vc_column_container us_custom_62e9a095 has_bg_color\"><div class=\"vc_column-inner\"><div class=\"ult-spacer spacer-69efa346de704\" data-id=\"69efa346de704\" data-height=\"600\" data-height-mobile=\"300\" data-height-tab=\"400\" data-height-tab-portrait=\"400\" data-height-mobile-landscape=\"300\" style=\"clear:both;display:block;\"><\/div><\/div><\/div><div class=\"wpb_column vc_column_container us_custom_e68a6a92\"><div class=\"vc_column-inner\"><div class=\"g-cols wpb_row via_grid cols_1-4-1 laptops-cols_inherit tablets-cols_inherit mobiles-cols_1 valign_top type_default stacking_default\" style=\"--columns-gap:3rem;\"><div class=\"wpb_column vc_column_container\"><div class=\"vc_column-inner\"><\/div><\/div><div class=\"wpb_column vc_column_container\"><div class=\"vc_column-inner\"><div class=\"wpb_text_column underlined\"><div class=\"wpb_wrapper\"><h4>Bateau pour manifestation<\/h4>\n<h2>Il Volo<\/h2>\n<p>Le bateau-\u00e9v\u00e9nement \/ p\u00e9niche Il Volo est le plus r\u00e9cent de notre flotte.<br \/>\nIl peut accueillir 12 personnes (y compris le skipper) et est \u00e9quip\u00e9 d&rsquo;une cuisine, d&rsquo;un barbecue, d&rsquo;une plancha, de 2 toilettes et d&rsquo;un pont soleil \/ flightbridge ainsi que de 4 SUPS, d&rsquo;une annexe avec moteur \u00e9lectrique et d&rsquo;une plateforme de bain.<br \/>\nLe bateau \u00e9v\u00e9nementiel \/ bateau-maison est donc particuli\u00e8rement adapt\u00e9 aux \u00e9v\u00e9nements tels que les ap\u00e9ritifs et toutes sortes d&rsquo;\u00e9v\u00e9nements.<\/p>\n<p>Traduit avec DeepL.com (version gratuite)<\/p>\n<\/div><\/div>[vc_raw_html]JTNDdmlkZW8lMjB3aWR0aCUzRCUyMjcyMCUyMiUyMGhlaWdodCUzRCUyMjQ2MCUyMiUyMGNvbnRyb2xzJTNFJTBBJTIwJTIwJTNDc291cmNlJTIwc3JjJTNEJTIyaHR0cHMlM0ElMkYlMkZuaWNrc3dlbGxlbmZpZWJlci5jaCUyRndwLWNvbnRlbnQlMkZ1cGxvYWRzJTJGMjAyNCUyRjEwJTJGZXZlbnRib290Lk1QNCUyMiUyMHR5cGUlM0QlMjJ2aWRlbyUyRm1wNCUyMiUzRSUwQVlvdXIlMjBicm93c2VyJTIwZG9lcyUyMG5vdCUyMHN1cHBvcnQlMjB0aGUlMjB2aWRlbyUyMHRhZy4lMEElM0MlMkZ2aWRlbyUzRQ==[\/vc_raw_html]<\/div><\/div><div class=\"wpb_column vc_column_container\"><div class=\"vc_column-inner\"><\/div><\/div><\/div><\/div><\/div><\/div><\/div><\/section><!-- Row Backgrounds --><div class=\"upb_color\" data-bg-override=\"0\" data-bg-color=\"\" data-fadeout=\"\" data-fadeout-percentage=\"30\" data-parallax-content=\"\" data-parallax-content-sense=\"30\" data-row-effect-mobile-disable=\"true\" data-img-parallax-mobile-disable=\"true\" data-rtl=\"false\"  data-custom-vc-row=\"\"  data-vc=\"8.4.1\"  data-is_old_vc=\"\"  data-theme-support=\"\"   data-overlay=\"false\" data-overlay-color=\"\" data-overlay-pattern=\"\" data-overlay-pattern-opacity=\"\" data-overlay-pattern-size=\"\"    ><\/div><section class=\"l-section wpb_row height_auto width_full\"><div class=\"l-section-h i-cf\"><div class=\"g-cols vc_row via_grid cols_3-2 laptops-cols_inherit tablets-cols_inherit mobiles-cols_1 valign_middle type_default reversed stacking_default\"><div class=\"wpb_column vc_column_container us_custom_3a923bd6\"><div class=\"vc_column-inner\"><div class=\"g-cols wpb_row via_grid cols_1-4-1 laptops-cols_inherit tablets-cols_inherit mobiles-cols_1 valign_top type_default stacking_default\" style=\"--columns-gap:3rem;\"><div class=\"wpb_column vc_column_container\"><div class=\"vc_column-inner\"><\/div><\/div><div class=\"wpb_column vc_column_container\"><div class=\"vc_column-inner\"><div class=\"wpb_text_column underlined\"><div class=\"wpb_wrapper\"><h4>Bateau \u00e0 voile<\/h4>\n<h2>J80<\/h2>\n<p>En France le J80 est le bateau-\u00e9cole ayant le plus de succ\u00e8s et fait partie de la classe de r\u00e9gate \u00e0 la plus forte croissance.<\/p>\n<p>Avec ses 8,00 m de long et 2,47 m de large ce voilier poss\u00e8de des propri\u00e9t\u00e9s de navigations extraordinaires. Avec ses 34 m2 de voilure et son poids de 1450 kg le bateau se d\u00e9place facilement sous de tr\u00e8s faibles brises. Il est rapide et agile comme un d\u00e9riveur. Le grand cockpit, le foc sur enrouleur et la disposition des am\u00e9nagements simplifient les man\u0153uvres. Nous avons deux bateaux de ce type \u00e0 disposition pour les cours et trois pour les manifestations.<\/p>\n<p>Ces bateaux sont \u00e9quip\u00e9s de l&rsquo;\u00e9lectronique de derni\u00e8re g\u00e9n\u00e9ration centralis\u00e9e dans le cockpit permettant un contr\u00f4le permanent des param\u00e8tres.<\/p>\n<\/div><\/div><div class=\"ult-spacer spacer-69efa346dee62\" data-id=\"69efa346dee62\" data-height=\"40\" data-height-mobile=\"40\" data-height-tab=\"40\" data-height-tab-portrait=\"\" data-height-mobile-landscape=\"\" style=\"clear:both;display:block;\"><\/div><\/div><\/div><div class=\"wpb_column vc_column_container\"><div class=\"vc_column-inner\"><\/div><\/div><\/div><\/div><\/div><div class=\"wpb_column vc_column_container us_custom_7362c48a has_bg_color\"><div class=\"vc_column-inner\"><div class=\"ult-spacer spacer-69efa346def86\" data-id=\"69efa346def86\" data-height=\"600\" data-height-mobile=\"300\" data-height-tab=\"400\" data-height-tab-portrait=\"400\" data-height-mobile-landscape=\"300\" style=\"clear:both;display:block;\"><\/div><\/div><\/div><\/div><\/div><\/section><!-- Row Backgrounds --><div class=\"upb_color\" data-bg-override=\"0\" data-bg-color=\"#f5f5f5\" data-fadeout=\"\" data-fadeout-percentage=\"30\" data-parallax-content=\"\" data-parallax-content-sense=\"30\" data-row-effect-mobile-disable=\"true\" data-img-parallax-mobile-disable=\"true\" data-rtl=\"false\"  data-custom-vc-row=\"\"  data-vc=\"8.4.1\"  data-is_old_vc=\"\"  data-theme-support=\"\"   data-overlay=\"false\" data-overlay-color=\"\" data-overlay-pattern=\"\" data-overlay-pattern-opacity=\"\" data-overlay-pattern-size=\"\"    ><\/div>\n","protected":false},"excerpt":{"rendered":"EQUIPE Notre \u00e9quipe est \u00e0 votre disposition avec nos bateaux&#8230; &#8230;depuis 15 ans ! Nick Benz Propri\u00e9taire \/ directeur g\u00e9n\u00e9ral Nick est instructeur de voile et de bateau \u00e0 moteur avec dipl\u00f4me f\u00e9d\u00e9ral AENS. Sa grande exp\u00e9rience de marin s&rsquo;est construite sur des bateaux de diff\u00e9rentes tailles sur lacs ou en haute mer. Il a...","protected":false},"author":1,"featured_media":0,"parent":0,"menu_order":0,"comment_status":"closed","ping_status":"closed","template":"","meta":{"footnotes":""},"class_list":["post-591","page","type-page","status-publish","hentry"],"yoast_head":"<!-- This site is optimized with the Yoast SEO plugin v24.9 - https:\/\/yoast.com\/wordpress\/plugins\/seo\/ -->\n<title>equipe - Nicks Wellenfieber<\/title>\n<meta name=\"robots\" content=\"index, follow, max-snippet:-1, max-image-preview:large, max-video-preview:-1\" \/>\n<link rel=\"canonical\" href=\"https:\/\/nickswellenfieber.ch\/fr\/equipe\/\" \/>\n<meta property=\"og:locale\" content=\"fr_FR\" \/>\n<meta property=\"og:type\" content=\"article\" \/>\n<meta property=\"og:title\" content=\"equipe - Nicks Wellenfieber\" \/>\n<meta property=\"og:url\" content=\"https:\/\/nickswellenfieber.ch\/fr\/equipe\/\" \/>\n<meta property=\"og:site_name\" content=\"Nicks Wellenfieber\" \/>\n<meta property=\"article:modified_time\" content=\"2025-06-25T06:22:26+00:00\" \/>\n<meta name=\"twitter:card\" content=\"summary_large_image\" \/>\n<meta name=\"twitter:label1\" content=\"Dur\u00e9e de lecture estim\u00e9e\" \/>\n\t<meta name=\"twitter:data1\" content=\"3 minutes\" \/>\n<script type=\"application\/ld+json\" class=\"yoast-schema-graph\">{\"@context\":\"https:\/\/schema.org\",\"@graph\":[{\"@type\":\"WebPage\",\"@id\":\"https:\/\/nickswellenfieber.ch\/fr\/equipe\/\",\"url\":\"https:\/\/nickswellenfieber.ch\/fr\/equipe\/\",\"name\":\"equipe - Nicks Wellenfieber\",\"isPartOf\":{\"@id\":\"https:\/\/nickswellenfieber.ch\/de\/#website\"},\"datePublished\":\"2019-05-03T12:54:44+00:00\",\"dateModified\":\"2025-06-25T06:22:26+00:00\",\"breadcrumb\":{\"@id\":\"https:\/\/nickswellenfieber.ch\/fr\/equipe\/#breadcrumb\"},\"inLanguage\":\"fr-FR\",\"potentialAction\":[{\"@type\":\"ReadAction\",\"target\":[\"https:\/\/nickswellenfieber.ch\/fr\/equipe\/\"]}]},{\"@type\":\"BreadcrumbList\",\"@id\":\"https:\/\/nickswellenfieber.ch\/fr\/equipe\/#breadcrumb\",\"itemListElement\":[{\"@type\":\"ListItem\",\"position\":1,\"name\":\"Home\",\"item\":\"https:\/\/nickswellenfieber.ch\/fr\/\"},{\"@type\":\"ListItem\",\"position\":2,\"name\":\"equipe\"}]},{\"@type\":\"WebSite\",\"@id\":\"https:\/\/nickswellenfieber.ch\/de\/#website\",\"url\":\"https:\/\/nickswellenfieber.ch\/de\/\",\"name\":\"Nicks Wellenfieber\",\"description\":\"\",\"potentialAction\":[{\"@type\":\"SearchAction\",\"target\":{\"@type\":\"EntryPoint\",\"urlTemplate\":\"https:\/\/nickswellenfieber.ch\/de\/?s={search_term_string}\"},\"query-input\":{\"@type\":\"PropertyValueSpecification\",\"valueRequired\":true,\"valueName\":\"search_term_string\"}}],\"inLanguage\":\"fr-FR\"}]}<\/script>\n<!-- \/ Yoast SEO plugin. -->","yoast_head_json":{"title":"equipe - Nicks Wellenfieber","robots":{"index":"index","follow":"follow","max-snippet":"max-snippet:-1","max-image-preview":"max-image-preview:large","max-video-preview":"max-video-preview:-1"},"canonical":"https:\/\/nickswellenfieber.ch\/fr\/equipe\/","og_locale":"fr_FR","og_type":"article","og_title":"equipe - Nicks Wellenfieber","og_url":"https:\/\/nickswellenfieber.ch\/fr\/equipe\/","og_site_name":"Nicks Wellenfieber","article_modified_time":"2025-06-25T06:22:26+00:00","twitter_card":"summary_large_image","twitter_misc":{"Dur\u00e9e de lecture estim\u00e9e":"3 minutes"},"schema":{"@context":"https:\/\/schema.org","@graph":[{"@type":"WebPage","@id":"https:\/\/nickswellenfieber.ch\/fr\/equipe\/","url":"https:\/\/nickswellenfieber.ch\/fr\/equipe\/","name":"equipe - Nicks Wellenfieber","isPartOf":{"@id":"https:\/\/nickswellenfieber.ch\/de\/#website"},"datePublished":"2019-05-03T12:54:44+00:00","dateModified":"2025-06-25T06:22:26+00:00","breadcrumb":{"@id":"https:\/\/nickswellenfieber.ch\/fr\/equipe\/#breadcrumb"},"inLanguage":"fr-FR","potentialAction":[{"@type":"ReadAction","target":["https:\/\/nickswellenfieber.ch\/fr\/equipe\/"]}]},{"@type":"BreadcrumbList","@id":"https:\/\/nickswellenfieber.ch\/fr\/equipe\/#breadcrumb","itemListElement":[{"@type":"ListItem","position":1,"name":"Home","item":"https:\/\/nickswellenfieber.ch\/fr\/"},{"@type":"ListItem","position":2,"name":"equipe"}]},{"@type":"WebSite","@id":"https:\/\/nickswellenfieber.ch\/de\/#website","url":"https:\/\/nickswellenfieber.ch\/de\/","name":"Nicks Wellenfieber","description":"","potentialAction":[{"@type":"SearchAction","target":{"@type":"EntryPoint","urlTemplate":"https:\/\/nickswellenfieber.ch\/de\/?s={search_term_string}"},"query-input":{"@type":"PropertyValueSpecification","valueRequired":true,"valueName":"search_term_string"}}],"inLanguage":"fr-FR"}]}},"_links":{"self":[{"href":"https:\/\/nickswellenfieber.ch\/fr\/wp-json\/wp\/v2\/pages\/591","targetHints":{"allow":["GET"]}}],"collection":[{"href":"https:\/\/nickswellenfieber.ch\/fr\/wp-json\/wp\/v2\/pages"}],"about":[{"href":"https:\/\/nickswellenfieber.ch\/fr\/wp-json\/wp\/v2\/types\/page"}],"author":[{"embeddable":true,"href":"https:\/\/nickswellenfieber.ch\/fr\/wp-json\/wp\/v2\/users\/1"}],"replies":[{"embeddable":true,"href":"https:\/\/nickswellenfieber.ch\/fr\/wp-json\/wp\/v2\/comments?post=591"}],"version-history":[{"count":14,"href":"https:\/\/nickswellenfieber.ch\/fr\/wp-json\/wp\/v2\/pages\/591\/revisions"}],"predecessor-version":[{"id":5731,"href":"https:\/\/nickswellenfieber.ch\/fr\/wp-json\/wp\/v2\/pages\/591\/revisions\/5731"}],"wp:attachment":[{"href":"https:\/\/nickswellenfieber.ch\/fr\/wp-json\/wp\/v2\/media?parent=591"}],"curies":[{"name":"wp","href":"https:\/\/api.w.org\/{rel}","templated":true}]}}