{"id":595,"date":"2019-05-03T15:01:07","date_gmt":"2019-05-03T13:01:07","guid":{"rendered":"https:\/\/nickswellenfieber.ch\/?page_id=595"},"modified":"2023-03-01T08:50:23","modified_gmt":"2023-03-01T07:50:23","slug":"theorie","status":"publish","type":"page","link":"https:\/\/nickswellenfieber.ch\/fr\/theorie\/","title":{"rendered":"theorie"},"content":{"rendered":"<section class=\"l-section wpb_row height_small with_img parallax_ver\"><div class=\"l-section-img\" role=\"img\" data-img-width=\"1920\" data-img-height=\"1280\" style=\"background-image: url(https:\/\/nickswellenfieber.ch\/wp-content\/uploads\/2019\/04\/theorie-jpg.jpg);background-repeat: no-repeat;\"><\/div><div class=\"l-section-h i-cf\"><div class=\"g-cols vc_row via_grid cols_1 laptops-cols_inherit tablets-cols_inherit mobiles-cols_1 valign_middle type_default stacking_default\"><div class=\"wpb_column vc_column_container us_custom_6df4bc3a has_text_color\"><div class=\"vc_column-inner\"><div class=\"ult-spacer spacer-6a070b07eade2\" data-id=\"6a070b07eade2\" data-height=\"200\" data-height-mobile=\"100\" data-height-tab=\"150\" data-height-tab-portrait=\"150\" data-height-mobile-landscape=\"100\" style=\"clear:both;display:block;\"><\/div><div class=\"g-cols wpb_row via_grid cols_2 laptops-cols_inherit tablets-cols_inherit mobiles-cols_1 valign_top type_default stacking_default\" style=\"--columns-gap:3rem;\"><div class=\"wpb_column vc_column_container headerblock\"><div class=\"vc_column-inner\"><div class=\"wpb_text_column us_custom_ce8f7e21 slidertitle\"><div class=\"wpb_wrapper\"><h1>TH\u00c9ORIE<\/h1>\n<h4>Du savoir \u00e0 la pratique.<\/h4>\n<\/div><\/div><\/div><\/div><div class=\"wpb_column vc_column_container\"><div class=\"vc_column-inner\"><\/div><\/div><\/div><div class=\"ult-spacer spacer-6a070b07eb2b7\" data-id=\"6a070b07eb2b7\" data-height=\"200\" data-height-mobile=\"100\" data-height-tab=\"150\" data-height-tab-portrait=\"150\" data-height-mobile-landscape=\"100\" style=\"clear:both;display:block;\"><\/div><\/div><\/div><\/div><\/div><\/section><section class=\"l-section wpb_row height_auto width_full\"><div class=\"l-section-h i-cf\"><div class=\"g-cols vc_row via_grid cols_2-3 laptops-cols_inherit tablets-cols_inherit mobiles-cols_1 valign_middle type_default stacking_default\"><div class=\"wpb_column vc_column_container us_custom_7b812d04 has_bg_color\"><div class=\"vc_column-inner\"><div class=\"ult-spacer spacer-6a070b07eb6a3\" data-id=\"6a070b07eb6a3\" data-height=\"600\" data-height-mobile=\"300\" data-height-tab=\"400\" data-height-tab-portrait=\"400\" data-height-mobile-landscape=\"300\" style=\"clear:both;display:block;\"><\/div><\/div><\/div><div class=\"wpb_column vc_column_container us_custom_e68a6a92\"><div class=\"vc_column-inner\"><div class=\"g-cols wpb_row via_grid cols_1-4-1 laptops-cols_inherit tablets-cols_inherit mobiles-cols_1 valign_top type_default stacking_default\" style=\"--columns-gap:3rem;\"><div class=\"wpb_column vc_column_container\"><div class=\"vc_column-inner\"><\/div><\/div><div class=\"wpb_column vc_column_container\"><div class=\"vc_column-inner\"><div class=\"wpb_text_column underlined\"><div class=\"wpb_wrapper\"><h4>Le\u00e7ons de th\u00e9orie<\/h4>\n<h2>LE\u00c7ONS DE TH\u00c9ORIE<\/h2>\n<p>Vous avez la possibilit\u00e9 de vous pr\u00e9parer de fa\u00e7on autonome et didactique \u00e0 la th\u00e9orie pour les permis A \/ D avec notre programme d&rsquo;apprentissage. Le mat\u00e9riel professionnel, disponible sur CD et en App, peut \u00eatre obtenu \u00e0 prix pr\u00e9f\u00e9rentiel directement chez Nicks Wellenfieber.<\/p>\n<p>Nous vous fournissons \u00e9galement tous les documents n\u00e9cessaires, et vous aidons \u00e0 les remplir, pour obtenir le permis provisoire aupr\u00e8s de l&rsquo;office de navigation.<\/p>\n<\/div><\/div><div class=\"w-btn-wrapper align_none\"><a class=\"w-btn us-btn-style_1 us_custom_83cc8386 gradientbutton\" title=\"Segelschule\" href=\"\/fr\/theorie\/cours-theorique\/\"><span class=\"w-btn-label\">Plus!<\/span><\/a><\/div><\/div><\/div><div class=\"wpb_column vc_column_container\"><div class=\"vc_column-inner\"><\/div><\/div><\/div><\/div><\/div><\/div><\/div><\/section><!-- Row Backgrounds --><div class=\"upb_color\" data-bg-override=\"0\" data-bg-color=\"\" data-fadeout=\"\" data-fadeout-percentage=\"30\" data-parallax-content=\"\" data-parallax-content-sense=\"30\" data-row-effect-mobile-disable=\"true\" data-img-parallax-mobile-disable=\"true\" data-rtl=\"false\"  data-custom-vc-row=\"\"  data-vc=\"8.4.1\"  data-is_old_vc=\"\"  data-theme-support=\"\"   data-overlay=\"false\" data-overlay-color=\"\" data-overlay-pattern=\"\" data-overlay-pattern-opacity=\"\" data-overlay-pattern-size=\"\"    ><\/div><section class=\"l-section wpb_row height_auto width_full\"><div class=\"l-section-h i-cf\"><div class=\"g-cols vc_row via_grid cols_3-2 laptops-cols_inherit tablets-cols_inherit mobiles-cols_1 valign_middle type_default reversed stacking_default\"><div class=\"wpb_column vc_column_container us_custom_3a923bd6\"><div class=\"vc_column-inner\"><div class=\"g-cols wpb_row via_grid cols_1-4-1 laptops-cols_inherit tablets-cols_inherit mobiles-cols_1 valign_top type_default stacking_default\" style=\"--columns-gap:3rem;\"><div class=\"wpb_column vc_column_container\"><div class=\"vc_column-inner\"><\/div><\/div><div class=\"wpb_column vc_column_container\"><div class=\"vc_column-inner\"><div class=\"wpb_text_column underlined\"><div class=\"wpb_wrapper\"><h4>Le\u00e7ons de th\u00e9orie<\/h4>\n<h2>TH\u00c9ORIE POUR LA HAUTE MER<\/h2>\n<p>Vous avez la possibilit\u00e9 de vous pr\u00e9parer de fa\u00e7on autonome et didactique \u00e0 la th\u00e9orie pour les permis haute mer B avec notre programme d&rsquo;apprentissage qui inclus les cartes et les questions-r\u00e9ponses. Le mat\u00e9riel professionnel, peut \u00eatre obtenu \u00e0 prix pr\u00e9f\u00e9rentiel directement chez Nicks Wellenfieber. En outre nous donnons des le\u00e7ons particuli\u00e8res.<\/p>\n<p>Les cours sont prodigu\u00e9s par Nick Benz.<\/p>\n<\/div><\/div><div class=\"w-btn-wrapper align_none\"><a class=\"w-btn us-btn-style_1 us_custom_83cc8386 gradientbutton\" title=\"Segelschule\" href=\"\/fr\/theorie\/theorie-de-haute-mer\/\"><span class=\"w-btn-label\">Plus!<\/span><\/a><\/div><\/div><\/div><div class=\"wpb_column vc_column_container\"><div class=\"vc_column-inner\"><\/div><\/div><\/div><\/div><\/div><div class=\"wpb_column vc_column_container us_custom_c1a87290 has_bg_color\"><div class=\"vc_column-inner\"><div class=\"ult-spacer spacer-6a070b07ec19a\" data-id=\"6a070b07ec19a\" data-height=\"600\" data-height-mobile=\"300\" data-height-tab=\"400\" data-height-tab-portrait=\"400\" data-height-mobile-landscape=\"300\" style=\"clear:both;display:block;\"><\/div><\/div><\/div><\/div><\/div><\/section><!-- Row Backgrounds --><div class=\"upb_color\" data-bg-override=\"0\" data-bg-color=\"#f5f5f5\" data-fadeout=\"\" data-fadeout-percentage=\"30\" data-parallax-content=\"\" data-parallax-content-sense=\"30\" data-row-effect-mobile-disable=\"true\" data-img-parallax-mobile-disable=\"true\" data-rtl=\"false\"  data-custom-vc-row=\"\"  data-vc=\"8.4.1\"  data-is_old_vc=\"\"  data-theme-support=\"\"   data-overlay=\"false\" data-overlay-color=\"\" data-overlay-pattern=\"\" data-overlay-pattern-opacity=\"\" data-overlay-pattern-size=\"\"    ><\/div><section class=\"l-section wpb_row height_auto width_full\"><div class=\"l-section-h i-cf\"><div class=\"g-cols vc_row via_grid cols_2-3 laptops-cols_inherit tablets-cols_inherit mobiles-cols_1 valign_middle type_default stacking_default\"><div class=\"wpb_column vc_column_container us_custom_ec796695 has_bg_color\"><div class=\"vc_column-inner\"><div class=\"ult-spacer spacer-6a070b07ec313\" data-id=\"6a070b07ec313\" data-height=\"600\" data-height-mobile=\"300\" data-height-tab=\"400\" data-height-tab-portrait=\"400\" data-height-mobile-landscape=\"300\" style=\"clear:both;display:block;\"><\/div><\/div><\/div><div class=\"wpb_column vc_column_container us_custom_e68a6a92\"><div class=\"vc_column-inner\"><div class=\"g-cols wpb_row via_grid cols_1-4-1 laptops-cols_inherit tablets-cols_inherit mobiles-cols_1 valign_top type_default stacking_default\" style=\"--columns-gap:3rem;\"><div class=\"wpb_column vc_column_container\"><div class=\"vc_column-inner\"><\/div><\/div><div class=\"wpb_column vc_column_container\"><div class=\"vc_column-inner\"><div class=\"wpb_text_column underlined\"><div class=\"wpb_wrapper\"><h4>Le\u00e7ons de th\u00e9orie<\/h4>\n<h2>TH\u00c9ORIE RADIO<\/h2>\n<p>SRC signifie Short Range Certificat. Dans ce cours vous apprendrez le maniement d\u2019une radio en mer.<\/p>\n<\/div><\/div><div class=\"w-btn-wrapper align_none\"><a class=\"w-btn us-btn-style_1 us_custom_83cc8386 gradientbutton\" title=\"Segelschule\" href=\"\/fr\/theorie\/theorie-radio\/\"><span class=\"w-btn-label\">Plus!<\/span><\/a><\/div><\/div><\/div><div class=\"wpb_column vc_column_container\"><div class=\"vc_column-inner\"><\/div><\/div><\/div><\/div><\/div><\/div><\/div><\/section><!-- Row Backgrounds --><div class=\"upb_color\" data-bg-override=\"0\" data-bg-color=\"\" data-fadeout=\"\" data-fadeout-percentage=\"30\" data-parallax-content=\"\" data-parallax-content-sense=\"30\" data-row-effect-mobile-disable=\"true\" data-img-parallax-mobile-disable=\"true\" data-rtl=\"false\"  data-custom-vc-row=\"\"  data-vc=\"8.4.1\"  data-is_old_vc=\"\"  data-theme-support=\"\"   data-overlay=\"false\" data-overlay-color=\"\" data-overlay-pattern=\"\" data-overlay-pattern-opacity=\"\" data-overlay-pattern-size=\"\"    ><\/div>\n","protected":false},"excerpt":{"rendered":"TH\u00c9ORIE Du savoir \u00e0 la pratique. Le\u00e7ons de th\u00e9orie LE\u00c7ONS DE TH\u00c9ORIE Vous avez la possibilit\u00e9 de vous pr\u00e9parer de fa\u00e7on autonome et didactique \u00e0 la th\u00e9orie pour les permis A \/ D avec notre programme d&rsquo;apprentissage. Le mat\u00e9riel professionnel, disponible sur CD et en App, peut \u00eatre obtenu \u00e0 prix pr\u00e9f\u00e9rentiel directement chez Nicks...","protected":false},"author":1,"featured_media":0,"parent":0,"menu_order":0,"comment_status":"closed","ping_status":"closed","template":"","meta":{"footnotes":""},"class_list":["post-595","page","type-page","status-publish","hentry"],"yoast_head":"<!-- This site is optimized with the Yoast SEO plugin v24.9 - https:\/\/yoast.com\/wordpress\/plugins\/seo\/ -->\n<title>th\u00e9orie chez Nicks Wellenfieber \u00e0 Bienne<\/title>\n<meta name=\"description\" content=\"Vous avez la possibilit\u00e9 de vous pr\u00e9parerde fa\u00e7on autonome et didactique \u00e0 la th\u00e9orie pour les permis A \/ D avec notreprogramme d&#039;apprentissage.\" \/>\n<meta name=\"robots\" content=\"index, follow, max-snippet:-1, max-image-preview:large, max-video-preview:-1\" \/>\n<link rel=\"canonical\" href=\"https:\/\/nickswellenfieber.ch\/de\/theorie\/\" \/>\n<meta property=\"og:locale\" content=\"fr_FR\" \/>\n<meta property=\"og:type\" content=\"article\" \/>\n<meta property=\"og:title\" content=\"th\u00e9orie chez Nicks Wellenfieber \u00e0 Bienne\" \/>\n<meta property=\"og:description\" content=\"Vous avez la possibilit\u00e9 de vous pr\u00e9parerde fa\u00e7on autonome et didactique \u00e0 la th\u00e9orie pour les permis A \/ D avec notreprogramme d&#039;apprentissage.\" \/>\n<meta property=\"og:url\" content=\"https:\/\/nickswellenfieber.ch\/de\/theorie\/\" \/>\n<meta property=\"og:site_name\" content=\"Nicks Wellenfieber\" \/>\n<meta property=\"article:modified_time\" content=\"2023-03-01T07:50:23+00:00\" \/>\n<meta name=\"twitter:card\" content=\"summary_large_image\" \/>\n<meta name=\"twitter:label1\" content=\"Dur\u00e9e de lecture estim\u00e9e\" \/>\n\t<meta name=\"twitter:data1\" content=\"4 minutes\" \/>\n<script type=\"application\/ld+json\" class=\"yoast-schema-graph\">{\"@context\":\"https:\/\/schema.org\",\"@graph\":[{\"@type\":\"WebPage\",\"@id\":\"https:\/\/nickswellenfieber.ch\/de\/theorie\/\",\"url\":\"https:\/\/nickswellenfieber.ch\/de\/theorie\/\",\"name\":\"th\u00e9orie chez Nicks Wellenfieber \u00e0 Bienne\",\"isPartOf\":{\"@id\":\"https:\/\/nickswellenfieber.ch\/de\/#website\"},\"datePublished\":\"2019-05-03T13:01:07+00:00\",\"dateModified\":\"2023-03-01T07:50:23+00:00\",\"description\":\"Vous avez la possibilit\u00e9 de vous pr\u00e9parerde fa\u00e7on autonome et didactique \u00e0 la th\u00e9orie pour les permis A \/ D avec notreprogramme d'apprentissage.\",\"breadcrumb\":{\"@id\":\"https:\/\/nickswellenfieber.ch\/de\/theorie\/#breadcrumb\"},\"inLanguage\":\"fr-FR\",\"potentialAction\":[{\"@type\":\"ReadAction\",\"target\":[\"https:\/\/nickswellenfieber.ch\/de\/theorie\/\"]}]},{\"@type\":\"BreadcrumbList\",\"@id\":\"https:\/\/nickswellenfieber.ch\/de\/theorie\/#breadcrumb\",\"itemListElement\":[{\"@type\":\"ListItem\",\"position\":1,\"name\":\"Home\",\"item\":\"https:\/\/nickswellenfieber.ch\/fr\/\"},{\"@type\":\"ListItem\",\"position\":2,\"name\":\"theorie\"}]},{\"@type\":\"WebSite\",\"@id\":\"https:\/\/nickswellenfieber.ch\/de\/#website\",\"url\":\"https:\/\/nickswellenfieber.ch\/de\/\",\"name\":\"Nicks Wellenfieber\",\"description\":\"\",\"potentialAction\":[{\"@type\":\"SearchAction\",\"target\":{\"@type\":\"EntryPoint\",\"urlTemplate\":\"https:\/\/nickswellenfieber.ch\/de\/?s={search_term_string}\"},\"query-input\":{\"@type\":\"PropertyValueSpecification\",\"valueRequired\":true,\"valueName\":\"search_term_string\"}}],\"inLanguage\":\"fr-FR\"}]}<\/script>\n<!-- \/ Yoast SEO plugin. -->","yoast_head_json":{"title":"th\u00e9orie chez Nicks Wellenfieber \u00e0 Bienne","description":"Vous avez la possibilit\u00e9 de vous pr\u00e9parerde fa\u00e7on autonome et didactique \u00e0 la th\u00e9orie pour les permis A \/ D avec notreprogramme d'apprentissage.","robots":{"index":"index","follow":"follow","max-snippet":"max-snippet:-1","max-image-preview":"max-image-preview:large","max-video-preview":"max-video-preview:-1"},"canonical":"https:\/\/nickswellenfieber.ch\/de\/theorie\/","og_locale":"fr_FR","og_type":"article","og_title":"th\u00e9orie chez Nicks Wellenfieber \u00e0 Bienne","og_description":"Vous avez la possibilit\u00e9 de vous pr\u00e9parerde fa\u00e7on autonome et didactique \u00e0 la th\u00e9orie pour les permis A \/ D avec notreprogramme d'apprentissage.","og_url":"https:\/\/nickswellenfieber.ch\/de\/theorie\/","og_site_name":"Nicks Wellenfieber","article_modified_time":"2023-03-01T07:50:23+00:00","twitter_card":"summary_large_image","twitter_misc":{"Dur\u00e9e de lecture estim\u00e9e":"4 minutes"},"schema":{"@context":"https:\/\/schema.org","@graph":[{"@type":"WebPage","@id":"https:\/\/nickswellenfieber.ch\/de\/theorie\/","url":"https:\/\/nickswellenfieber.ch\/de\/theorie\/","name":"th\u00e9orie chez Nicks Wellenfieber \u00e0 Bienne","isPartOf":{"@id":"https:\/\/nickswellenfieber.ch\/de\/#website"},"datePublished":"2019-05-03T13:01:07+00:00","dateModified":"2023-03-01T07:50:23+00:00","description":"Vous avez la possibilit\u00e9 de vous pr\u00e9parerde fa\u00e7on autonome et didactique \u00e0 la th\u00e9orie pour les permis A \/ D avec notreprogramme d'apprentissage.","breadcrumb":{"@id":"https:\/\/nickswellenfieber.ch\/de\/theorie\/#breadcrumb"},"inLanguage":"fr-FR","potentialAction":[{"@type":"ReadAction","target":["https:\/\/nickswellenfieber.ch\/de\/theorie\/"]}]},{"@type":"BreadcrumbList","@id":"https:\/\/nickswellenfieber.ch\/de\/theorie\/#breadcrumb","itemListElement":[{"@type":"ListItem","position":1,"name":"Home","item":"https:\/\/nickswellenfieber.ch\/fr\/"},{"@type":"ListItem","position":2,"name":"theorie"}]},{"@type":"WebSite","@id":"https:\/\/nickswellenfieber.ch\/de\/#website","url":"https:\/\/nickswellenfieber.ch\/de\/","name":"Nicks Wellenfieber","description":"","potentialAction":[{"@type":"SearchAction","target":{"@type":"EntryPoint","urlTemplate":"https:\/\/nickswellenfieber.ch\/de\/?s={search_term_string}"},"query-input":{"@type":"PropertyValueSpecification","valueRequired":true,"valueName":"search_term_string"}}],"inLanguage":"fr-FR"}]}},"_links":{"self":[{"href":"https:\/\/nickswellenfieber.ch\/fr\/wp-json\/wp\/v2\/pages\/595","targetHints":{"allow":["GET"]}}],"collection":[{"href":"https:\/\/nickswellenfieber.ch\/fr\/wp-json\/wp\/v2\/pages"}],"about":[{"href":"https:\/\/nickswellenfieber.ch\/fr\/wp-json\/wp\/v2\/types\/page"}],"author":[{"embeddable":true,"href":"https:\/\/nickswellenfieber.ch\/fr\/wp-json\/wp\/v2\/users\/1"}],"replies":[{"embeddable":true,"href":"https:\/\/nickswellenfieber.ch\/fr\/wp-json\/wp\/v2\/comments?post=595"}],"version-history":[{"count":5,"href":"https:\/\/nickswellenfieber.ch\/fr\/wp-json\/wp\/v2\/pages\/595\/revisions"}],"predecessor-version":[{"id":1315,"href":"https:\/\/nickswellenfieber.ch\/fr\/wp-json\/wp\/v2\/pages\/595\/revisions\/1315"}],"wp:attachment":[{"href":"https:\/\/nickswellenfieber.ch\/fr\/wp-json\/wp\/v2\/media?parent=595"}],"curies":[{"name":"wp","href":"https:\/\/api.w.org\/{rel}","templated":true}]}}